{"id":98723,"date":"2025-06-23T21:46:05","date_gmt":"2025-06-23T18:46:05","guid":{"rendered":"https:\/\/shop.hator.gg\/?post_type=product&#038;p=98723"},"modified":"2026-04-01T00:12:56","modified_gmt":"2026-03-31T21:12:56","slug":"hator-tonn-esport-monte-edition-3xl-htp044","status":"publish","type":"product","link":"https:\/\/shop.hator.gg\/ua\/mousepads\/hator-tonn-esport-monte-edition-3xl-htp044\/","title":{"rendered":"HATOR Tonn eSport Monte Edition 3XL (HTP044)"},"content":{"rendered":"","protected":false},"excerpt":{"rendered":"[show_any_info_btn hatordomen=\"https:\/\/hator.gg\" link=\"\/mousepads\/\/tonn-esport-monte\" descua=\"\u041b\u0456\u043c\u0456\u0442\u043e\u0432\u0430\u043d\u0430 \u0456\u0433\u0440\u043e\u0432\u0430 \u043f\u043e\u0432\u0435\u0440\u0445\u043d\u044fTonn eSport \u0437 \u0441\u0442\u0438\u043b\u044c\u043d\u0438\u043c \u0434\u0438\u0437\u0430\u0439\u043d\u043e\u043c, \u043d\u0430\u0442\u0445\u043d\u0435\u043d\u043d\u0438\u043c \u0441\u0432\u0456\u0442\u043e\u043c \u043f\u0440\u043e\u0444\u0435\u0441\u0456\u0439\u043d\u0438\u0445 \u0433\u0435\u0439\u043c\u0435\u0440\u0456\u0432, \u0440\u043e\u0437\u0440\u043e\u0431\u043b\u0435\u043d\u0430 \u0441\u043f\u0456\u043b\u044c\u043d\u043e \u0437 \u043a\u0456\u0431\u0435\u0440\u0441\u043f\u043e\u0440\u0442\u0438\u0432\u043d\u043e\u044e \u043e\u0440\u0433\u0430\u043d\u0456\u0437\u0430\u0446\u0456\u0454\u044e Monte eSports.\" descru=\"\u041b\u0456\u043c\u0456\u0442\u043e\u0432\u0430\u043d\u0430 \u0456\u0433\u0440\u043e\u0432\u0430 \u043f\u043e\u0432\u0435\u0440\u0445\u043d\u044fTonn eSport \u0437 \u0441\u0442\u0438\u043b\u044c\u043d\u0438\u043c \u0434\u0438\u0437\u0430\u0439\u043d\u043e\u043c, \u043d\u0430\u0442\u0445\u043d\u0435\u043d\u043d\u0438\u043c \u0441\u0432\u0456\u0442\u043e\u043c \u043f\u0440\u043e\u0444\u0435\u0441\u0456\u0439\u043d\u0438\u0445 \u0433\u0435\u0439\u043c\u0435\u0440\u0456\u0432, \u0440\u043e\u0437\u0440\u043e\u0431\u043b\u0435\u043d\u0430 \u0441\u043f\u0456\u043b\u044c\u043d\u043e \u0437 \u043a\u0456\u0431\u0435\u0440\u0441\u043f\u043e\u0440\u0442\u0438\u0432\u043d\u043e\u044e \u043e\u0440\u0433\u0430\u043d\u0456\u0437\u0430\u0446\u0456\u0454\u044e Monte eSports.\" descde=\"Die limitierte Tonn eSport-Gamingoberfl\u00e4che mit stilvollem Design, inspiriert von der Welt der professionellen Gamer, wurde in Zusammenarbeit mit der eSport-Organisation Monte eSports entwickelt.\" descen=\"The limited-edition Tonn eSport gaming surface with a stylish design inspired by the world of professional gamers was developed in collaboration with eSports organization Monte eSports.\" descpl=\"Limitowana edycja powierzchni do gier Tonn eSport o stylowym wygl\u0105dzie inspirowanym \u015bwiatem profesjonalnych graczy zosta\u0142a opracowana we wsp\u00f3\u0142pracy z organizacj\u0105 e-sportow\u0105 Monte eSports.\"]","protected":false},"featured_media":98725,"template":"","meta":[],"translation":{"provider":"WPGlobus","version":"2.5.11","language":"ua","enabled_languages":["en","ua","de","pl"],"languages":{"en":{"title":true,"content":false,"excerpt":true},"ua":{"title":false,"content":false,"excerpt":false},"de":{"title":false,"content":false,"excerpt":false},"pl":{"title":false,"content":false,"excerpt":false}}},"aioseo_notices":[],"_links":{"self":[{"href":"https:\/\/shop.hator.gg\/ua\/wp-json\/wp\/v2\/product\/98723"}],"collection":[{"href":"https:\/\/shop.hator.gg\/ua\/wp-json\/wp\/v2\/product"}],"about":[{"href":"https:\/\/shop.hator.gg\/ua\/wp-json\/wp\/v2\/types\/product"}],"wp:featuredmedia":[{"embeddable":true,"href":"https:\/\/shop.hator.gg\/ua\/wp-json\/wp\/v2\/media\/98725"}],"wp:attachment":[{"href":"https:\/\/shop.hator.gg\/ua\/wp-json\/wp\/v2\/media?parent=98723"}],"curies":[{"name":"wp","href":"https:\/\/api.w.org\/{rel}","templated":true}]}}