{"id":90099,"date":"2025-03-03T20:47:42","date_gmt":"2025-03-03T17:47:42","guid":{"rendered":"https:\/\/shop.hator.gg\/?post_type=product&#038;p=90099"},"modified":"2026-03-25T17:10:45","modified_gmt":"2026-03-25T14:10:45","slug":"hator-arc-2-xl-htc2001-white","status":"publish","type":"product","link":"https:\/\/shop.hator.gg\/ua\/chairs\/hator-arc-2-xl-htc2001-white\/","title":{"rendered":"HATOR Arc 2 XL (HTC2001) White"},"content":{"rendered":"","protected":false},"excerpt":{"rendered":"[show_any_info_btn hatordomen=\"https:\/\/hator.gg\" link=\"\/gaming-chairs\/arc-2\/\" descua=\"\u041a\u0440\u0456\u0441\u043b\u043e Arc 2 XL \u0441\u0442\u0430\u043d\u0435 \u0456\u0434\u0435\u0430\u043b\u044c\u043d\u0438\u043c \u0434\u043e\u043f\u043e\u0432\u043d\u0435\u043d\u043d\u044f\u043c \u0441\u0443\u0447\u0430\u0441\u043d\u043e\u0433\u043e \u0440\u043e\u0431\u043e\u0447\u043e\u0433\u043e \u043c\u0456\u0441\u0446\u044f. \u0427\u0443\u0434\u043e\u0432\u0430 \u0435\u0440\u0433\u043e\u043d\u043e\u043c\u0456\u043a\u0430, \u043d\u0430\u0434\u0456\u0439\u043d\u0430 \u043a\u043e\u043d\u0441\u0442\u0440\u0443\u043a\u0446\u0456\u044f \u0442\u0430 \u0442\u0435\u0445\u043d\u043e\u043b\u043e\u0433\u0456\u0447\u043d\u0456\u0441\u0442\u044c \u043a\u0440\u0456\u0441\u043b\u0430 \u043f\u043e\u0434\u0430\u0440\u0443\u044e\u0442\u044c \u0432\u0430\u043c \u043a\u043e\u043c\u0444\u043e\u0440\u0442, \u0434\u043e\u0440\u0435\u0447\u043d\u0438\u0439 \u044f\u043a \u0434\u043b\u044f \u0440\u043e\u0431\u043e\u0442\u0438, \u0442\u0430\u043a \u0456 \u0434\u043b\u044f \u0456\u0433\u0440\u043e\u0432\u0438\u0445 \u0441\u0435\u0441\u0456\u0439.\" descru=\"\u041a\u0440\u0456\u0441\u043b\u043e Arc 2 XL \u0441\u0442\u0430\u043d\u0435 \u0456\u0434\u0435\u0430\u043b\u044c\u043d\u0438\u043c \u0434\u043e\u043f\u043e\u0432\u043d\u0435\u043d\u043d\u044f\u043c \u0441\u0443\u0447\u0430\u0441\u043d\u043e\u0433\u043e \u0440\u043e\u0431\u043e\u0447\u043e\u0433\u043e \u043c\u0456\u0441\u0446\u044f. \u0427\u0443\u0434\u043e\u0432\u0430 \u0435\u0440\u0433\u043e\u043d\u043e\u043c\u0456\u043a\u0430, \u043d\u0430\u0434\u0456\u0439\u043d\u0430 \u043a\u043e\u043d\u0441\u0442\u0440\u0443\u043a\u0446\u0456\u044f \u0442\u0430 \u0442\u0435\u0445\u043d\u043e\u043b\u043e\u0433\u0456\u0447\u043d\u0456\u0441\u0442\u044c \u043a\u0440\u0456\u0441\u043b\u0430 \u043f\u043e\u0434\u0430\u0440\u0443\u044e\u0442\u044c \u0432\u0430\u043c \u043a\u043e\u043c\u0444\u043e\u0440\u0442, \u0434\u043e\u0440\u0435\u0447\u043d\u0438\u0439 \u044f\u043a \u0434\u043b\u044f \u0440\u043e\u0431\u043e\u0442\u0438, \u0442\u0430\u043a \u0456 \u0434\u043b\u044f \u0456\u0433\u0440\u043e\u0432\u0438\u0445 \u0441\u0435\u0441\u0456\u0439.\" descen=\"The Arc 2 XL chair is the perfect addition to a modern workspace. Its excellent ergonomics, durable construction, and advanced features provide comfort suitable for both work and gaming sessions.\" descde=\"Der Arc 2 XL Stuhl ist die ideale Erg\u00e4nzung f\u00fcr einen modernen Arbeitsplatz. Seine hervorragende Ergonomie, robuste Konstruktion und fortschrittliche Funktionen bieten Komfort, der sowohl f\u00fcr die Arbeit als auch f\u00fcr Gaming-Sessions geeignet ist.\" descpl=\"Krzes\u0142o Arc 2 XL to idealne uzupe\u0142nienie nowoczesnego miejsca pracy. Doskona\u0142a ergonomia, solidna konstrukcja i zaawansowane funkcje zapewniaj\u0105 komfort odpowiedni zar\u00f3wno do pracy, jak i sesji gamingowych.\"]","protected":false},"featured_media":90091,"template":"","meta":[],"translation":{"provider":"WPGlobus","version":"2.5.11","language":"ua","enabled_languages":["en","ua","de","pl"],"languages":{"en":{"title":true,"content":false,"excerpt":true},"ua":{"title":false,"content":false,"excerpt":false},"de":{"title":false,"content":false,"excerpt":false},"pl":{"title":false,"content":false,"excerpt":false}}},"aioseo_notices":[],"_links":{"self":[{"href":"https:\/\/shop.hator.gg\/ua\/wp-json\/wp\/v2\/product\/90099"}],"collection":[{"href":"https:\/\/shop.hator.gg\/ua\/wp-json\/wp\/v2\/product"}],"about":[{"href":"https:\/\/shop.hator.gg\/ua\/wp-json\/wp\/v2\/types\/product"}],"wp:featuredmedia":[{"embeddable":true,"href":"https:\/\/shop.hator.gg\/ua\/wp-json\/wp\/v2\/media\/90091"}],"wp:attachment":[{"href":"https:\/\/shop.hator.gg\/ua\/wp-json\/wp\/v2\/media?parent=90099"}],"curies":[{"name":"wp","href":"https:\/\/api.w.org\/{rel}","templated":true}]}}