{"id":64812,"date":"2024-07-02T16:37:05","date_gmt":"2024-07-02T13:37:05","guid":{"rendered":"https:\/\/shop.hator.gg\/?post_type=product&#038;p=64812"},"modified":"2026-03-25T17:00:01","modified_gmt":"2026-03-25T14:00:01","slug":"hator-hypergang-2-wireless-hta-950-black","status":"publish","type":"product","link":"https:\/\/shop.hator.gg\/ua\/headsets\/hator-hypergang-2-wireless-hta-950-black\/","title":{"rendered":"Hator Hypergang 2 Wireless (HTA-950) Black"},"content":{"rendered":"","protected":false},"excerpt":{"rendered":"[show_any_info_btn hatordomen=\"https:\/\/hator.gg\" link=\"\/audio\/hypergang-2-wireless-tri-mode\" descua=\"HATOR Hypergang 2 Wireless \u2013 \u0456\u0433\u0440\u043e\u0432\u0430 \u0433\u0430\u0440\u043d\u0456\u0442\u0443\u0440\u0430, \u044f\u043a\u0430 \u0437\u0430\u0432\u0436\u0434\u0438 \u0437 \u0442\u043e\u0431\u043e\u044e. \u0422\u0440\u0438 \u0442\u0438\u043f\u0438 \u043f\u0456\u0434\u043a\u043b\u044e\u0447\u0435\u043d\u043d\u044f, \u0434\u043e\u0441\u0442\u0443\u043f\u043d\u0456 \u0432 \u0433\u0430\u0440\u043d\u0456\u0442\u0443\u0440\u0456, \u0434\u043e\u0437\u0432\u043e\u043b\u0438\u0442\u044c \u0432\u0438\u043a\u043e\u0440\u0438\u0441\u0442\u043e\u0432\u0443\u0432\u0430\u0442\u0438 \u0457\u0457 \u0432 \u0440\u0456\u0437\u043d\u0438\u0445 \u0443\u043c\u043e\u0432\u0430\u0445, \u0442\u0430 \u0437 \u0440\u0456\u0437\u043d\u0438\u043c\u0438 \u043f\u0440\u0438\u0441\u0442\u0440\u043e\u044f\u043c\u0438...\" descru=\"HATOR Hypergang 2 Wireless \u2013 \u0456\u0433\u0440\u043e\u0432\u0430 \u0433\u0430\u0440\u043d\u0456\u0442\u0443\u0440\u0430, \u044f\u043a\u0430 \u0437\u0430\u0432\u0436\u0434\u0438 \u0437 \u0442\u043e\u0431\u043e\u044e. \u0422\u0440\u0438 \u0442\u0438\u043f\u0438 \u043f\u0456\u0434\u043a\u043b\u044e\u0447\u0435\u043d\u043d\u044f, \u0434\u043e\u0441\u0442\u0443\u043f\u043d\u0456 \u0432 \u0433\u0430\u0440\u043d\u0456\u0442\u0443\u0440\u0456, \u0434\u043e\u0437\u0432\u043e\u043b\u0438\u0442\u044c \u0432\u0438\u043a\u043e\u0440\u0438\u0441\u0442\u043e\u0432\u0443\u0432\u0430\u0442\u0438 \u0457\u0457 \u0432 \u0440\u0456\u0437\u043d\u0438\u0445 \u0443\u043c\u043e\u0432\u0430\u0445, \u0442\u0430 \u0437 \u0440\u0456\u0437\u043d\u0438\u043c\u0438 \u043f\u0440\u0438\u0441\u0442\u0440\u043e\u044f\u043c\u0438...\" descen=\"HATOR Hypergang 2 Wireless is a gaming headset that is always at your fingertips. The three types of connection available in the headset allow you to use it in a variety of circumstances and with different devices...\" descde=\"HATOR Hypergang 2 Wireless ist ein Gaming-Headset, das immer zur Hand ist. Dank der drei verf\u00fcgbaren Verbindungsarten k\u00f6nnen Sie das Headset in verschiedenen Umgebungen und mit unterschiedlichen Ger\u00e4ten verwenden...\" descpl=\"HATOR Hypergang 2 Wireless to zestaw s\u0142uchawkowy do gier, kt\u00f3ry jest zawsze z Tob\u0105. Trzy rodzaje po\u0142\u0105cze\u0144 dost\u0119pne w zestawie s\u0142uchawkowym pozwol\u0105 na korzystanie z niego w r\u00f3\u017cnych warunkach i z r\u00f3\u017cnymi urz\u0105dzeniami...\"]","protected":false},"featured_media":28265,"template":"","meta":[],"translation":{"provider":"WPGlobus","version":"2.5.11","language":"ua","enabled_languages":["en","ua","de","pl"],"languages":{"en":{"title":true,"content":false,"excerpt":true},"ua":{"title":false,"content":false,"excerpt":false},"de":{"title":false,"content":false,"excerpt":false},"pl":{"title":false,"content":false,"excerpt":false}}},"aioseo_notices":[],"_links":{"self":[{"href":"https:\/\/shop.hator.gg\/ua\/wp-json\/wp\/v2\/product\/64812"}],"collection":[{"href":"https:\/\/shop.hator.gg\/ua\/wp-json\/wp\/v2\/product"}],"about":[{"href":"https:\/\/shop.hator.gg\/ua\/wp-json\/wp\/v2\/types\/product"}],"wp:featuredmedia":[{"embeddable":true,"href":"https:\/\/shop.hator.gg\/ua\/wp-json\/wp\/v2\/media\/28265"}],"wp:attachment":[{"href":"https:\/\/shop.hator.gg\/ua\/wp-json\/wp\/v2\/media?parent=64812"}],"curies":[{"name":"wp","href":"https:\/\/api.w.org\/{rel}","templated":true}]}}