{"id":57228,"date":"2024-04-12T14:03:15","date_gmt":"2024-04-12T11:03:15","guid":{"rendered":"https:\/\/shop.hator.gg\/?post_type=product&#038;p=57228"},"modified":"2024-04-23T13:20:43","modified_gmt":"2024-04-23T10:20:43","slug":"proteinmemory-foam-ear-cushions-for-hator-hyperpunk-2-acc-111","status":"publish","type":"product","link":"https:\/\/shop.hator.gg\/ua\/accessories\/proteinmemory-foam-ear-cushions-for-hator-hyperpunk-2-acc-111\/","title":{"rendered":"\u0410\u043c\u0431\u0443\u0448\u044e\u0440\u0438 Fabric+memory foam \u0434\u043e HATOR Hyperpunk 2 (ACC-110)"},"content":{"rendered":"","protected":false},"excerpt":{"rendered":"[show_any_info_btn hatordomen=\"https:\/\/hator.gg\" link=\"\/accessories\/audio-accessories\/protein-ear-cushions-for-hator-hyperpunk\/\" descua=\"\u0415\u0440\u0433\u043e\u043d\u043e\u043c\u0456\u0447\u043d\u0456 \u0430\u043c\u0431\u0443\u0448\u0443\u0440\u0438 \u0437 \u043f\u0440\u043e\u0442\u0435\u0457\u043d\u043e\u0432\u043e\u0457 \u0448\u043a\u0456\u0440\u0438 \u0442\u0430 \u0441\u043f\u0435\u0446\u0456\u0430\u043b\u044c\u043d\u043e\u0457 \u043f\u0456\u043d\u0438 \u0437 \u0435\u0444\u0435\u043a\u0442\u043e\u043c \u043f\u0430\u043c\u2019\u044f\u0442\u0456 \u0434\u043b\u044f \u043a\u043e\u043c\u0444\u043e\u0440\u0442\u043d\u043e\u0433\u043e \u0432\u0438\u043a\u043e\u0440\u0438\u0441\u0442\u0430\u043d\u043d\u044f. \u041c\u2019\u044f\u043a\u0456 \u0430\u043c\u0431\u0443\u0448\u044e\u0440\u0438 \u0437\u0430\u0431\u0435\u0437\u043f\u0435\u0447\u0443\u044e\u0442\u044c \u0432\u0456\u0434\u043c\u0456\u043d\u043d\u0443 \u043f\u0430\u0441\u0438\u0432\u043d\u0443 \u0437\u0432\u0443\u043a\u043e\u0456\u0437\u043e\u043b\u044f\u0446\u0456\u044e \u0456 \u0437\u0440\u0443\u0447\u043d\u0443 \u043f\u043e\u0441\u0430\u0434\u043a\u0443. \u0406\u0434\u0435\u0430\u043b\u044c\u043d\u043e \u0434\u043b\u044f \u0434\u043e\u0432\u0433\u0438\u0445 \u0456\u0433\u0440\u043e\u0432\u0438\u0445 \u0441\u0435\u0441\u0456\u0439!\" descru=\"\u0415\u0440\u0433\u043e\u043d\u043e\u043c\u0456\u0447\u043d\u0456 \u0430\u043c\u0431\u0443\u0448\u0443\u0440\u0438 \u0437 \u043f\u0440\u043e\u0442\u0435\u0457\u043d\u043e\u0432\u043e\u0457 \u0448\u043a\u0456\u0440\u0438 \u0442\u0430 \u0441\u043f\u0435\u0446\u0456\u0430\u043b\u044c\u043d\u043e\u0457 \u043f\u0456\u043d\u0438 \u0437 \u0435\u0444\u0435\u043a\u0442\u043e\u043c \u043f\u0430\u043c\u2019\u044f\u0442\u0456 \u0434\u043b\u044f \u043a\u043e\u043c\u0444\u043e\u0440\u0442\u043d\u043e\u0433\u043e \u0432\u0438\u043a\u043e\u0440\u0438\u0441\u0442\u0430\u043d\u043d\u044f. \u041c\u2019\u044f\u043a\u0456 \u0430\u043c\u0431\u0443\u0448\u044e\u0440\u0438 \u0437\u0430\u0431\u0435\u0437\u043f\u0435\u0447\u0443\u044e\u0442\u044c \u0432\u0456\u0434\u043c\u0456\u043d\u043d\u0443 \u043f\u0430\u0441\u0438\u0432\u043d\u0443 \u0437\u0432\u0443\u043a\u043e\u0456\u0437\u043e\u043b\u044f\u0446\u0456\u044e \u0456 \u0437\u0440\u0443\u0447\u043d\u0443 \u043f\u043e\u0441\u0430\u0434\u043a\u0443. \u0406\u0434\u0435\u0430\u043b\u044c\u043d\u043e \u0434\u043b\u044f \u0434\u043e\u0432\u0433\u0438\u0445 \u0456\u0433\u0440\u043e\u0432\u0438\u0445 \u0441\u0435\u0441\u0456\u0439!\" descen=\"Ergonomic ear cushions made of protein leather and special memory foam for comfortable use. Soft ear cushions provide excellent passive sound insulation and a comfortable fit. Perfect for long gaming sessions!\" descde=\"Ergonomische Ohrpolster aus Proteinleder und speziellem Memory-Schaum f\u00fcr komfortables Tragen. Weiche Ohrpolster sorgen f\u00fcr eine hervorragende passive Schalld\u00e4mmung und einen angenehmen Tragekomfort. Perfekt f\u00fcr lange Gaming-Sessions!\" descpl=\"Ergonomiczne poduszki nauszne wykonane z proteinowej sk\u00f3ry i specjalnej pianki zapami\u0119tuj\u0105cej kszta\u0142t zapewniaj\u0105 komfort u\u017cytkowania. Mi\u0119kkie poduszki nauszne zapewniaj\u0105 doskona\u0142\u0105 pasywn\u0105 izolacj\u0119 akustyczn\u0105 i wygodne dopasowanie. Idealny do d\u0142ugich sesji grania!\"]","protected":false},"featured_media":57230,"template":"","meta":[],"translation":{"provider":"WPGlobus","version":"2.5.11","language":"ua","enabled_languages":["en","ua","de","pl"],"languages":{"en":{"title":true,"content":false,"excerpt":true},"ua":{"title":true,"content":false,"excerpt":false},"de":{"title":true,"content":false,"excerpt":false},"pl":{"title":true,"content":false,"excerpt":false}}},"aioseo_notices":[],"_links":{"self":[{"href":"https:\/\/shop.hator.gg\/ua\/wp-json\/wp\/v2\/product\/57228"}],"collection":[{"href":"https:\/\/shop.hator.gg\/ua\/wp-json\/wp\/v2\/product"}],"about":[{"href":"https:\/\/shop.hator.gg\/ua\/wp-json\/wp\/v2\/types\/product"}],"wp:featuredmedia":[{"embeddable":true,"href":"https:\/\/shop.hator.gg\/ua\/wp-json\/wp\/v2\/media\/57230"}],"wp:attachment":[{"href":"https:\/\/shop.hator.gg\/ua\/wp-json\/wp\/v2\/media?parent=57228"}],"curies":[{"name":"wp","href":"https:\/\/api.w.org\/{rel}","templated":true}]}}