{"id":56311,"date":"2024-04-04T14:08:04","date_gmt":"2024-04-04T11:08:04","guid":{"rendered":"https:\/\/shop.hator.gg\/?post_type=product&#038;p=56311"},"modified":"2025-10-06T19:28:24","modified_gmt":"2025-10-06T16:28:24","slug":"hator-pulsar-2-pro-choco-htm-527","status":"publish","type":"product","link":"https:\/\/shop.hator.gg\/ua\/mice\/hator-pulsar-2-pro-choco-htm-527\/","title":{"rendered":"HATOR Pulsar 2 PRO Choco (HTM-527)"},"content":{"rendered":"","protected":false},"excerpt":{"rendered":"[show_any_info_btn hatordomen=\"https:\/\/hator.gg\" link=\"\/mice\/pulsar-2-pro\" descua=\"Pulsar 2 Pro \u2013 \u0435\u0432\u043e\u043b\u044e\u0446\u0456\u0439\u043d\u0438\u0439 \u0440\u043e\u0437\u0432\u0438\u0442\u043e\u043a \u043f\u043e\u043f\u0443\u043b\u044f\u0440\u043d\u043e\u0457 \u043c\u043e\u0434\u0435\u043b\u0456. \u0410\u043a\u0442\u0443\u0430\u043b\u044c\u043d\u0438\u0439 \u043d\u0430\u0434\u0442\u043e\u0447\u043d\u0438\u0439 \u0441\u0435\u043d\u0441\u043e\u0440 \u0442\u0430 \u043e\u043d\u043e\u0432\u043b\u0435\u043d\u0438\u0439 \u0435\u043d\u043a\u043e\u0434\u0435\u0440 \u0434\u043e\u0437\u0432\u043e\u043b\u044f\u0442\u044c \u043e\u0442\u0440\u0438\u043c\u0443\u0432\u0430\u0442\u0438 \u0449\u0435 \u0431\u0456\u043b\u044c\u0448\u0435 \u0437\u0430\u0434\u043e\u0432\u043b\u0435\u043d\u043d\u044f \u0432\u0456\u0434 \u043a\u043e\u0440\u0438\u0441\u0442\u0443\u0432\u0430\u043d\u043d\u044f \u043c\u0438\u0448\u043a\u043e\u044e!\" descru=\"Pulsar 2 Pro \u2013 \u0435\u0432\u043e\u043b\u044e\u0446\u0456\u0439\u043d\u0438\u0439 \u0440\u043e\u0437\u0432\u0438\u0442\u043e\u043a \u043f\u043e\u043f\u0443\u043b\u044f\u0440\u043d\u043e\u0457 \u043c\u043e\u0434\u0435\u043b\u0456. \u0410\u043a\u0442\u0443\u0430\u043b\u044c\u043d\u0438\u0439 \u043d\u0430\u0434\u0442\u043e\u0447\u043d\u0438\u0439 \u0441\u0435\u043d\u0441\u043e\u0440 \u0442\u0430 \u043e\u043d\u043e\u0432\u043b\u0435\u043d\u0438\u0439 \u0435\u043d\u043a\u043e\u0434\u0435\u0440 \u0434\u043e\u0437\u0432\u043e\u043b\u044f\u0442\u044c \u043e\u0442\u0440\u0438\u043c\u0443\u0432\u0430\u0442\u0438 \u0449\u0435 \u0431\u0456\u043b\u044c\u0448\u0435 \u0437\u0430\u0434\u043e\u0432\u043b\u0435\u043d\u043d\u044f \u0432\u0456\u0434 \u043a\u043e\u0440\u0438\u0441\u0442\u0443\u0432\u0430\u043d\u043d\u044f \u043c\u0438\u0448\u043a\u043e\u044e!\" descen=\"Pulsar 2 Pro is an evolutionary development of the popular model. The current high-precision sensor and updated encoder will allow you to get even more satisfaction from using the mouse!\" descde=\"Pulsar 2 Pro ist eine Weiterentwicklung des beliebten Modells. Der aktuelle hochpr\u00e4zise Sensor und der aktualisierte Encoder sorgen daf\u00fcr, dass Sie mit der Maus noch mehr Freude haben!\" descpl=\"Pulsar 2 Pro to ewolucyjne rozwini\u0119cie popularnego modelu. Obecny, precyzyjny czujnik i unowocze\u015bniony enkoder pozwol\u0105 Ci uzyska\u0107 jeszcze wi\u0119ksz\u0105 satysfakcj\u0119 z u\u017cywania myszki!\"]","protected":false},"featured_media":56312,"template":"","meta":[],"translation":{"provider":"WPGlobus","version":"2.5.11","language":"ua","enabled_languages":["en","ua","de","pl"],"languages":{"en":{"title":true,"content":false,"excerpt":true},"ua":{"title":false,"content":false,"excerpt":false},"de":{"title":false,"content":false,"excerpt":false},"pl":{"title":false,"content":false,"excerpt":false}}},"aioseo_notices":[],"_links":{"self":[{"href":"https:\/\/shop.hator.gg\/ua\/wp-json\/wp\/v2\/product\/56311"}],"collection":[{"href":"https:\/\/shop.hator.gg\/ua\/wp-json\/wp\/v2\/product"}],"about":[{"href":"https:\/\/shop.hator.gg\/ua\/wp-json\/wp\/v2\/types\/product"}],"wp:featuredmedia":[{"embeddable":true,"href":"https:\/\/shop.hator.gg\/ua\/wp-json\/wp\/v2\/media\/56312"}],"wp:attachment":[{"href":"https:\/\/shop.hator.gg\/ua\/wp-json\/wp\/v2\/media?parent=56311"}],"curies":[{"name":"wp","href":"https:\/\/api.w.org\/{rel}","templated":true}]}}