{"id":52863,"date":"2024-03-05T18:04:41","date_gmt":"2024-03-05T15:04:41","guid":{"rendered":"https:\/\/shop.hator.gg\/?post_type=product&#038;p=52863"},"modified":"2025-05-31T09:12:44","modified_gmt":"2025-05-31T06:12:44","slug":"set-of-pbt-keycaps-autograph-edition-orange-hts-712","status":"publish","type":"product","link":"https:\/\/shop.hator.gg\/ua\/accessories\/set-of-pbt-keycaps-autograph-edition-orange-hts-712\/","title":{"rendered":"\u041a\u043e\u043c\u043f\u043b\u0435\u043a\u0442 PBT \u043a\u0435\u0439\u043a\u0430\u043f\u0456\u0432 Autograph Edition Orange (HTS-712)"},"content":{"rendered":"","protected":false},"excerpt":{"rendered":"[show_any_info_btn hatordomen=\"https:\/\/hator.gg\" link=\"\/accessories\/keyboards-accessories\/set-of-pbt-keycaps-autograph-edition\" descua=\"\u0420\u043e\u0437\u0444\u0430\u0440\u0431\u0443\u0439 \u0441\u0432\u043e\u044e \u043a\u043b\u0430\u0432\u0456\u0430\u0442\u0443\u0440\u0443 \u0437 \u044f\u0441\u043a\u0440\u0430\u0432\u0438\u043c\u0438 PBT \u043a\u0435\u0439\u043a\u0430\u043f\u0430\u043c\u0438 Autograph Edition!\" descru=\"\u0420\u043e\u0437\u0444\u0430\u0440\u0431\u0443\u0439 \u0441\u0432\u043e\u044e \u043a\u043b\u0430\u0432\u0456\u0430\u0442\u0443\u0440\u0443 \u0437 \u044f\u0441\u043a\u0440\u0430\u0432\u0438\u043c\u0438 PBT \u043a\u0435\u0439\u043a\u0430\u043f\u0430\u043c\u0438 Autograph Edition!\" descen=\"Color your keyboard with bright PBT keycaps Autograph Edition!\" descde=\"F\u00e4rben Sie Ihre Tastatur mit den leuchtenden PBT-Tastenkappen der Autograph Edition!\" descpl=\"Pokoloruj swoj\u0105 klawiatur\u0119 jasnymi nak\u0142adkami na klawisze PBT w wersji Autograph!\"]","protected":false},"featured_media":52866,"template":"","meta":[],"translation":{"provider":"WPGlobus","version":"2.5.11","language":"ua","enabled_languages":["en","ua","de","pl"],"languages":{"en":{"title":true,"content":false,"excerpt":true},"ua":{"title":true,"content":false,"excerpt":false},"de":{"title":false,"content":false,"excerpt":false},"pl":{"title":false,"content":false,"excerpt":false}}},"aioseo_notices":[],"_links":{"self":[{"href":"https:\/\/shop.hator.gg\/ua\/wp-json\/wp\/v2\/product\/52863"}],"collection":[{"href":"https:\/\/shop.hator.gg\/ua\/wp-json\/wp\/v2\/product"}],"about":[{"href":"https:\/\/shop.hator.gg\/ua\/wp-json\/wp\/v2\/types\/product"}],"wp:featuredmedia":[{"embeddable":true,"href":"https:\/\/shop.hator.gg\/ua\/wp-json\/wp\/v2\/media\/52866"}],"wp:attachment":[{"href":"https:\/\/shop.hator.gg\/ua\/wp-json\/wp\/v2\/media?parent=52863"}],"curies":[{"name":"wp","href":"https:\/\/api.w.org\/{rel}","templated":true}]}}