{"id":46590,"date":"2024-01-09T17:00:40","date_gmt":"2024-01-09T14:00:40","guid":{"rendered":"https:\/\/shop.hator.gg\/?post_type=product&#038;p=46590"},"modified":"2026-03-26T15:12:47","modified_gmt":"2026-03-26T12:12:47","slug":"hator-tonn-esport-l-htp-032","status":"publish","type":"product","link":"https:\/\/shop.hator.gg\/ua\/mousepads\/hator-tonn-esport-l-htp-032\/","title":{"rendered":"HATOR Tonn eSport L (HTP-032)"},"content":{"rendered":"","protected":false},"excerpt":{"rendered":"[show_any_info_btn hatordomen=\"https:\/\/hator.gg\" link=\"\/mousepads\/tonn-esport\" descua=\"Tonn eSport \u2013 \u0432\u0438\u0431\u0456\u0440 \u0434\u043b\u044f \u0442\u0438\u0445, \u0445\u0442\u043e \u043f\u0440\u0430\u0433\u043d\u0435 \u043f\u0440\u043e\u0444\u0435\u0441\u0456\u0439\u043d\u043e\u0433\u043e \u0440\u0456\u0432\u043d\u044f \u0433\u0440\u0438 \u0442\u0430 \u043d\u0430\u0439\u0432\u0438\u0449\u0438\u0445 \u0440\u0435\u0437\u0443\u043b\u044c\u0442\u0430\u0442\u0456\u0432.\" descru=\"Tonn eSport \u2013 \u0432\u0438\u0431\u0456\u0440 \u0434\u043b\u044f \u0442\u0438\u0445, \u0445\u0442\u043e \u043f\u0440\u0430\u0433\u043d\u0435 \u043f\u0440\u043e\u0444\u0435\u0441\u0456\u0439\u043d\u043e\u0433\u043e \u0440\u0456\u0432\u043d\u044f \u0433\u0440\u0438 \u0442\u0430 \u043d\u0430\u0439\u0432\u0438\u0449\u0438\u0445 \u0440\u0435\u0437\u0443\u043b\u044c\u0442\u0430\u0442\u0456\u0432.\" descde=\"Tonn eSport ist die beste Wahl f\u00fcr alle, die ein professionelles Spielniveau und die h\u00f6chsten Ergebnisse anstreben.\" descen=\"Tonn eSport is the top choice for gamers aiming at the PRO level and who want the highest results in their game.\" descpl=\"Tonn eSport \u2013 to wyb\u00f3r dla tych, kt\u00f3rzy d\u0105\u017c\u0105 do profesjonalnego poziomu gry i najwy\u017cszych wynik\u00f3w.\"]","protected":false},"featured_media":46591,"template":"","meta":[],"translation":{"provider":"WPGlobus","version":"2.5.11","language":"ua","enabled_languages":["en","ua","de","pl"],"languages":{"en":{"title":true,"content":false,"excerpt":true},"ua":{"title":false,"content":false,"excerpt":false},"de":{"title":false,"content":false,"excerpt":false},"pl":{"title":false,"content":false,"excerpt":false}}},"aioseo_notices":[],"_links":{"self":[{"href":"https:\/\/shop.hator.gg\/ua\/wp-json\/wp\/v2\/product\/46590"}],"collection":[{"href":"https:\/\/shop.hator.gg\/ua\/wp-json\/wp\/v2\/product"}],"about":[{"href":"https:\/\/shop.hator.gg\/ua\/wp-json\/wp\/v2\/types\/product"}],"wp:featuredmedia":[{"embeddable":true,"href":"https:\/\/shop.hator.gg\/ua\/wp-json\/wp\/v2\/media\/46591"}],"wp:attachment":[{"href":"https:\/\/shop.hator.gg\/ua\/wp-json\/wp\/v2\/media?parent=46590"}],"curies":[{"name":"wp","href":"https:\/\/api.w.org\/{rel}","templated":true}]}}