{"id":42343,"date":"2023-12-14T13:38:03","date_gmt":"2023-12-14T10:38:03","guid":{"rendered":"https:\/\/shop.hator.gg\/?post_type=product&#038;p=42343"},"modified":"2026-04-30T19:12:45","modified_gmt":"2026-04-30T16:12:45","slug":"hator-tonn-evo-m-htp-022-white","status":"publish","type":"product","link":"https:\/\/shop.hator.gg\/ua\/mousepads\/hator-tonn-evo-m-htp-022-white\/","title":{"rendered":"HATOR Tonn EVO M (HTP-022) White"},"content":{"rendered":"","protected":false},"excerpt":{"rendered":"[show_any_info_btn hatordomen=\"https:\/\/hator.gg\" link=\"\/mousepads\/tonn-evo\" descua=\"\u0406\u0433\u0440\u043e\u0432\u0456 \u043f\u043e\u0432\u0435\u0440\u0445\u043d\u0456 Tonn EVO \u2013 \u0441\u043f\u0440\u0430\u0432\u0436\u043d\u044f \u0435\u0432\u043e\u043b\u044e\u0446\u0456\u044f \u0432 \u0434\u0456\u0457! \u0417\u0431\u0435\u0440\u0456\u0433\u0448\u0438 \u0444\u0456\u0440\u043c\u043e\u0432\u0438\u0439 \u0441\u0442\u0438\u043b\u044c, \u043e\u043d\u043e\u0432\u043b\u0435\u043d\u0456 \u043f\u043e\u0432\u0435\u0440\u0445\u043d\u0456 \u0441\u0442\u0430\u043b\u0438 \u0449\u0435 \u0431\u0456\u043b\u044c\u0448 \u0441\u0442\u0438\u043b\u044c\u043d\u0438\u043c\u0438 \u0442\u0430 \u043f\u0440\u0430\u043a\u0442\u0438\u0447\u043d\u0438\u043c\u0438...\" descru=\"\u0418\u0433\u0440\u043e\u0432\u044b\u0435 \u043f\u043e\u0432\u0435\u0440\u0445\u043d\u043e\u0441\u0442\u0438 Tonn EVO \u2013 \u043d\u0430\u0441\u0442\u043e\u044f\u0449\u0430\u044f \u044d\u0432\u043e\u043b\u044e\u0446\u0438\u044f \u0432 \u0434\u0435\u0439\u0441\u0442\u0432\u0438\u0438! \u0421\u043e\u0445\u0440\u0430\u043d\u0438\u0432 \u0444\u0438\u0440\u043c\u0435\u043d\u043d\u044b\u0439 \u0441\u0442\u0438\u043b\u044c, \u043e\u0431\u043d\u043e\u0432\u043b\u0435\u043d\u043d\u044b\u0435 \u043f\u043e\u0432\u0435\u0440\u0445\u043d\u043e\u0441\u0442\u0438 \u0441\u0442\u0430\u043b\u0438 \u0435\u0449\u0435 \u0431\u043e\u043b\u0435\u0435 \u0441\u0442\u0438\u043b\u044c\u043d\u044b\u043c\u0438 \u0438 \u043f\u0440\u0430\u043a\u0442\u0438\u0447\u043d\u044b\u043c\u0438...\" descen=\"Tonn EVO gaming mouse pads \u2013 real EVOlution like it is! The updated surfaces have become more stylish and practical but still Keeping the corporate identity...\" descde=\"Tonn EVO-Gaming-Oberfl\u00e4chen sind eine wahre Evolution in Aktion! Unter Beibehaltung der Corporate Identity sind die aktualisierten Oberfl\u00e4chen schicker und praktischer geworden...\" descpl=\"Powierzchnie gamingowe Tonn EVO \u2013 prawdziwa ewolucja w akcji! Zachowuj\u0105c charakterystyczny styl, zaktualizowane powierzchnie sta\u0142y si\u0119 jeszcze bardziej stylowe i praktyczne...\"]","protected":false},"featured_media":42346,"template":"","meta":[],"translation":{"provider":"WPGlobus","version":"2.5.11","language":"ua","enabled_languages":["en","ua","de","pl"],"languages":{"en":{"title":true,"content":false,"excerpt":true},"ua":{"title":false,"content":false,"excerpt":false},"de":{"title":false,"content":false,"excerpt":false},"pl":{"title":false,"content":false,"excerpt":false}}},"aioseo_notices":[],"_links":{"self":[{"href":"https:\/\/shop.hator.gg\/ua\/wp-json\/wp\/v2\/product\/42343"}],"collection":[{"href":"https:\/\/shop.hator.gg\/ua\/wp-json\/wp\/v2\/product"}],"about":[{"href":"https:\/\/shop.hator.gg\/ua\/wp-json\/wp\/v2\/types\/product"}],"wp:featuredmedia":[{"embeddable":true,"href":"https:\/\/shop.hator.gg\/ua\/wp-json\/wp\/v2\/media\/42346"}],"wp:attachment":[{"href":"https:\/\/shop.hator.gg\/ua\/wp-json\/wp\/v2\/media?parent=42343"}],"curies":[{"name":"wp","href":"https:\/\/api.w.org\/{rel}","templated":true}]}}