{"id":40822,"date":"2023-11-29T13:11:14","date_gmt":"2023-11-29T10:11:14","guid":{"rendered":"https:\/\/shop.hator.gg\/?post_type=product&#038;p=40822"},"modified":"2026-03-25T16:50:49","modified_gmt":"2026-03-25T13:50:49","slug":"hator-hyperpunk-truedots-hd-hta-411-black","status":"publish","type":"product","link":"https:\/\/shop.hator.gg\/ua\/tws\/hator-hyperpunk-truedots-hd-hta-411-black\/","title":{"rendered":"HATOR Hyperpunk Truedots HD (HTA-411) Black"},"content":{"rendered":"","protected":false},"excerpt":{"rendered":"[show_any_info_btn hatordomen=\"https:\/\/hator.gg\" link=\"\/tws\/hyperpunk-truedots-hd\/\" descua=\"HATOR Hy\u0440\u0435rpunk Truedots HD \u2013 \u043e\u043d\u043e\u0432\u043b\u0435\u043d\u0430 \u0432\u0435\u0440\u0441\u0456\u044f \u043d\u0430\u0448\u043e\u0457 \u0431\u0430\u0437\u043e\u0432\u043e\u0457 TWS-\u0433\u0430\u0440\u043d\u0456\u0442\u0443\u0440\u0438. \u0412\u0438\u043a\u043e\u043d\u0430\u043d\u0430 \u0437 \u043d\u043e\u0432\u0438\u0445, \u043f\u0440\u0438\u0454\u043c\u043d\u0438\u0445 \u043d\u0430 \u0434\u043e\u0442\u0438\u043a \u043c\u0430\u0442\u0435\u0440\u0456\u0430\u043b\u0456\u0432, \u043c\u0430\u0454 \u0437\u0440\u0443\u0447\u043d\u0443 \u0456\u043d\u0434\u0438\u043a\u0430\u0446\u0456\u044e \u0437\u0430\u0440\u044f\u0434\u0443 \u0442\u0430 \u043e\u0441\u043d\u0430\u0449\u0435\u043d\u0430 \u0431\u0456\u043b\u044c\u0448 \u043f\u0440\u043e\u0434\u0443\u043a\u0442\u0438\u0432\u043d\u0438\u043c\u0438 \u0434\u0438\u043d\u0430\u043c\u0456\u043a\u0430\u043c\u0438.\" descru=\"HATOR Hy\u0440\u0435rpunk Truedots HD \u2013 \u043e\u043d\u043e\u0432\u043b\u0435\u043d\u0430 \u0432\u0435\u0440\u0441\u0456\u044f \u043d\u0430\u0448\u043e\u0457 \u0431\u0430\u0437\u043e\u0432\u043e\u0457 TWS-\u0433\u0430\u0440\u043d\u0456\u0442\u0443\u0440\u0438. \u0412\u0438\u043a\u043e\u043d\u0430\u043d\u0430 \u0437 \u043d\u043e\u0432\u0438\u0445, \u043f\u0440\u0438\u0454\u043c\u043d\u0438\u0445 \u043d\u0430 \u0434\u043e\u0442\u0438\u043a \u043c\u0430\u0442\u0435\u0440\u0456\u0430\u043b\u0456\u0432, \u043c\u0430\u0454 \u0437\u0440\u0443\u0447\u043d\u0443 \u0456\u043d\u0434\u0438\u043a\u0430\u0446\u0456\u044e \u0437\u0430\u0440\u044f\u0434\u0443 \u0442\u0430 \u043e\u0441\u043d\u0430\u0449\u0435\u043d\u0430 \u0431\u0456\u043b\u044c\u0448 \u043f\u0440\u043e\u0434\u0443\u043a\u0442\u0438\u0432\u043d\u0438\u043c\u0438 \u0434\u0438\u043d\u0430\u043c\u0456\u043a\u0430\u043c\u0438.\" descen=\"HATOR Hyperpunk Truedots HD \u2013 updated version of our basic TWS headset.\r\nIt is made with new materials adopted for the DOT, has a manual charge indicator and is equipped with more efficient speakers.\" descde=\"HATOR Hyperpunk Truedots HD \u2013 aktualisierte Version unseres Basis-TWS-Headsets. Vikonana verf\u00fcgt \u00fcber neue Materialien, die f\u00fcr das DOT \u00fcbernommen wurden, verf\u00fcgt \u00fcber eine manuelle Ladeanzeige und ist mit effizienteren Lautsprechern ausgestattet.\" descpl=\"HATOR Hyperpunk Truedots HD \u2013 unowocze\u015bniona wersja naszego podstawowego zestawu s\u0142uchawkowego TWS. Vikonana, z nowymi materia\u0142ami dostosowanymi do DOT, ma r\u0119czny wska\u017anik na\u0142adowania i jest wyposa\u017cona w wydajniejsze g\u0142o\u015bniki.\"]","protected":false},"featured_media":40823,"template":"","meta":[],"translation":{"provider":"WPGlobus","version":"2.5.11","language":"ua","enabled_languages":["en","ua","de","pl"],"languages":{"en":{"title":true,"content":false,"excerpt":true},"ua":{"title":false,"content":false,"excerpt":false},"de":{"title":false,"content":false,"excerpt":false},"pl":{"title":false,"content":false,"excerpt":false}}},"aioseo_notices":[],"_links":{"self":[{"href":"https:\/\/shop.hator.gg\/ua\/wp-json\/wp\/v2\/product\/40822"}],"collection":[{"href":"https:\/\/shop.hator.gg\/ua\/wp-json\/wp\/v2\/product"}],"about":[{"href":"https:\/\/shop.hator.gg\/ua\/wp-json\/wp\/v2\/types\/product"}],"wp:featuredmedia":[{"embeddable":true,"href":"https:\/\/shop.hator.gg\/ua\/wp-json\/wp\/v2\/media\/40823"}],"wp:attachment":[{"href":"https:\/\/shop.hator.gg\/ua\/wp-json\/wp\/v2\/media?parent=40822"}],"curies":[{"name":"wp","href":"https:\/\/api.w.org\/{rel}","templated":true}]}}