{"id":40004,"date":"2023-11-22T12:51:27","date_gmt":"2023-11-22T09:51:27","guid":{"rendered":"https:\/\/shop.hator.gg\/?post_type=product&#038;p=40004"},"modified":"2026-03-25T16:59:30","modified_gmt":"2026-03-25T13:59:30","slug":"hator-phoenix-wireless-tri-mode-hta-870-black","status":"publish","type":"product","link":"https:\/\/shop.hator.gg\/ua\/headsets\/hator-phoenix-wireless-tri-mode-hta-870-black\/","title":{"rendered":"Hator Phoenix Wireless Tri-mode (HTA-870) Black"},"content":{"rendered":"","protected":false},"excerpt":{"rendered":"[show_any_info_btn hatordomen=\"https:\/\/hator.gg\" link=\"\/audio\/phoenix-wireless-tri-mode\" descua=\"\u0406\u0434\u0435\u0430\u043b\u044c\u043d\u0430 \u043a\u043e\u043c\u0431\u0456\u043d\u0430\u0446\u0456\u044f \u044f\u0441\u043a\u0440\u0430\u0432\u043e\u0433\u043e \u0434\u0438\u0437\u0430\u0439\u043d\u0443 \u0442\u0430 \u0437\u0432\u0443\u0447\u0430\u043d\u043d\u044f! Phoenix Wireless \u0432\u0456\u0434\u043c\u0456\u043d\u043d\u043e \u0432\u043f\u043e\u0440\u0430\u0454\u0442\u044c\u0441\u044f \u0437 \u0431\u0443\u0434\u044c-\u044f\u043a\u0438\u043c \u0441\u0446\u0435\u043d\u0430\u0440\u0456\u0454\u043c \u0432\u0438\u043a\u043e\u0440\u0438\u0441\u0442\u0430\u043d\u043d\u044f...\" descru=\"\u0406\u0434\u0435\u0430\u043b\u044c\u043d\u0430 \u043a\u043e\u043c\u0431\u0456\u043d\u0430\u0446\u0456\u044f \u044f\u0441\u043a\u0440\u0430\u0432\u043e\u0433\u043e \u0434\u0438\u0437\u0430\u0439\u043d\u0443 \u0442\u0430 \u0437\u0432\u0443\u0447\u0430\u043d\u043d\u044f! Phoenix Wireless \u0432\u0456\u0434\u043c\u0456\u043d\u043d\u043e \u0432\u043f\u043e\u0440\u0430\u0454\u0442\u044c\u0441\u044f \u0437 \u0431\u0443\u0434\u044c-\u044f\u043a\u0438\u043c \u0441\u0446\u0435\u043d\u0430\u0440\u0456\u0454\u043c \u0432\u0438\u043a\u043e\u0440\u0438\u0441\u0442\u0430\u043d\u043d\u044f...\" descen=\"The perfect combination of bright design and sound! Phoenix Wireless perfectly copes with any usage scenario...\" descde=\"Die perfekte Kombination aus hellem Design und Klang! Phoenix Wireless meistert jedes Nutzungsszenario perfekt...\" descpl=\"Idealne po\u0142\u0105czenie jasnego designu i d\u017awi\u0119ku! Phoenix Wireless doskonale radzi sobie w ka\u017cdym scenariuszu u\u017cytkowania...\"]","protected":false},"featured_media":40011,"template":"","meta":[],"translation":{"provider":"WPGlobus","version":"2.5.11","language":"ua","enabled_languages":["en","ua","de","pl"],"languages":{"en":{"title":true,"content":false,"excerpt":true},"ua":{"title":false,"content":false,"excerpt":false},"de":{"title":false,"content":false,"excerpt":false},"pl":{"title":false,"content":false,"excerpt":false}}},"aioseo_notices":[],"_links":{"self":[{"href":"https:\/\/shop.hator.gg\/ua\/wp-json\/wp\/v2\/product\/40004"}],"collection":[{"href":"https:\/\/shop.hator.gg\/ua\/wp-json\/wp\/v2\/product"}],"about":[{"href":"https:\/\/shop.hator.gg\/ua\/wp-json\/wp\/v2\/types\/product"}],"wp:featuredmedia":[{"embeddable":true,"href":"https:\/\/shop.hator.gg\/ua\/wp-json\/wp\/v2\/media\/40011"}],"wp:attachment":[{"href":"https:\/\/shop.hator.gg\/ua\/wp-json\/wp\/v2\/media?parent=40004"}],"curies":[{"name":"wp","href":"https:\/\/api.w.org\/{rel}","templated":true}]}}