{"id":39409,"date":"2023-11-17T14:00:06","date_gmt":"2023-11-17T11:00:06","guid":{"rendered":"https:\/\/shop.hator.gg\/?post_type=product&#038;p=39409"},"modified":"2026-01-07T20:12:59","modified_gmt":"2026-01-07T17:12:59","slug":"hator-tonn-evo-s-l-e-htp-003","status":"publish","type":"product","link":"https:\/\/shop.hator.gg\/ua\/mousepads\/hator-tonn-evo-s-l-e-htp-003\/","title":{"rendered":"HATOR Tonn EVO S L.E. (HTP-003)"},"content":{"rendered":"","protected":false},"excerpt":{"rendered":"[show_any_info_btn hatordomen=\"https:\/\/hator.gg\" link=\"\/mousepads\/tonn-evo-le\" descua=\"\u041d\u0430\u0432\u0456\u0442\u044c \u0443 \u043d\u0430\u0439\u0445\u043c\u0430\u0440\u043d\u0456\u0448\u0438\u0439 \u0434\u0435\u043d\u044c \u043e\u0434\u0438\u043d \u0442\u0456\u043b\u044c\u043a\u0438 \u043f\u043e\u0433\u043b\u044f\u0434 \u043d\u0430 Tonn L.E. \u0437\u043c\u0443\u0441\u0438\u0442\u044c \u0432\u0430\u0441 \u0443\u0441\u043c\u0456\u0445\u043d\u0443\u0442\u0438\u0441\u044f...\" descru=\"\u0414\u0430\u0436\u0435 \u0432 \u0441\u0430\u043c\u044b\u0439 \u043f\u0430\u0441\u043c\u0443\u0440\u043d\u044b\u0439 \u0434\u0435\u043d\u044c \u043e\u0434\u0438\u043d \u0442\u043e\u043b\u044c\u043a\u043e \u0432\u0437\u0433\u043b\u044f\u0434 \u043d\u0430 Tonn L.E. \u0437\u0430\u0441\u0442\u0430\u0432\u0438\u0442 \u0432\u0430\u0441 \u0443\u043b\u044b\u0431\u043d\u0443\u0442\u044c\u0441\u044f...\" descen=\"Even in a bluest day one look on the Tonn L.E. will call a smile on your face...\" descde=\"Selbst am meist sauren Tag kann Tonn L.E. Ihnen ein L\u00e4cheln abgewinnen...\" descpl=\"Nawet w najbardziej pochmurny dzie\u0144 samo spojrzenie na Tonn L.E. sprawi, \u017ce si\u0119 u\u015bmiechniesz...\"]","protected":false},"featured_media":39410,"template":"","meta":[],"translation":{"provider":"WPGlobus","version":"2.5.11","language":"ua","enabled_languages":["en","ua","de","pl"],"languages":{"en":{"title":true,"content":false,"excerpt":true},"ua":{"title":false,"content":false,"excerpt":false},"de":{"title":false,"content":false,"excerpt":false},"pl":{"title":false,"content":false,"excerpt":false}}},"aioseo_notices":[],"_links":{"self":[{"href":"https:\/\/shop.hator.gg\/ua\/wp-json\/wp\/v2\/product\/39409"}],"collection":[{"href":"https:\/\/shop.hator.gg\/ua\/wp-json\/wp\/v2\/product"}],"about":[{"href":"https:\/\/shop.hator.gg\/ua\/wp-json\/wp\/v2\/types\/product"}],"wp:featuredmedia":[{"embeddable":true,"href":"https:\/\/shop.hator.gg\/ua\/wp-json\/wp\/v2\/media\/39410"}],"wp:attachment":[{"href":"https:\/\/shop.hator.gg\/ua\/wp-json\/wp\/v2\/media?parent=39409"}],"curies":[{"name":"wp","href":"https:\/\/api.w.org\/{rel}","templated":true}]}}