{"id":39281,"date":"2023-11-16T11:37:33","date_gmt":"2023-11-16T08:37:33","guid":{"rendered":"https:\/\/shop.hator.gg\/?post_type=product&#038;p=39281"},"modified":"2025-01-14T14:13:04","modified_gmt":"2025-01-14T11:13:04","slug":"removable-microphone-for-hellraizer-with-pop-filter-acc-220","status":"publish","type":"product","link":"https:\/\/shop.hator.gg\/ua\/accessories\/removable-microphone-for-hellraizer-with-pop-filter-acc-220\/","title":{"rendered":"\u0417&#8217;\u0454\u043c\u043d\u0438\u0439 \u043c\u0456\u043a\u0440\u043e\u0444\u043e\u043d \u0434\u043b\u044f Hellraizer \u0437 \u043f\u043e\u043f-\u0444\u0456\u043b\u044c\u0442\u0440\u043e\u043c (ACC-220)"},"content":{"rendered":"","protected":false},"excerpt":{"rendered":"[show_any_info_btn hatordomen=\"https:\/\/hator.gg\" link=\"\/accessories\/audio-accessories\/removable-microphone-for-hator-hellraizer\/\" descua=\"\u0417\u2019\u0454\u043c\u043d\u0438\u0439 \u0432\u0438\u0441\u043e\u043a\u043e\u0447\u0443\u0442\u043b\u0438\u0432\u0438\u0439 \u043c\u0456\u043a\u0440\u043e\u0444\u043e\u043d \u0437 \u0447\u0443\u0434\u043e\u0432\u0438\u043c \u0440\u0456\u0432\u043d\u0435\u043c \u043f\u0435\u0440\u0435\u0434\u0430\u0447\u0456 \u0433\u043e\u043b\u043e\u0441\u0443 \u043f\u0440\u0435\u043a\u0440\u0430\u0441\u043d\u043e \u043f\u0456\u0434\u0456\u0439\u0434\u0435 \u044f\u043a \u0434\u043b\u044f \u0456\u0433\u043e\u0440, \u0442\u0430\u043a \u0456 \u0434\u043b\u044f \u0441\u0442\u0440\u0456\u043c\u0456\u043d\u0433\u0443...\" descru=\"\u0417\u2019\u0454\u043c\u043d\u0438\u0439 \u0432\u0438\u0441\u043e\u043a\u043e\u0447\u0443\u0442\u043b\u0438\u0432\u0438\u0439 \u043c\u0456\u043a\u0440\u043e\u0444\u043e\u043d \u0437 \u0447\u0443\u0434\u043e\u0432\u0438\u043c \u0440\u0456\u0432\u043d\u0435\u043c \u043f\u0435\u0440\u0435\u0434\u0430\u0447\u0456 \u0433\u043e\u043b\u043e\u0441\u0443 \u043f\u0440\u0435\u043a\u0440\u0430\u0441\u043d\u043e \u043f\u0456\u0434\u0456\u0439\u0434\u0435 \u044f\u043a \u0434\u043b\u044f \u0456\u0433\u043e\u0440, \u0442\u0430\u043a \u0456 \u0434\u043b\u044f \u0441\u0442\u0440\u0456\u043c\u0456\u043d\u0433\u0443...\" descen=\"Detachable high-sensitivity microphone with excellent voice transmission is perfect for both gaming and streaming...\" descde=\"Das abnehmbare hochempfindliche Mikrofon mit hervorragender Sprach\u00fcbertragung eignet sich perfekt f\u00fcr Spiele und Streaming...\" descpl=\"Od\u0142\u0105czany mikrofon o wysokiej czu\u0142o\u015bci z doskona\u0142\u0105 transmisj\u0105 g\u0142osu jest idealny zar\u00f3wno do grania, jak i przesy\u0142ania strumieniowego...\"]","protected":false},"featured_media":39282,"template":"","meta":[],"translation":{"provider":"WPGlobus","version":"2.5.11","language":"ua","enabled_languages":["en","ua","de","pl"],"languages":{"en":{"title":true,"content":false,"excerpt":true},"ua":{"title":true,"content":false,"excerpt":false},"de":{"title":true,"content":false,"excerpt":false},"pl":{"title":true,"content":false,"excerpt":false}}},"aioseo_notices":[],"_links":{"self":[{"href":"https:\/\/shop.hator.gg\/ua\/wp-json\/wp\/v2\/product\/39281"}],"collection":[{"href":"https:\/\/shop.hator.gg\/ua\/wp-json\/wp\/v2\/product"}],"about":[{"href":"https:\/\/shop.hator.gg\/ua\/wp-json\/wp\/v2\/types\/product"}],"wp:featuredmedia":[{"embeddable":true,"href":"https:\/\/shop.hator.gg\/ua\/wp-json\/wp\/v2\/media\/39282"}],"wp:attachment":[{"href":"https:\/\/shop.hator.gg\/ua\/wp-json\/wp\/v2\/media?parent=39281"}],"curies":[{"name":"wp","href":"https:\/\/api.w.org\/{rel}","templated":true}]}}