{"id":38832,"date":"2023-11-10T15:50:59","date_gmt":"2023-11-10T12:50:59","guid":{"rendered":"https:\/\/shop.hator.gg\/?post_type=product&#038;p=38832"},"modified":"2026-03-25T17:15:55","modified_gmt":"2026-03-25T14:15:55","slug":"set-of-%d0%beptical-switches-hator-kailh-v2-black-hts-171","status":"publish","type":"product","link":"https:\/\/shop.hator.gg\/ua\/accessories\/set-of-%d0%beptical-switches-hator-kailh-v2-black-hts-171\/","title":{"rendered":"\u041a\u043e\u043c\u043f\u043b\u0435\u043a\u0442 \u043e\u043f\u0442\u0438\u0447\u043d\u0438\u0445 \u043f\u0435\u0440\u0435\u043c\u0438\u043a\u0430\u0447\u0456\u0432 HATOR Kailh V2 Black (HTS-171)"},"content":{"rendered":"","protected":false},"excerpt":{"rendered":"[show_any_info_btn hatordomen=\"https:\/\/hator.gg\" link=\"\/accessories\/keyboards-accessories\/kailh-optical-rev-2\" descua=\"\u041e\u043d\u043e\u0432\u043b\u0435\u043d\u0456 \u043e\u043f\u0442\u0438\u0447\u043d\u0456 \u043f\u0435\u0440\u0435\u043c\u0438\u043a\u0430\u0447\u0456 Kailh \u0437\u0430\u0431\u0435\u0437\u043f\u0435\u0447\u0443\u044e\u0442\u044c \u043c\u0438\u0442\u0442\u0454\u0432\u0438\u0439 \u0432\u0456\u0434\u0433\u0443\u043a \u0442\u0430 \u043d\u0430\u0434\u0432\u0438\u0441\u043e\u043a\u0438\u0439 \u0440\u0435\u0441\u0443\u0440\u0441 \u0443 80 \u043c\u043b\u043d. \u043d\u0430\u0442\u0438\u0441\u043a\u0430\u043d\u044c.\" descru=\"\u041e\u043d\u043e\u0432\u043b\u0435\u043d\u0456 \u043e\u043f\u0442\u0438\u0447\u043d\u0456 \u043f\u0435\u0440\u0435\u043c\u0438\u043a\u0430\u0447\u0456 Kailh \u0437\u0430\u0431\u0435\u0437\u043f\u0435\u0447\u0443\u044e\u0442\u044c \u043c\u0438\u0442\u0442\u0454\u0432\u0438\u0439 \u0432\u0456\u0434\u0433\u0443\u043a \u0442\u0430 \u043d\u0430\u0434\u0432\u0438\u0441\u043e\u043a\u0438\u0439 \u0440\u0435\u0441\u0443\u0440\u0441 \u0443 80 \u043c\u043b\u043d. \u043d\u0430\u0442\u0438\u0441\u043a\u0430\u043d\u044c.\" descen=\"Updated Kailh optical switches provide instant response and ultra-long life of 80 million clicks.\" descde=\"Die aktualisierten optischen Schalter von Kailh bieten sofortige Reaktion und eine extrem lange Lebensdauer von 80 Millionen Klicks.\" descpl=\"Zaktualizowane prze\u0142\u0105czniki optyczne Kailh zapewniaj\u0105 natychmiastow\u0105 reakcj\u0119 i wyj\u0105tkowo d\u0142ug\u0105 \u017cywotno\u015b\u0107 wynosz\u0105c\u0105 80 milion\u00f3w klikni\u0119\u0107.\"]","protected":false},"featured_media":38835,"template":"","meta":[],"translation":{"provider":"WPGlobus","version":"2.5.11","language":"ua","enabled_languages":["en","ua","de","pl"],"languages":{"en":{"title":true,"content":false,"excerpt":true},"ua":{"title":true,"content":false,"excerpt":false},"de":{"title":false,"content":false,"excerpt":false},"pl":{"title":false,"content":false,"excerpt":false}}},"aioseo_notices":[],"_links":{"self":[{"href":"https:\/\/shop.hator.gg\/ua\/wp-json\/wp\/v2\/product\/38832"}],"collection":[{"href":"https:\/\/shop.hator.gg\/ua\/wp-json\/wp\/v2\/product"}],"about":[{"href":"https:\/\/shop.hator.gg\/ua\/wp-json\/wp\/v2\/types\/product"}],"wp:featuredmedia":[{"embeddable":true,"href":"https:\/\/shop.hator.gg\/ua\/wp-json\/wp\/v2\/media\/38835"}],"wp:attachment":[{"href":"https:\/\/shop.hator.gg\/ua\/wp-json\/wp\/v2\/media?parent=38832"}],"curies":[{"name":"wp","href":"https:\/\/api.w.org\/{rel}","templated":true}]}}