{"id":35211,"date":"2023-09-18T17:32:04","date_gmt":"2023-09-18T14:32:04","guid":{"rendered":"https:\/\/shop.hator.gg\/?post_type=product&#038;p=35211"},"modified":"2026-03-25T16:57:36","modified_gmt":"2026-03-25T13:57:36","slug":"hator-hyperpunk-2-wireless-tri-mode-hta-856-white","status":"publish","type":"product","link":"https:\/\/shop.hator.gg\/ua\/headsets\/hator-hyperpunk-2-wireless-tri-mode-hta-856-white\/","title":{"rendered":"Hator Hyperpunk 2 Wireless Tri-mode (HTA-856) White"},"content":{"rendered":"","protected":false},"excerpt":{"rendered":"[show_any_info_btn hatordomen=\"https:\/\/hator.gg\" link=\"\/audio\/hyperpunk-2-wireless\" descua=\"\u041b\u0435\u0433\u043a\u0430, \u044f\u0441\u043a\u0440\u0430\u0432\u0430 \u0442\u0430 \u0443\u043d\u0456\u0432\u0435\u0440\u0441\u0430\u043b\u044c\u043d\u0430 \u0431\u0435\u0437\u0434\u0440\u043e\u0442\u043e\u0432\u0430 \u0433\u0430\u0440\u043d\u0456\u0442\u0443\u0440\u0430 Hyperpunk 2 Wireless Tri-Mode \u0433\u0430\u0440\u0430\u043d\u0442\u0443\u0454 \u044f\u043a\u0456\u0441\u043d\u0438\u0439 \u0437\u0432\u0443\u043a \u0442\u0430 \u043a\u043e\u043c\u0444\u043e\u0440\u0442\u043d\u0443 \u0435\u043a\u0441\u043f\u043b\u0443\u0430\u0442\u0430\u0446\u0456\u044e \u0437\u0430 \u0431\u0443\u0434\u044c-\u044f\u043a\u0438\u0445 \u0443\u043c\u043e\u0432...\" descru=\"\u041b\u0435\u0433\u043a\u0430, \u044f\u0441\u043a\u0440\u0430\u0432\u0430 \u0442\u0430 \u0443\u043d\u0456\u0432\u0435\u0440\u0441\u0430\u043b\u044c\u043d\u0430 \u0431\u0435\u0437\u0434\u0440\u043e\u0442\u043e\u0432\u0430 \u0433\u0430\u0440\u043d\u0456\u0442\u0443\u0440\u0430 Hyperpunk 2 Wireless Tri-Mode \u0433\u0430\u0440\u0430\u043d\u0442\u0443\u0454 \u044f\u043a\u0456\u0441\u043d\u0438\u0439 \u0437\u0432\u0443\u043a \u0442\u0430 \u043a\u043e\u043c\u0444\u043e\u0440\u0442\u043d\u0443 \u0435\u043a\u0441\u043f\u043b\u0443\u0430\u0442\u0430\u0446\u0456\u044e \u0437\u0430 \u0431\u0443\u0434\u044c-\u044f\u043a\u0438\u0445 \u0443\u043c\u043e\u0432...\" descen=\"Light, bright and versatile wireless headset Hyperpunk 2 Wireless Tri-Mode guarantees high-quality sound and comfortable operation in any conditions...\" descde=\"Das leichte, helle und vielseitige kabellose Headset Hyperpunk 2 Wireless Tri-Mode garantiert hochwertigen Klang und komfortable Bedienung unter allen Bedingungen...\" descpl=\"Lekki, jasny i wszechstronny bezprzewodowy zestaw s\u0142uchawkowy Hyperpunk 2 Wireless Tri-Mode gwarantuje wysok\u0105 jako\u015b\u0107 d\u017awi\u0119ku i wygodn\u0105 prac\u0119 w ka\u017cdych warunkach...\"]","protected":false},"featured_media":35212,"template":"","meta":[],"translation":{"provider":"WPGlobus","version":"2.5.11","language":"ua","enabled_languages":["en","ua","de","pl"],"languages":{"en":{"title":true,"content":false,"excerpt":true},"ua":{"title":false,"content":false,"excerpt":false},"de":{"title":false,"content":false,"excerpt":false},"pl":{"title":false,"content":false,"excerpt":false}}},"aioseo_notices":[],"_links":{"self":[{"href":"https:\/\/shop.hator.gg\/ua\/wp-json\/wp\/v2\/product\/35211"}],"collection":[{"href":"https:\/\/shop.hator.gg\/ua\/wp-json\/wp\/v2\/product"}],"about":[{"href":"https:\/\/shop.hator.gg\/ua\/wp-json\/wp\/v2\/types\/product"}],"wp:featuredmedia":[{"embeddable":true,"href":"https:\/\/shop.hator.gg\/ua\/wp-json\/wp\/v2\/media\/35212"}],"wp:attachment":[{"href":"https:\/\/shop.hator.gg\/ua\/wp-json\/wp\/v2\/media?parent=35211"}],"curies":[{"name":"wp","href":"https:\/\/api.w.org\/{rel}","templated":true}]}}