{"id":34994,"date":"2023-09-18T10:36:13","date_gmt":"2023-09-18T07:36:13","guid":{"rendered":"https:\/\/shop.hator.gg\/?post_type=product&#038;p=34994"},"modified":"2026-03-25T17:07:35","modified_gmt":"2026-03-25T14:07:35","slug":"hator-arc-x-htc-868-mineral-grey","status":"publish","type":"product","link":"https:\/\/shop.hator.gg\/ua\/chairs\/hator-arc-x-htc-868-mineral-grey\/","title":{"rendered":"Hator Arc X (HTC-868) Mineral Grey"},"content":{"rendered":"","protected":false},"excerpt":{"rendered":"[show_any_info_btn hatordomen=\"https:\/\/hator.gg\" link=\"\/gaming-chairs\/arc-x\" descua=\"\u041d\u0430\u0448\u0435 \u043b\u0435\u0433\u0435\u043d\u0434\u0430\u0440\u043d\u0435 \u043a\u0440\u0456\u0441\u043b\u043e \u0442\u0435\u043f\u0435\u0440 \u0443 \u0431\u0456\u043b\u044c\u0448 \u0434\u043e\u0441\u0442\u0443\u043f\u043d\u043e\u043c\u0443 \u0432\u0430\u0440\u0456\u0430\u043d\u0442\u0456 \u2013 Arc X. \u0412\u0438\u0441\u043e\u043a\u0438\u0439 \u0440\u0456\u0432\u0435\u043d\u044c \u043a\u043e\u043c\u0444\u043e\u0440\u0442\u0443 \u0442\u0430 \u0432\u0438\u0441\u043e\u043a\u043e\u044f\u043a\u0456\u0441\u043d\u0456 \u043a\u043e\u043c\u043f\u043e\u043d\u0435\u043d\u0442\u0438 \u0430\u043d\u0430\u043b\u043e\u0433\u0456\u0447\u043d\u0456 \u0444\u043b\u0430\u0433\u043c\u0430\u043d\u0441\u044c\u043a\u0456\u0439 \u043c\u043e\u0434\u0435\u043b\u0456...\" descru=\"\u041d\u0430\u0448\u0435 \u043b\u0435\u0433\u0435\u043d\u0434\u0430\u0440\u043d\u0435 \u043a\u0440\u0456\u0441\u043b\u043e \u0442\u0435\u043f\u0435\u0440 \u0443 \u0431\u0456\u043b\u044c\u0448 \u0434\u043e\u0441\u0442\u0443\u043f\u043d\u043e\u043c\u0443 \u0432\u0430\u0440\u0456\u0430\u043d\u0442\u0456 \u2013 Arc X. \u0412\u0438\u0441\u043e\u043a\u0438\u0439 \u0440\u0456\u0432\u0435\u043d\u044c \u043a\u043e\u043c\u0444\u043e\u0440\u0442\u0443 \u0442\u0430 \u0432\u0438\u0441\u043e\u043a\u043e\u044f\u043a\u0456\u0441\u043d\u0456 \u043a\u043e\u043c\u043f\u043e\u043d\u0435\u043d\u0442\u0438 \u0430\u043d\u0430\u043b\u043e\u0433\u0456\u0447\u043d\u0456 \u0444\u043b\u0430\u0433\u043c\u0430\u043d\u0441\u044c\u043a\u0456\u0439 \u043c\u043e\u0434\u0435\u043b\u0456...\" descen=\"Our legendary chair is now available in a more affordable version \u2013 the Arc X. The high level of comfort and high-quality components are the same as in the flagship model...\" descde=\"Unser legend\u00e4rer Stuhl ist jetzt in einer g\u00fcnstigeren Version erh\u00e4ltlich \u2013 dem Arc X. Der hohe Komfort und die hochwertigen Komponenten entsprechen dem Flaggschiff...\" descpl=\"Nasz legendarny fotel jest teraz dost\u0119pny w bardziej przyst\u0119pnej wersji \u2013 Arc X. Wysoki poziom komfortu i wysokiej jako\u015bci komponenty s\u0105 zbli\u017cone do flagowego modelu...\"]","protected":false},"featured_media":34995,"template":"","meta":[],"translation":{"provider":"WPGlobus","version":"2.5.11","language":"ua","enabled_languages":["en","ua","de","pl"],"languages":{"en":{"title":true,"content":false,"excerpt":true},"ua":{"title":false,"content":false,"excerpt":false},"de":{"title":false,"content":false,"excerpt":false},"pl":{"title":false,"content":false,"excerpt":false}}},"aioseo_notices":[],"_links":{"self":[{"href":"https:\/\/shop.hator.gg\/ua\/wp-json\/wp\/v2\/product\/34994"}],"collection":[{"href":"https:\/\/shop.hator.gg\/ua\/wp-json\/wp\/v2\/product"}],"about":[{"href":"https:\/\/shop.hator.gg\/ua\/wp-json\/wp\/v2\/types\/product"}],"wp:featuredmedia":[{"embeddable":true,"href":"https:\/\/shop.hator.gg\/ua\/wp-json\/wp\/v2\/media\/34995"}],"wp:attachment":[{"href":"https:\/\/shop.hator.gg\/ua\/wp-json\/wp\/v2\/media?parent=34994"}],"curies":[{"name":"wp","href":"https:\/\/api.w.org\/{rel}","templated":true}]}}