{"id":34627,"date":"2023-09-12T12:27:48","date_gmt":"2023-09-12T09:27:48","guid":{"rendered":"https:\/\/shop.hator.gg\/?post_type=product&#038;p=34627"},"modified":"2025-10-06T19:29:24","modified_gmt":"2025-10-06T16:29:24","slug":"hator-pulsar-2-pro-wireless-black-htm-530","status":"publish","type":"product","link":"https:\/\/shop.hator.gg\/ua\/mice\/hator-pulsar-2-pro-wireless-black-htm-530\/","title":{"rendered":"HATOR Pulsar 2 Pro Wireless Black (HTM-530)"},"content":{"rendered":"","protected":false},"excerpt":{"rendered":"[show_any_info_btn hatordomen=\"https:\/\/hator.gg\" link=\"\/mice\/pulsar-2-pro-wireless\" descua=\"Pulsar 2 Pro Wireless \u043d\u0430\u0434\u0430\u0441\u0442\u044c \u0412\u0430\u043c \u0431\u0435\u0437\u043c\u0435\u0436\u043d\u0456 \u043c\u043e\u0436\u043b\u0438\u0432\u043e\u0441\u0442\u0456 \u0434\u043b\u044f \u0434\u043e\u0441\u044f\u0433\u043d\u0435\u043d\u043d\u044f \u0440\u0435\u0437\u0443\u043b\u044c\u0442\u0430\u0442\u0456\u0432 \u0432 \u0437\u043c\u0430\u0433\u0430\u043b\u044c\u043d\u0438\u0445 \u0456\u0433\u0440\u0430\u0445! \u0417\u0431\u0430\u043b\u0430\u043d\u0441\u043e\u0432\u0430\u043d\u0430 \u0444\u043e\u0440\u043c\u0430 \u0442\u0430 \u0442\u0456\u043b\u044c\u043a\u0438 \u043d\u0430\u0439\u043a\u0440\u0430\u0449\u0456 \u043a\u043e\u043c\u043f\u043e\u043d\u0435\u043d\u0442\u0438 \u0454 \u0437\u0430\u043f\u043e\u0440\u0443\u043a\u043e\u044e \u043a\u043e\u043c\u0444\u043e\u0440\u0442\u0443 \u043a\u043e\u0440\u0438\u0441\u0442\u0443\u0432\u0430\u043d\u043d\u044f \u0442\u0430 \u0432\u0438\u0441\u043e\u043a\u043e\u0457 \u043d\u0430\u0434\u0456\u0439\u043d\u043e\u0441\u0442\u0456.\" descru=\"Pulsar 2 Pro Wireless \u043d\u0430\u0434\u0430\u0441\u0442\u044c \u0412\u0430\u043c \u0431\u0435\u0437\u043c\u0435\u0436\u043d\u0456 \u043c\u043e\u0436\u043b\u0438\u0432\u043e\u0441\u0442\u0456 \u0434\u043b\u044f \u0434\u043e\u0441\u044f\u0433\u043d\u0435\u043d\u043d\u044f \u0440\u0435\u0437\u0443\u043b\u044c\u0442\u0430\u0442\u0456\u0432 \u0432 \u0437\u043c\u0430\u0433\u0430\u043b\u044c\u043d\u0438\u0445 \u0456\u0433\u0440\u0430\u0445! \u0417\u0431\u0430\u043b\u0430\u043d\u0441\u043e\u0432\u0430\u043d\u0430 \u0444\u043e\u0440\u043c\u0430 \u0442\u0430 \u0442\u0456\u043b\u044c\u043a\u0438 \u043d\u0430\u0439\u043a\u0440\u0430\u0449\u0456 \u043a\u043e\u043c\u043f\u043e\u043d\u0435\u043d\u0442\u0438 \u0454 \u0437\u0430\u043f\u043e\u0440\u0443\u043a\u043e\u044e \u043a\u043e\u043c\u0444\u043e\u0440\u0442\u0443 \u043a\u043e\u0440\u0438\u0441\u0442\u0443\u0432\u0430\u043d\u043d\u044f \u0442\u0430 \u0432\u0438\u0441\u043e\u043a\u043e\u0457 \u043d\u0430\u0434\u0456\u0439\u043d\u043e\u0441\u0442\u0456.\" descen=\"Pulsar 2 Pro Wireless will give you unlimited opportunities to achieve results in competitive games! A balanced shape and only the best components are the guarantee of comfort of use and high reliability.\" descde=\"Pulsar 2 Pro Wireless bietet Ihnen unbegrenzte M\u00f6glichkeiten, in Wettkampfspielen Ergebnisse zu erzielen! Eine ausgewogene Form und nur die besten Komponenten garantieren Bedienkomfort und hohe Zuverl\u00e4ssigkeit.\" descpl=\"Pulsar 2 Pro Wireless da Ci nieograniczone mo\u017cliwo\u015bci osi\u0105gania wynik\u00f3w w rywalizacyjnych grach! Wywa\u017cony kszta\u0142t i tylko najlepsze komponenty s\u0105 gwarancj\u0105 komfortu u\u017cytkowania i wysokiej niezawodno\u015bci.\"]","protected":false},"featured_media":34633,"template":"","meta":[],"translation":{"provider":"WPGlobus","version":"2.5.11","language":"ua","enabled_languages":["en","ua","de","pl"],"languages":{"en":{"title":true,"content":false,"excerpt":true},"ua":{"title":false,"content":false,"excerpt":false},"de":{"title":false,"content":false,"excerpt":false},"pl":{"title":false,"content":false,"excerpt":false}}},"aioseo_notices":[],"_links":{"self":[{"href":"https:\/\/shop.hator.gg\/ua\/wp-json\/wp\/v2\/product\/34627"}],"collection":[{"href":"https:\/\/shop.hator.gg\/ua\/wp-json\/wp\/v2\/product"}],"about":[{"href":"https:\/\/shop.hator.gg\/ua\/wp-json\/wp\/v2\/types\/product"}],"wp:featuredmedia":[{"embeddable":true,"href":"https:\/\/shop.hator.gg\/ua\/wp-json\/wp\/v2\/media\/34633"}],"wp:attachment":[{"href":"https:\/\/shop.hator.gg\/ua\/wp-json\/wp\/v2\/media?parent=34627"}],"curies":[{"name":"wp","href":"https:\/\/api.w.org\/{rel}","templated":true}]}}