{"id":33826,"date":"2023-08-30T20:26:38","date_gmt":"2023-08-30T17:26:38","guid":{"rendered":"https:\/\/shop.hator.gg\/?post_type=product&#038;p=33826"},"modified":"2026-03-25T17:13:06","modified_gmt":"2026-03-25T14:13:06","slug":"hator-rockfall-2-tkl-optica-white-htk-731","status":"publish","type":"product","link":"https:\/\/shop.hator.gg\/ua\/keyboards\/hator-rockfall-2-tkl-optica-white-htk-731\/","title":{"rendered":"HATOR Rockfall 2 TKL Optica White (HTK-731)"},"content":{"rendered":"","protected":false},"excerpt":{"rendered":"[show_any_info_btn hatordomen=\"https:\/\/hator.gg\" link=\"\/keyboards\/rockfall-2-optical-tkl\" descua=\"\u041d\u0430\u0439\u043f\u043e\u043f\u0443\u043b\u044f\u0440\u043d\u0456\u0448\u0430 \u043a\u043b\u0430\u0432\u0456\u0430\u0442\u0443\u0440\u0430 \u0443\u043a\u0440\u0430\u0457\u043d\u0441\u044c\u043a\u0438\u0445 \u0433\u0435\u0439\u043c\u0435\u0440\u0456\u0432 \u0437\u0430\u0437\u043d\u0430\u043b\u0430 \u0435\u0432\u043e\u043b\u044e\u0446\u0456\u0439\u043d\u0438\u0445 \u0437\u043c\u0456\u043d. \u041e\u043d\u043e\u0432\u043b\u0435\u043d\u0456 \u043e\u043f\u0442\u0438\u0447\u043d\u0456 \u043f\u0435\u0440\u0435\u043c\u0438\u043a\u0430\u0447\u0456 Kailh \u044f\u043a \u0456 \u0440\u0430\u043d\u0456\u0448\u0435 \u0437\u0430\u0431\u0435\u0437\u043f\u0435\u0447\u0443\u044e\u0442\u044c \u043d\u0430\u0434\u0448\u0432\u0438\u0434\u043a\u0443 \u0440\u0435\u0430\u043a\u0446\u0456\u044e. \u0410 \u0437\u0430 \u0442\u0430\u043a\u0442\u0438\u043b\u044c\u043d\u0438\u0439 \u0442\u0430 \u0430\u043a\u0443\u0441\u0442\u0438\u0447\u043d\u0438\u0439 \u043a\u043e\u043c\u0444\u043e\u0440\u0442 \u0432\u0456\u0434\u043f\u043e\u0432\u0456\u0434\u0430\u0454 \u0431\u0430\u0433\u0430\u0442\u043e\u043a\u043e\u043c\u043f\u043e\u043d\u0435\u043d\u0442\u043d\u0430 \u0441\u0438\u0441\u0442\u0435\u043c\u0430 \u0448\u0443\u043c\u043e- \u0442\u0430 \u0432\u0456\u0431\u0440\u043e\u0456\u0437\u043e\u043b\u044f\u0446\u0456\u0457.\" descru=\"\u041d\u0430\u0439\u043f\u043e\u043f\u0443\u043b\u044f\u0440\u043d\u0456\u0448\u0430 \u043a\u043b\u0430\u0432\u0456\u0430\u0442\u0443\u0440\u0430 \u0443\u043a\u0440\u0430\u0457\u043d\u0441\u044c\u043a\u0438\u0445 \u0433\u0435\u0439\u043c\u0435\u0440\u0456\u0432 \u0437\u0430\u0437\u043d\u0430\u043b\u0430 \u0435\u0432\u043e\u043b\u044e\u0446\u0456\u0439\u043d\u0438\u0445 \u0437\u043c\u0456\u043d. \u041e\u043d\u043e\u0432\u043b\u0435\u043d\u0456 \u043e\u043f\u0442\u0438\u0447\u043d\u0456 \u043f\u0435\u0440\u0435\u043c\u0438\u043a\u0430\u0447\u0456 Kailh \u044f\u043a \u0456 \u0440\u0430\u043d\u0456\u0448\u0435 \u0437\u0430\u0431\u0435\u0437\u043f\u0435\u0447\u0443\u044e\u0442\u044c \u043d\u0430\u0434\u0448\u0432\u0438\u0434\u043a\u0443 \u0440\u0435\u0430\u043a\u0446\u0456\u044e. \u0410 \u0437\u0430 \u0442\u0430\u043a\u0442\u0438\u043b\u044c\u043d\u0438\u0439 \u0442\u0430 \u0430\u043a\u0443\u0441\u0442\u0438\u0447\u043d\u0438\u0439 \u043a\u043e\u043c\u0444\u043e\u0440\u0442 \u0432\u0456\u0434\u043f\u043e\u0432\u0456\u0434\u0430\u0454 \u0431\u0430\u0433\u0430\u0442\u043e\u043a\u043e\u043c\u043f\u043e\u043d\u0435\u043d\u0442\u043d\u0430 \u0441\u0438\u0441\u0442\u0435\u043c\u0430 \u0448\u0443\u043c\u043e- \u0442\u0430 \u0432\u0456\u0431\u0440\u043e\u0456\u0437\u043e\u043b\u044f\u0446\u0456\u0457.\" descen=\"The most popular keyboard of Ukrainian gamers has undergone evolutionary changes. Updated Kailh optical switches still provide ultra-fast response. A multi-component noise and vibration isolation system is responsible for tactile and acoustic comfort.\" descde=\"Die beliebteste Tastatur ukrainischer Gamer hat evolution\u00e4re Ver\u00e4nderungen erfahren. Aktualisierte optische Kailh-Schalter sorgen immer noch f\u00fcr eine ultraschnelle Reaktion. F\u00fcr den taktilen und akustischen Komfort ist ein mehrkomponentiges Ger\u00e4usch- und Schwingungsisolationssystem verantwortlich.\" descpl=\"Najpopularniejsza klawiatura ukrai\u0144skich graczy przesz\u0142a ewolucyjne zmiany, a zmodernizowane prze\u0142\u0105czniki optyczne Kailh nadal zapewniaj\u0105 ultraszybk\u0105 reakcj\u0119. Za komfort dotykowy i akustyczny odpowiada wieloelementowy system izolacji ha\u0142asu i wibracji.\"]","protected":false},"featured_media":33827,"template":"","meta":[],"translation":{"provider":"WPGlobus","version":"2.5.11","language":"ua","enabled_languages":["en","ua","de","pl"],"languages":{"en":{"title":true,"content":false,"excerpt":true},"ua":{"title":false,"content":false,"excerpt":false},"de":{"title":false,"content":false,"excerpt":false},"pl":{"title":false,"content":false,"excerpt":false}}},"aioseo_notices":[],"_links":{"self":[{"href":"https:\/\/shop.hator.gg\/ua\/wp-json\/wp\/v2\/product\/33826"}],"collection":[{"href":"https:\/\/shop.hator.gg\/ua\/wp-json\/wp\/v2\/product"}],"about":[{"href":"https:\/\/shop.hator.gg\/ua\/wp-json\/wp\/v2\/types\/product"}],"wp:featuredmedia":[{"embeddable":true,"href":"https:\/\/shop.hator.gg\/ua\/wp-json\/wp\/v2\/media\/33827"}],"wp:attachment":[{"href":"https:\/\/shop.hator.gg\/ua\/wp-json\/wp\/v2\/media?parent=33826"}],"curies":[{"name":"wp","href":"https:\/\/api.w.org\/{rel}","templated":true}]}}