{"id":32943,"date":"2023-08-15T19:13:45","date_gmt":"2023-08-15T16:13:45","guid":{"rendered":"https:\/\/shop.hator.gg\/?post_type=product&#038;p=32943"},"modified":"2026-01-26T22:12:49","modified_gmt":"2026-01-26T19:12:49","slug":"detachable-cable-for-hator-hypergang-1-5m-1x3-5mm-with-remote-control-acc-201","status":"publish","type":"product","link":"https:\/\/shop.hator.gg\/ua\/accessories\/detachable-cable-for-hator-hypergang-1-5m-1x3-5mm-with-remote-control-acc-201\/","title":{"rendered":"\u0417\u2019\u0454\u043c\u043d\u0438\u0439 \u043a\u0430\u0431\u0435\u043b\u044c \u0434\u043b\u044f HATOR Hypergang 1.5\u043c 1\u00d73.5\u043c\u043c \u0437 \u043f\u0443\u043b\u044c\u0442\u043e\u043c (ACC-201)"},"content":{"rendered":"","protected":false},"excerpt":{"rendered":"[show_any_info_btn hatordomen=\"https:\/\/hator.gg\" link=\"\/accessories\/audio-accessories\/detachable-cable-for-hator-hypergang-acc201\/\" descua=\"\u0410\u0443\u0434\u0456\u043e\u043a\u0430\u0431\u0435\u043b\u044c \u043e\u0441\u043d\u0430\u0449\u0435\u043d\u0438\u0439 \u0440\u043e\u0437\u2019\u0454\u043c\u043e\u043c mini jack 3.5mm \u0443 \u043a\u043e\u043d\u0444\u0456\u0433\u0443\u0440\u0430\u0446\u0456\u0457 mini Jack 3.5 mm \u2013 mini Jack 3.5 mm (\u0442\u0430\u0442\u043e-\u0442\u0430\u0442\u043e). \u041f\u0456\u0434\u043a\u043b\u044e\u0447\u0430\u0439\u0442\u0435 \u0433\u0430\u0440\u043d\u0456\u0442\u0443\u0440\u0443 \u043b\u0435\u0433\u043a\u043e \u0431\u0435\u0437 \u0434\u043e\u0434\u0430\u0442\u043a\u043e\u0432\u0438\u0445 \u0456\u043d\u0441\u0442\u0440\u0443\u043c\u0435\u043d\u0442\u0456\u0432 \u0430\u0431\u043e \u043f\u0435\u0440\u0435\u0445\u0456\u0434\u043d\u0438\u043a\u0456\u0432...\" descru=\"\u0410\u0443\u0434\u0456\u043e\u043a\u0430\u0431\u0435\u043b\u044c \u043e\u0441\u043d\u0430\u0449\u0435\u043d\u0438\u0439 \u0440\u043e\u0437\u2019\u0454\u043c\u043e\u043c mini jack 3.5mm \u0443 \u043a\u043e\u043d\u0444\u0456\u0433\u0443\u0440\u0430\u0446\u0456\u0457 mini Jack 3.5 mm \u2013 mini Jack 3.5 mm (\u0442\u0430\u0442\u043e-\u0442\u0430\u0442\u043e). \u041f\u0456\u0434\u043a\u043b\u044e\u0447\u0430\u0439\u0442\u0435 \u0433\u0430\u0440\u043d\u0456\u0442\u0443\u0440\u0443 \u043b\u0435\u0433\u043a\u043e \u0431\u0435\u0437 \u0434\u043e\u0434\u0430\u0442\u043a\u043e\u0432\u0438\u0445 \u0456\u043d\u0441\u0442\u0440\u0443\u043c\u0435\u043d\u0442\u0456\u0432 \u0430\u0431\u043e \u043f\u0435\u0440\u0435\u0445\u0456\u0434\u043d\u0438\u043a\u0456\u0432...\" descen=\"The audio cable is equipped with a mini jack 3.5mm connector in the configuration mini Jack 3.5mm \u2013 mini Jack 3.5mm (dad-dad). Connect the headset easily without additional tools or adapters...\" descde=\"Das Audiokabel ist mit einem 3.5-mm-Miniklinkenstecker in der Konfiguration Miniklinke 3.5mm \u2013 Miniklinke 3.5mm (Papa-Papa) ausgestattet. Schlie\u00dfen Sie das Headset einfach und ohne zus\u00e4tzliche Werkzeuge oder Adapter an...\" descpl=\"Kabel audio wyposa\u017cony jest we wtyk mini jack 3.5mm w konfiguracji mini Jack 3.5mm \u2013 mini Jack 3.5mm (tata-tata). Zestaw s\u0142uchawkowy mo\u017cna \u0142atwo pod\u0142\u0105czy\u0107 bez dodatkowych narz\u0119dzi czy przej\u015bci\u00f3wek...\"]","protected":false},"featured_media":32949,"template":"","meta":[],"translation":{"provider":"WPGlobus","version":"2.5.11","language":"ua","enabled_languages":["en","ua","de","pl"],"languages":{"en":{"title":true,"content":false,"excerpt":true},"ua":{"title":true,"content":false,"excerpt":false},"de":{"title":true,"content":false,"excerpt":false},"pl":{"title":true,"content":false,"excerpt":false}}},"aioseo_notices":[],"_links":{"self":[{"href":"https:\/\/shop.hator.gg\/ua\/wp-json\/wp\/v2\/product\/32943"}],"collection":[{"href":"https:\/\/shop.hator.gg\/ua\/wp-json\/wp\/v2\/product"}],"about":[{"href":"https:\/\/shop.hator.gg\/ua\/wp-json\/wp\/v2\/types\/product"}],"wp:featuredmedia":[{"embeddable":true,"href":"https:\/\/shop.hator.gg\/ua\/wp-json\/wp\/v2\/media\/32949"}],"wp:attachment":[{"href":"https:\/\/shop.hator.gg\/ua\/wp-json\/wp\/v2\/media?parent=32943"}],"curies":[{"name":"wp","href":"https:\/\/api.w.org\/{rel}","templated":true}]}}