{"id":31430,"date":"2023-07-25T10:10:46","date_gmt":"2023-07-25T07:10:46","guid":{"rendered":"https:\/\/shop.hator.gg\/?post_type=product&#038;p=31430"},"modified":"2026-03-25T16:50:41","modified_gmt":"2026-03-25T13:50:41","slug":"hator-hyperpunk-truedots-hta-410-black","status":"publish","type":"product","link":"https:\/\/shop.hator.gg\/ua\/tws\/hator-hyperpunk-truedots-hta-410-black\/","title":{"rendered":"HATOR Hyperpunk Truedots (HTA-410) Black"},"content":{"rendered":"","protected":false},"excerpt":{"rendered":"[show_any_info_btn hatordomen=\"https:\/\/hator.gg\" link=\"\/tws\/hyperpunk-truedots\/\" descua=\"\u042f\u043a\u0438\u043c\u0438 \u043c\u0430\u044e\u0442\u044c \u0431\u0443\u0442\u0438 \u0441\u0443\u0447\u0430\u0441\u043d\u0456 TWS \u043d\u0430\u0432\u0443\u0448\u043d\u0438\u043a\u0438? \u041f\u0440\u0430\u043a\u0442\u0438\u0447\u043d\u0438\u043c\u0438, \u043a\u043e\u043c\u043f\u0430\u043a\u0442\u043d\u0438\u043c\u0438, \u0432\u0438\u0442\u0440\u0438\u0432\u0430\u043b\u0438\u043c\u0438, \u0437 \u044f\u043a\u0456\u0441\u043d\u0438\u043c \u0437\u0432\u0443\u0447\u0430\u043d\u043d\u044f\u043c \u0442\u0430 \u043d\u0430\u0434\u0456\u0439\u043d\u0438\u043c \u0437\u0432\u2019\u044f\u0437\u043a\u043e\u043c. \u0421\u0430\u043c\u0435 \u0446\u0456 \u0440\u0438\u0441\u0438 \u043e\u0431\u2019\u0454\u0434\u043d\u0430\u043d\u0456 \u0432 \u043d\u0430\u0448\u0456\u0439 \u043c\u043e\u0434\u0435\u043b\u0456 Hyperpunk Truedots.\" descru=\"\u042f\u043a\u0438\u043c\u0438 \u043c\u0430\u044e\u0442\u044c \u0431\u0443\u0442\u0438 \u0441\u0443\u0447\u0430\u0441\u043d\u0456 TWS \u043d\u0430\u0432\u0443\u0448\u043d\u0438\u043a\u0438? \u041f\u0440\u0430\u043a\u0442\u0438\u0447\u043d\u0438\u043c\u0438, \u043a\u043e\u043c\u043f\u0430\u043a\u0442\u043d\u0438\u043c\u0438, \u0432\u0438\u0442\u0440\u0438\u0432\u0430\u043b\u0438\u043c\u0438, \u0437 \u044f\u043a\u0456\u0441\u043d\u0438\u043c \u0437\u0432\u0443\u0447\u0430\u043d\u043d\u044f\u043c \u0442\u0430 \u043d\u0430\u0434\u0456\u0439\u043d\u0438\u043c \u0437\u0432\u2019\u044f\u0437\u043a\u043e\u043c. \u0421\u0430\u043c\u0435 \u0446\u0456 \u0440\u0438\u0441\u0438 \u043e\u0431\u2019\u0454\u0434\u043d\u0430\u043d\u0456 \u0432 \u043d\u0430\u0448\u0456\u0439 \u043c\u043e\u0434\u0435\u043b\u0456 Hyperpunk Truedots.\" descen=\"What should modern TWS headphones be like? They should be functional, compact, durable, with high-quality sound and reliable connection. These features are combined in our Hyperpunk Truedots model.\" descde=\"Wie sollte ein moderner TWS-Kopfh\u00f6rer aussehen? Sie sollten praktisch, kompakt und langlebig sein, eine hohe Klangqualit\u00e4t und eine zuverl\u00e4ssige Verbindung bieten. Diese Eigenschaften sind in unserem Modell Hyperpunk Truedots vereint.\" descpl=\"Jakie powinny by\u0107 nowoczesne s\u0142uchawki TWS? Praktyczne, kompaktowe, wytrzyma\u0142e, z wysokiej jako\u015bci d\u017awi\u0119kiem i niezawodnym po\u0142\u0105czeniem. Te cechy \u0142\u0105czy w sobie nasz model Hyperpunk Truedots.\"]","protected":false},"featured_media":31431,"template":"","meta":[],"translation":{"provider":"WPGlobus","version":"2.5.11","language":"ua","enabled_languages":["en","ua","de","pl"],"languages":{"en":{"title":true,"content":false,"excerpt":true},"ua":{"title":false,"content":false,"excerpt":false},"de":{"title":false,"content":false,"excerpt":false},"pl":{"title":false,"content":false,"excerpt":false}}},"aioseo_notices":[],"_links":{"self":[{"href":"https:\/\/shop.hator.gg\/ua\/wp-json\/wp\/v2\/product\/31430"}],"collection":[{"href":"https:\/\/shop.hator.gg\/ua\/wp-json\/wp\/v2\/product"}],"about":[{"href":"https:\/\/shop.hator.gg\/ua\/wp-json\/wp\/v2\/types\/product"}],"wp:featuredmedia":[{"embeddable":true,"href":"https:\/\/shop.hator.gg\/ua\/wp-json\/wp\/v2\/media\/31431"}],"wp:attachment":[{"href":"https:\/\/shop.hator.gg\/ua\/wp-json\/wp\/v2\/media?parent=31430"}],"curies":[{"name":"wp","href":"https:\/\/api.w.org\/{rel}","templated":true}]}}