{"id":29304,"date":"2023-06-08T12:32:41","date_gmt":"2023-06-08T09:32:41","guid":{"rendered":"https:\/\/shop.hator.gg\/?post_type=product&#038;p=29304"},"modified":"2026-02-17T21:12:44","modified_gmt":"2026-02-17T18:12:44","slug":"hator-pulsar-evo-black-htm-323","status":"publish","type":"product","link":"https:\/\/shop.hator.gg\/ua\/mice\/hator-pulsar-evo-black-htm-323\/","title":{"rendered":"HATOR Pulsar EVO Black (HTM-323)"},"content":{"rendered":"","protected":false},"excerpt":{"rendered":"[show_any_info_btn hatordomen=\"https:\/\/hator.gg\" link=\"\/mice\/pulsar-evo\" descua=\"\u041d\u0430\u0448\u0430 \u043f\u043e\u043f\u0443\u043b\u044f\u0440\u043d\u0430 \u043c\u0438\u0448\u043a\u0430 \u043e\u0442\u0440\u0438\u043c\u0430\u043b\u0430 \u043e\u043d\u043e\u0432\u043b\u0435\u043d\u043d\u044f \u0442\u0430 \u0441\u0442\u0430\u043b\u0430 \u0449\u0435 \u0431\u0456\u043b\u044c\u0448 \u043d\u0430\u0439\u0434\u0456\u0439\u043d\u043e\u044e \u0456 \u0432\u0438\u0442\u0440\u0438\u0432\u0430\u043b\u043e\u044e. \u0422\u0435\u043f\u0435\u0440 \u0434\u043e 80 \u043c\u0456\u043b\u044c\u0439\u043e\u043d\u0456\u0432 \u043a\u043b\u0456\u043a\u0456\u0432 \u0437 \u0435\u0442\u0430\u043b\u043e\u043d\u043d\u0438\u043c\u0438 \u043f\u0435\u0440\u0435\u043c\u0438\u043a\u0430\u0447\u0430\u043c\u0438 Kailh GM8.0 \u201cBlack Mamba\u201d.\" descru=\"\u041d\u0430\u0448\u0430 \u043f\u043e\u043f\u0443\u043b\u044f\u0440\u043d\u0430 \u043c\u0438\u0448\u043a\u0430 \u043e\u0442\u0440\u0438\u043c\u0430\u043b\u0430 \u043e\u043d\u043e\u0432\u043b\u0435\u043d\u043d\u044f \u0442\u0430 \u0441\u0442\u0430\u043b\u0430 \u0449\u0435 \u0431\u0456\u043b\u044c\u0448 \u043d\u0430\u0439\u0434\u0456\u0439\u043d\u043e\u044e \u0456 \u0432\u0438\u0442\u0440\u0438\u0432\u0430\u043b\u043e\u044e. \u0422\u0435\u043f\u0435\u0440 \u0434\u043e 80 \u043c\u0456\u043b\u044c\u0439\u043e\u043d\u0456\u0432 \u043a\u043b\u0456\u043a\u0456\u0432 \u0437 \u0435\u0442\u0430\u043b\u043e\u043d\u043d\u0438\u043c\u0438 \u043f\u0435\u0440\u0435\u043c\u0438\u043a\u0430\u0447\u0430\u043c\u0438 Kailh GM8.0 \u201cBlack Mamba\u201d.\" descen=\"Our popular mouse has been updated and has become even more effective and durable. Now up to 80 million clicks with the Kailh GM8.0 \u201cBlack Mamba\u201d switches.\" descde=\"Unsere beliebte Maus wurde \u00fcberarbeitet und ist noch effektiver und langlebiger geworden. Jetzt bis zu 80 Millionen Klicks mit den Kailh GM8.0 \u201eBlack Mamba\u201c Referenzschaltern. \" descpl=\"Nasza popularna mysz zosta\u0142a unowocze\u015bniona i sta\u0142a si\u0119 jeszcze bardziej efektywna i wytrzyma\u0142a. Teraz do 80 milion\u00f3w klikni\u0119\u0107 dzi\u0119ki prze\u0142\u0105cznikom referencyjnym Kailh GM8.0 \u201eBlack Mamba\u201d.\"]","protected":false},"featured_media":1231,"template":"","meta":[],"translation":{"provider":"WPGlobus","version":"2.5.11","language":"ua","enabled_languages":["en","ua","de","pl"],"languages":{"en":{"title":true,"content":false,"excerpt":true},"ua":{"title":false,"content":false,"excerpt":false},"de":{"title":false,"content":false,"excerpt":false},"pl":{"title":false,"content":false,"excerpt":false}}},"aioseo_notices":[],"_links":{"self":[{"href":"https:\/\/shop.hator.gg\/ua\/wp-json\/wp\/v2\/product\/29304"}],"collection":[{"href":"https:\/\/shop.hator.gg\/ua\/wp-json\/wp\/v2\/product"}],"about":[{"href":"https:\/\/shop.hator.gg\/ua\/wp-json\/wp\/v2\/types\/product"}],"wp:featuredmedia":[{"embeddable":true,"href":"https:\/\/shop.hator.gg\/ua\/wp-json\/wp\/v2\/media\/1231"}],"wp:attachment":[{"href":"https:\/\/shop.hator.gg\/ua\/wp-json\/wp\/v2\/media?parent=29304"}],"curies":[{"name":"wp","href":"https:\/\/api.w.org\/{rel}","templated":true}]}}