{"id":2920,"date":"2021-02-25T13:42:42","date_gmt":"2021-02-25T10:42:42","guid":{"rendered":"https:\/\/shop.hator.gg\/?post_type=product&#038;p=2920"},"modified":"2026-03-25T17:19:36","modified_gmt":"2026-03-25T14:19:36","slug":"hator-set-of-mechanical-switches-gateron-black-hts-114","status":"publish","type":"product","link":"https:\/\/shop.hator.gg\/ua\/accessories\/hator-set-of-mechanical-switches-gateron-black-hts-114\/","title":{"rendered":"\u041a\u043e\u043c\u043f\u043b\u0435\u043a\u0442 \u043c\u0435\u0445\u0430\u043d\u0456\u0447\u043d\u0438\u0445 \u043f\u0435\u0440\u0435\u043c\u0438\u043a\u0430\u0447\u0456\u0432 Gateron Black (HTS-114)"},"content":{"rendered":"","protected":false},"excerpt":{"rendered":"[show_any_info_btn hatordomen=\"https:\/\/hator.gg\" link=\"\/accessories\/keyboards-accessories\/set-of-mechanical-hotswap-switches-gateron\" descua=\"\u041d\u0430\u0431\u0456\u0440 \u043c\u0435\u0445\u0430\u043d\u0456\u0447\u043d\u0438\u0445 \u043f\u0435\u0440\u0435\u043c\u0438\u043a\u0430\u0447\u0456\u0432 Gateron \u0441\u0435\u0440\u0456\u0457 KS-9 \u0434\u043e\u0437\u0432\u043e\u043b\u0438\u0442\u044c \u0432\u0430\u043c \u043c\u0430\u043a\u0441\u0438\u043c\u0430\u043b\u044c\u043d\u043e \u043f\u0435\u0440\u0441\u043e\u043d\u0430\u043b\u0456\u0437\u0443\u0432\u0430\u0442\u0438 \u0432\u043b\u0430\u0441\u0442\u0438\u0432\u043e\u0441\u0442\u0456 \u043a\u043d\u043e\u043f\u043e\u043a \u043a\u043b\u0430\u0432\u0456\u0430\u0442\u0443\u0440\u0438 \u043f\u0456\u0434 \u0441\u0432\u043e\u0457 \u043f\u043e\u0442\u0440\u0435\u0431\u0438 \u0456 \u0443\u043f\u043e\u0434\u043e\u0431\u0430\u043d\u043d\u044f...\" descru=\"\u041d\u0430\u0431\u043e\u0440 \u043c\u0435\u0445\u0430\u043d\u0438\u0447\u0435\u0441\u043a\u0438\u0445 \u043f\u0435\u0440\u0435\u043a\u043b\u044e\u0447\u0430\u0442\u0435\u043b\u0435\u0439 Gateron \u0441\u0435\u0440\u0438\u0438 KS-9 \u043f\u043e\u0437\u0432\u043e\u043b\u0438\u0442 \u0432\u0430\u043c \u043c\u0430\u043a\u0441\u0438\u043c\u0430\u043b\u044c\u043d\u043e \u043f\u0435\u0440\u0441\u043e\u043d\u0430\u043b\u0438\u0437\u0438\u0440\u043e\u0432\u0430\u0442\u044c \u0441\u0432\u043e\u0439\u0441\u0442\u0432\u0430 \u043a\u043d\u043e\u043f\u043e\u043a \u043a\u043b\u0430\u0432\u0438\u0430\u0442\u0443\u0440\u044b \u043f\u043e\u0434 \u0441\u0432\u043e\u0438 \u043f\u043e\u0442\u0440\u0435\u0431\u043d\u043e\u0441\u0442\u0438 \u0438 \u043f\u0440\u0435\u0434\u043f\u043e\u0447\u0442\u0435\u043d\u0438\u044f...\" descen=\"The Gateron KS-9 switchers set allows you to personalize your keyboard buttons options exactly for your needs...\" descde=\"Mit dem mechanischen Schalterset der Gateron KS-9-Serie k\u00f6nnen Sie Ihre Tastaturtasten an Ihre Bed\u00fcrfnisse und Vorlieben anpassen...\" descpl=\"Zestaw prze\u0142\u0105cznik\u00f3w mechanicznych Gateron z serii KS-9 pozwoli Ci maksymalnie dostosowa\u0107 w\u0142a\u015bciwo\u015bci przycisk\u00f3w klawiatury do w\u0142asnych potrzeb i preferencji...\"]","protected":false},"featured_media":2921,"template":"","meta":[],"translation":{"provider":"WPGlobus","version":"2.5.11","language":"ua","enabled_languages":["en","ua","de","pl"],"languages":{"en":{"title":true,"content":false,"excerpt":true},"ua":{"title":true,"content":false,"excerpt":false},"de":{"title":false,"content":false,"excerpt":false},"pl":{"title":false,"content":false,"excerpt":false}}},"aioseo_notices":[],"_links":{"self":[{"href":"https:\/\/shop.hator.gg\/ua\/wp-json\/wp\/v2\/product\/2920"}],"collection":[{"href":"https:\/\/shop.hator.gg\/ua\/wp-json\/wp\/v2\/product"}],"about":[{"href":"https:\/\/shop.hator.gg\/ua\/wp-json\/wp\/v2\/types\/product"}],"wp:featuredmedia":[{"embeddable":true,"href":"https:\/\/shop.hator.gg\/ua\/wp-json\/wp\/v2\/media\/2921"}],"wp:attachment":[{"href":"https:\/\/shop.hator.gg\/ua\/wp-json\/wp\/v2\/media?parent=2920"}],"curies":[{"name":"wp","href":"https:\/\/api.w.org\/{rel}","templated":true}]}}