{"id":27670,"date":"2023-04-27T09:59:18","date_gmt":"2023-04-27T06:59:18","guid":{"rendered":"https:\/\/shop.hator.gg\/?post_type=product&#038;p=27670"},"modified":"2024-01-25T08:12:49","modified_gmt":"2024-01-25T05:12:49","slug":"hator-starfall-rgb-premium-green-htk-598","status":"publish","type":"product","link":"https:\/\/shop.hator.gg\/ua\/keyboards\/hator-starfall-rgb-premium-green-htk-598\/","title":{"rendered":"Hator Starfall RGB Premium Green (HTK-598)"},"content":{"rendered":"","protected":false},"excerpt":{"rendered":"[show_any_info_btn hatordomen=\"https:\/\/hator.gg\" link=\"\/keyboards\/starfall-rgb\" descua=\"Starfall RGB \u2013 \u0440\u0430\u0446\u0456\u043e\u043d\u0430\u043b\u044c\u043d\u0438\u0439 \u0432\u0438\u0431\u0456\u0440 \u0434\u043b\u044f \u0432\u0441\u0456\u0445, \u0445\u0442\u043e \u0446\u0456\u043d\u0443\u0454 \u0435\u0444\u0435\u043a\u0442\u0438\u0432\u043d\u0435 \u0441\u043f\u0456\u0432\u0432\u0456\u0434\u043d\u043e\u0448\u0435\u043d\u043d\u044f \u044f\u043a\u043e\u0441\u0442\u0456 \u0432\u0438\u043a\u043e\u043d\u0430\u043d\u043d\u044f, \u0444\u0443\u043d\u043a\u0446\u0456\u043e\u043d\u0430\u043b\u044c\u043d\u043e\u0441\u0442\u0456 \u0442\u0430 \u0440\u043e\u0437\u0443\u043c\u043d\u043e\u0457 \u0432\u0430\u0440\u0442\u043e\u0441\u0442\u0456.\" descru=\"Starfall RGB \u2013 \u0440\u0430\u0446\u0456\u043e\u043d\u0430\u043b\u044c\u043d\u0438\u0439 \u0432\u0438\u0431\u0456\u0440 \u0434\u043b\u044f \u0432\u0441\u0456\u0445, \u0445\u0442\u043e \u0446\u0456\u043d\u0443\u0454 \u0435\u0444\u0435\u043a\u0442\u0438\u0432\u043d\u0435 \u0441\u043f\u0456\u0432\u0432\u0456\u0434\u043d\u043e\u0448\u0435\u043d\u043d\u044f \u044f\u043a\u043e\u0441\u0442\u0456 \u0432\u0438\u043a\u043e\u043d\u0430\u043d\u043d\u044f, \u0444\u0443\u043d\u043a\u0446\u0456\u043e\u043d\u0430\u043b\u044c\u043d\u043e\u0441\u0442\u0456 \u0442\u0430 \u0440\u043e\u0437\u0443\u043c\u043d\u043e\u0457 \u0432\u0430\u0440\u0442\u043e\u0441\u0442\u0456.\" descen=\"Starfall RGB is a rational choice for everyone who appreciates an effective ratio of performance quality, functionality and reasonable cost.\" descde=\"Starfall RGB ist eine vern\u00fcnftige Wahl f\u00fcr alle, die Wert auf ein effektives Verh\u00e4ltnis von Leistungsqualit\u00e4t, Funktionalit\u00e4t und angemessenen Kosten legen.\" descpl=\"Starfall RGB to racjonalny wyb\u00f3r dla wszystkich, kt\u00f3rzy ceni\u0105 sobie efektywny stosunek jako\u015bci wykonania, funkcjonalno\u015bci i rozs\u0105dnej ceny.\"]","protected":false},"featured_media":27664,"template":"","meta":[],"translation":{"provider":"WPGlobus","version":"2.5.11","language":"ua","enabled_languages":["en","ua","de","pl"],"languages":{"en":{"title":true,"content":false,"excerpt":true},"ua":{"title":false,"content":false,"excerpt":false},"de":{"title":false,"content":false,"excerpt":false},"pl":{"title":false,"content":false,"excerpt":false}}},"aioseo_notices":[],"_links":{"self":[{"href":"https:\/\/shop.hator.gg\/ua\/wp-json\/wp\/v2\/product\/27670"}],"collection":[{"href":"https:\/\/shop.hator.gg\/ua\/wp-json\/wp\/v2\/product"}],"about":[{"href":"https:\/\/shop.hator.gg\/ua\/wp-json\/wp\/v2\/types\/product"}],"wp:featuredmedia":[{"embeddable":true,"href":"https:\/\/shop.hator.gg\/ua\/wp-json\/wp\/v2\/media\/27664"}],"wp:attachment":[{"href":"https:\/\/shop.hator.gg\/ua\/wp-json\/wp\/v2\/media?parent=27670"}],"curies":[{"name":"wp","href":"https:\/\/api.w.org\/{rel}","templated":true}]}}