{"id":26039,"date":"2023-03-28T16:57:38","date_gmt":"2023-03-28T13:57:38","guid":{"rendered":"https:\/\/shop.hator.gg\/?post_type=product&#038;p=26039"},"modified":"2026-03-25T17:28:10","modified_gmt":"2026-03-25T14:28:10","slug":"set-of-hotswap-switches-hator-premium-green-hts-104","status":"publish","type":"product","link":"https:\/\/shop.hator.gg\/ua\/accessories\/set-of-hotswap-switches-hator-premium-green-hts-104\/","title":{"rendered":"\u041a\u043e\u043c\u043f\u043b\u0435\u043a\u0442 \u0445\u043e\u0442-\u0441\u0432\u0430\u043f \u043f\u0435\u0440\u0435\u043c\u0438\u043a\u0430\u0447\u0456\u0432 HATOR Premium Green (HTS-104)"},"content":{"rendered":"","protected":false},"excerpt":{"rendered":"[show_any_info_btn hatordomen=\"https:\/\/hator.gg\" link=\"\/accessories\/keyboards-accessories\/premium-set-of-mechanical-hotswap-switches\" descua=\"HATOR Premium Switches \u043f\u0456\u0434\u0442\u0440\u0438\u043c\u0443\u044e\u0442\u044c \u0444\u0443\u043d\u043a\u0446\u0456\u044e \u0433\u0430\u0440\u044f\u0447\u043e\u0457 \u0437\u0430\u043c\u0456\u043d\u0438 \u0437 \u0443\u0441\u0456\u043c\u0430 MX \u0441\u0443\u043c\u0456\u0441\u043d\u0438\u043c\u0438 \u0441\u043e\u043a\u0435\u0442\u0430\u043c\u0438 \u043d\u0430 5 \u043f\u0456\u043d\u0456\u0432...\" descru=\"HATOR Premium Switches \u043f\u0456\u0434\u0442\u0440\u0438\u043c\u0443\u044e\u0442\u044c \u0444\u0443\u043d\u043a\u0446\u0456\u044e \u0433\u0430\u0440\u044f\u0447\u043e\u0457 \u0437\u0430\u043c\u0456\u043d\u0438 \u0437 \u0443\u0441\u0456\u043c\u0430 MX \u0441\u0443\u043c\u0456\u0441\u043d\u0438\u043c\u0438 \u0441\u043e\u043a\u0435\u0442\u0430\u043c\u0438 \u043d\u0430 5 \u043f\u0456\u043d\u0456\u0432...\" descen=\"HATOR Premium Switches support hot-swappable functionality with all MX compatible 5-pin sockets...\" descde=\"HATOR Premium Switches unterst\u00fctzen Hot-Swap-Funktionalit\u00e4t mit allen MX-kompatiblen 5-Pin-Buchsen...\" descpl=\"Prze\u0142\u0105czniki HATOR Premium obs\u0142uguj\u0105 funkcj\u0119 hot-swap ze wszystkimi 5-pinowymi gniazdami kompatybilnymi z MX...\"]","protected":false},"featured_media":26042,"template":"","meta":[],"translation":{"provider":"WPGlobus","version":"2.5.11","language":"ua","enabled_languages":["en","ua","de","pl"],"languages":{"en":{"title":true,"content":false,"excerpt":true},"ua":{"title":true,"content":false,"excerpt":false},"de":{"title":false,"content":false,"excerpt":false},"pl":{"title":false,"content":false,"excerpt":false}}},"aioseo_notices":[],"_links":{"self":[{"href":"https:\/\/shop.hator.gg\/ua\/wp-json\/wp\/v2\/product\/26039"}],"collection":[{"href":"https:\/\/shop.hator.gg\/ua\/wp-json\/wp\/v2\/product"}],"about":[{"href":"https:\/\/shop.hator.gg\/ua\/wp-json\/wp\/v2\/types\/product"}],"wp:featuredmedia":[{"embeddable":true,"href":"https:\/\/shop.hator.gg\/ua\/wp-json\/wp\/v2\/media\/26042"}],"wp:attachment":[{"href":"https:\/\/shop.hator.gg\/ua\/wp-json\/wp\/v2\/media?parent=26039"}],"curies":[{"name":"wp","href":"https:\/\/api.w.org\/{rel}","templated":true}]}}