{"id":218,"date":"2020-07-01T16:04:43","date_gmt":"2020-07-01T13:04:43","guid":{"rendered":"https:\/\/shop.hator.gg\/?post_type=product&#038;p=218"},"modified":"2026-03-25T17:17:19","modified_gmt":"2026-03-25T14:17:19","slug":"hator-set-of-pbt-keycaps-monochrome-edition-hts-130","status":"publish","type":"product","link":"https:\/\/shop.hator.gg\/ua\/accessories\/hator-set-of-pbt-keycaps-monochrome-edition-hts-130\/","title":{"rendered":"\u041a\u043e\u043c\u043f\u043b\u0435\u043a\u0442 PBT \u043a\u0435\u0439\u043a\u0430\u043f\u0456\u0432 Monochrome Edition (HTS-130)"},"content":{"rendered":"","protected":false},"excerpt":{"rendered":"[show_any_info_btn hatordomen=\"https:\/\/hator.gg\" link=\"\/accessories\/keyboards-accessories\/set-of-pbt-keycaps\" descua=\"\u0422\u0435\u0445\u043d\u043e\u043b\u043e\u0433\u0456\u044f \u043f\u043e\u0434\u0432\u0456\u0439\u043d\u043e\u0433\u043e \u043b\u0438\u0442\u0442\u044f \u0456 \u043c\u0430\u0442\u0435\u0440\u0456\u0430\u043b \u041f\u043e\u043b\u0456\u0431\u0443\u0442\u0438\u043b\u0435\u043d\u0442\u0435\u0440\u0435\u0444\u0442\u0430\u043b\u0430\u0442 (PBT), \u044f\u043a\u0438\u0439 \u0432\u0438\u043a\u043e\u0440\u0438\u0441\u0442\u043e\u0432\u0443\u0454\u0442\u044c\u0441\u044f \u0443 \u0432\u0438\u0440\u043e\u0431\u043d\u0438\u0446\u0442\u0432\u0456, \u0440\u043e\u0431\u043b\u044f\u0442\u044c \u0446\u0456 \u043a\u0435\u0439\u043a\u0430\u043f\u0438 \u0434\u0443\u0436\u0435 \u0434\u043e\u0432\u0433\u043e\u0432\u0456\u0447\u043d\u0438\u043c\u0438 \u0456 \u0442\u0430\u043a\u0442\u0438\u043b\u044c\u043d\u043e \u043f\u0440\u0438\u0454\u043c\u043d\u0438\u043c\u0438.\" descru=\"\u0422\u0435\u0445\u043d\u043e\u043b\u043e\u0433\u0438\u044f \u0434\u0432\u043e\u0439\u043d\u043e\u0433\u043e \u043b\u0438\u0442\u044c\u044f \u0438 \u043c\u0430\u0442\u0435\u0440\u0438\u0430\u043b \u041f\u043e\u043b\u0438\u0431\u0443\u0442\u0438\u043b\u0435\u043d\u0442\u0435\u0440\u0435\u0444\u0442\u0430\u043b\u0430\u0442 (PBT), \u0438\u0441\u043f\u043e\u043b\u044c\u0437\u0443\u0435\u043c\u044b\u0439 \u0432 \u043f\u0440\u043e\u0438\u0437\u0432\u043e\u0434\u0441\u0442\u0432\u0435, \u0434\u0435\u043b\u0430\u044e\u0442 \u044d\u0442\u0438 \u043a\u0435\u0439\u043a\u0430\u043f\u044b \u043e\u0447\u0435\u043d\u044c \u0434\u043e\u043b\u0433\u043e\u0432\u0435\u0447\u043d\u044b\u043c\u0438 \u0438 \u0442\u0430\u043a\u0442\u0438\u043b\u044c\u043d\u043e \u043f\u0440\u0438\u044f\u0442\u043d\u044b\u043c\u0438.\" descen=\"The double casting technology and the polybutylene terephthalate (PBT) material used in the production make these keycaps very durable and tactilely enjoyable.\" descde=\"Personalisieren Sie Ihre Tastatur mit diesem PBT-Tastenkappen-Set. Die Double-Molding-Technologie und das bei der Produktion verwendete Material Polybutylenterephthalat (PBT) machen diese Tastenkappen sehr langlebig und angenehm im Griff.\" descpl=\"Spraw, aby Twoja klawiatura by\u0142a wyj\u0105tkowa dzi\u0119ki zestawowi PBT keycap. Technologia podw\u00f3jnego odlewania i materia\u0142 poli(tereftalan butylenu) (PBT) stosowany w produkcji sprawiaj\u0105, \u017ce te keycapy s\u0105 bardzo trwa\u0142e i przyjemne w dotyku.\"]","protected":false},"featured_media":220,"template":"","meta":[],"translation":{"provider":"WPGlobus","version":"2.5.11","language":"ua","enabled_languages":["en","ua","de","pl"],"languages":{"en":{"title":true,"content":false,"excerpt":true},"ua":{"title":true,"content":false,"excerpt":false},"de":{"title":false,"content":false,"excerpt":false},"pl":{"title":false,"content":false,"excerpt":false}}},"aioseo_notices":[],"_links":{"self":[{"href":"https:\/\/shop.hator.gg\/ua\/wp-json\/wp\/v2\/product\/218"}],"collection":[{"href":"https:\/\/shop.hator.gg\/ua\/wp-json\/wp\/v2\/product"}],"about":[{"href":"https:\/\/shop.hator.gg\/ua\/wp-json\/wp\/v2\/types\/product"}],"wp:featuredmedia":[{"embeddable":true,"href":"https:\/\/shop.hator.gg\/ua\/wp-json\/wp\/v2\/media\/220"}],"wp:attachment":[{"href":"https:\/\/shop.hator.gg\/ua\/wp-json\/wp\/v2\/media?parent=218"}],"curies":[{"name":"wp","href":"https:\/\/api.w.org\/{rel}","templated":true}]}}