{"id":21716,"date":"2022-12-13T21:10:02","date_gmt":"2022-12-13T18:10:02","guid":{"rendered":"https:\/\/shop.hator.gg\/?post_type=product&#038;p=21716"},"modified":"2026-03-25T16:25:48","modified_gmt":"2026-03-25T13:25:48","slug":"hator-skyfall-tkl-pro-wireless-mint-htk-667","status":"publish","type":"product","link":"https:\/\/shop.hator.gg\/ua\/keyboards\/hator-skyfall-tkl-pro-wireless-mint-htk-667\/","title":{"rendered":"Hator Skyfall TKL PRO Wireless Mint (HTK-667)"},"content":{"rendered":"","protected":false},"excerpt":{"rendered":"[show_any_info_btn hatordomen=\"https:\/\/hator.gg\" link=\"\/keyboards\/skyfall-tkl-pro-wireless\" descua=\"\u0421\u043f\u0440\u0430\u0432\u0436\u043d\u0456\u0439 \u0444\u043b\u0430\u0433\u043c\u0430\u043d \u043c\u0430\u0454 \u0432\u0438\u0433\u043b\u044f\u0434\u0430\u0442\u0438 \u0441\u0430\u043c\u0435 \u0442\u0430\u043a! \u0414\u043e \u0432\u0430\u0448\u0438\u0445 \u043f\u043e\u0441\u043b\u0443\u0433 \u0441\u0443\u0447\u0430\u0441\u043d\u0438\u0439 \u0434\u0438\u0437\u0430\u0439\u043d, \u043d\u0430\u0434\u0456\u0439\u043d\u0456\u0441\u0442\u044c \u0432\u0441\u0456\u0445 \u0431\u0435\u0437 \u0432\u0438\u043a\u043b\u044e\u0447\u0435\u043d\u043d\u044f \u043a\u043e\u043c\u043f\u043e\u043d\u0435\u043d\u0442\u0456\u0432, \u0440\u043e\u0437\u043c\u0430\u0457\u0442\u0442\u044f \u043c\u043e\u0436\u043b\u0438\u0432\u043e\u0441\u0442\u0435\u0439 \u043f\u0456\u0434\u043a\u043b\u044e\u0447\u0435\u043d\u043d\u044f...\" descru=\"\u0421\u043f\u0440\u0430\u0432\u0436\u043d\u0456\u0439 \u0444\u043b\u0430\u0433\u043c\u0430\u043d \u043c\u0430\u0454 \u0432\u0438\u0433\u043b\u044f\u0434\u0430\u0442\u0438 \u0441\u0430\u043c\u0435 \u0442\u0430\u043a! \u0414\u043e \u0432\u0430\u0448\u0438\u0445 \u043f\u043e\u0441\u043b\u0443\u0433 \u0441\u0443\u0447\u0430\u0441\u043d\u0438\u0439 \u0434\u0438\u0437\u0430\u0439\u043d, \u043d\u0430\u0434\u0456\u0439\u043d\u0456\u0441\u0442\u044c \u0432\u0441\u0456\u0445 \u0431\u0435\u0437 \u0432\u0438\u043a\u043b\u044e\u0447\u0435\u043d\u043d\u044f \u043a\u043e\u043c\u043f\u043e\u043d\u0435\u043d\u0442\u0456\u0432, \u0440\u043e\u0437\u043c\u0430\u0457\u0442\u0442\u044f \u043c\u043e\u0436\u043b\u0438\u0432\u043e\u0441\u0442\u0435\u0439 \u043f\u0456\u0434\u043a\u043b\u044e\u0447\u0435\u043d\u043d\u044f...\" descen=\"A real flagship should look like this! At your service is a modern design, the reliability of all components without exception, a variety of connection options...\" descde=\"So sollte ein echtes Flaggschiff aussehen! Zu Ihren Diensten steht ein modernes Design, die Zuverl\u00e4ssigkeit aller Komponenten ohne Ausnahme, eine Vielzahl von Anschlussm\u00f6glichkeiten...\" descpl=\"Tak powinien wygl\u0105da\u0107 prawdziwy flagowiec! Do Twoich us\u0142ug jest nowoczesny design, niezawodno\u015b\u0107 wszystkich komponent\u00f3w bez wyj\u0105tku, r\u00f3\u017cnorodne opcje po\u0142\u0105cze\u0144...\"]","protected":false},"featured_media":21717,"template":"","meta":[],"translation":{"provider":"WPGlobus","version":"2.5.11","language":"ua","enabled_languages":["en","ua","de","pl"],"languages":{"en":{"title":true,"content":false,"excerpt":true},"ua":{"title":false,"content":false,"excerpt":false},"de":{"title":false,"content":false,"excerpt":false},"pl":{"title":false,"content":false,"excerpt":false}}},"aioseo_notices":[],"_links":{"self":[{"href":"https:\/\/shop.hator.gg\/ua\/wp-json\/wp\/v2\/product\/21716"}],"collection":[{"href":"https:\/\/shop.hator.gg\/ua\/wp-json\/wp\/v2\/product"}],"about":[{"href":"https:\/\/shop.hator.gg\/ua\/wp-json\/wp\/v2\/types\/product"}],"wp:featuredmedia":[{"embeddable":true,"href":"https:\/\/shop.hator.gg\/ua\/wp-json\/wp\/v2\/media\/21717"}],"wp:attachment":[{"href":"https:\/\/shop.hator.gg\/ua\/wp-json\/wp\/v2\/media?parent=21716"}],"curies":[{"name":"wp","href":"https:\/\/api.w.org\/{rel}","templated":true}]}}