{"id":21650,"date":"2022-12-13T20:31:42","date_gmt":"2022-12-13T17:31:42","guid":{"rendered":"https:\/\/shop.hator.gg\/?post_type=product&#038;p=21650"},"modified":"2024-03-04T01:13:07","modified_gmt":"2024-03-03T22:13:07","slug":"hator-skyfall-tkl-pro-black-htk-655","status":"publish","type":"product","link":"https:\/\/shop.hator.gg\/ua\/keyboards\/hator-skyfall-tkl-pro-black-htk-655\/","title":{"rendered":"Hator Skyfall TKL PRO Black (HTK-655)"},"content":{"rendered":"","protected":false},"excerpt":{"rendered":"[show_any_info_btn hatordomen=\"https:\/\/hator.gg\" link=\"\/keyboards\/skyfall-tkl-pro\" descua=\"\u041a\u043b\u0430\u0432\u0456\u0430\u0442\u0443\u0440\u0430, \u0432\u0456\u0434 \u044f\u043a\u043e\u0457 \u043d\u0435\u043c\u043e\u0436\u043b\u0438\u0432\u043e \u0432\u0456\u0434\u0456\u0440\u0432\u0430\u0442\u0438\u0441\u044f! \u0413\u0440\u0430\u0442\u0438, \u043f\u0440\u0430\u0446\u044e\u0432\u0430\u0442\u0438, \u0447\u0438 \u043f\u0440\u043e\u0441\u0442\u043e \u0441\u044c\u043e\u0440\u0444\u0438\u0442\u0438 \u043d\u0430 \u043d\u0456\u0439 \u2013 \u0441\u043f\u0440\u0430\u0432\u0436\u043d\u0454 \u0437\u0430\u0434\u043e\u0432\u043e\u043b\u0435\u043d\u043d\u044f. \u041a\u043e\u043d\u0441\u0442\u0440\u0443\u043a\u0446\u0456\u044f \u0442\u0430 \u0444\u0443\u043d\u043a\u0446\u0456\u043e\u043d\u0430\u043b\u044c\u043d\u0456\u0441\u0442\u044c \u043a\u043b\u0430\u0432\u0456\u0430\u0442\u0443\u0440\u0438 \u043f\u0440\u043e\u0434\u0443\u043c\u0430\u043d\u0430 \u0434\u043e \u043d\u0430\u0439\u043c\u0435\u043d\u0448\u0438\u0445 \u0434\u0440\u0456\u0431\u043d\u0438\u0446\u044c...\" descru=\"\u041a\u043b\u0430\u0432\u0456\u0430\u0442\u0443\u0440\u0430, \u0432\u0456\u0434 \u044f\u043a\u043e\u0457 \u043d\u0435\u043c\u043e\u0436\u043b\u0438\u0432\u043e \u0432\u0456\u0434\u0456\u0440\u0432\u0430\u0442\u0438\u0441\u044f! \u0413\u0440\u0430\u0442\u0438, \u043f\u0440\u0430\u0446\u044e\u0432\u0430\u0442\u0438, \u0447\u0438 \u043f\u0440\u043e\u0441\u0442\u043e \u0441\u044c\u043e\u0440\u0444\u0438\u0442\u0438 \u043d\u0430 \u043d\u0456\u0439 \u2013 \u0441\u043f\u0440\u0430\u0432\u0436\u043d\u0454 \u0437\u0430\u0434\u043e\u0432\u043e\u043b\u0435\u043d\u043d\u044f. \u041a\u043e\u043d\u0441\u0442\u0440\u0443\u043a\u0446\u0456\u044f \u0442\u0430 \u0444\u0443\u043d\u043a\u0446\u0456\u043e\u043d\u0430\u043b\u044c\u043d\u0456\u0441\u0442\u044c \u043a\u043b\u0430\u0432\u0456\u0430\u0442\u0443\u0440\u0438 \u043f\u0440\u043e\u0434\u0443\u043c\u0430\u043d\u0430 \u0434\u043e \u043d\u0430\u0439\u043c\u0435\u043d\u0448\u0438\u0445 \u0434\u0440\u0456\u0431\u043d\u0438\u0446\u044c...\" descen=\"A keyboard that is impossible to put down! Playing, working or just surfing with it is a real pleasure. The design and performance of the keyboard is thought out to the smallest detail...\" descde=\"Eine Tastatur, von der man sich nicht wegbringen kann! Es ist ein wahres Vergn\u00fcgen, darauf zu spielen, zu arbeiten oder einfach nur zu surfen. Das Design und die Funktionsf\u00e4higkeit der Tastatur sind bis ins Kleinste durchdacht...\" descpl=\"Klawiatura, od kt\u00f3rej nie mo\u017cna si\u0119 oderwa\u0107! Zabawa, praca lub po prostu surfowanie z jej u\u017cyciem to prawdziwa przyjemno\u015b\u0107. Konstrukcja i funkcjonalno\u015b\u0107 klawiatury jest przemy\u015blana w najdrobniejszych szczeg\u00f3\u0142ach...\"]","protected":false},"featured_media":21652,"template":"","meta":[],"translation":{"provider":"WPGlobus","version":"2.5.11","language":"ua","enabled_languages":["en","ua","de","pl"],"languages":{"en":{"title":true,"content":false,"excerpt":true},"ua":{"title":false,"content":false,"excerpt":false},"de":{"title":false,"content":false,"excerpt":false},"pl":{"title":false,"content":false,"excerpt":false}}},"aioseo_notices":[],"_links":{"self":[{"href":"https:\/\/shop.hator.gg\/ua\/wp-json\/wp\/v2\/product\/21650"}],"collection":[{"href":"https:\/\/shop.hator.gg\/ua\/wp-json\/wp\/v2\/product"}],"about":[{"href":"https:\/\/shop.hator.gg\/ua\/wp-json\/wp\/v2\/types\/product"}],"wp:featuredmedia":[{"embeddable":true,"href":"https:\/\/shop.hator.gg\/ua\/wp-json\/wp\/v2\/media\/21652"}],"wp:attachment":[{"href":"https:\/\/shop.hator.gg\/ua\/wp-json\/wp\/v2\/media?parent=21650"}],"curies":[{"name":"wp","href":"https:\/\/api.w.org\/{rel}","templated":true}]}}