{"id":15718,"date":"2022-07-07T17:24:34","date_gmt":"2022-07-07T14:24:34","guid":{"rendered":"https:\/\/shop.hator.gg\/?post_type=product&#038;p=15718"},"modified":"2026-02-05T16:12:47","modified_gmt":"2026-02-05T13:12:47","slug":"hator-tonn-evo-pro-l-htp-035","status":"publish","type":"product","link":"https:\/\/shop.hator.gg\/ua\/mousepads\/hator-tonn-evo-pro-l-htp-035\/","title":{"rendered":"HATOR Tonn EVO PRO L (HTP-035)"},"content":{"rendered":"","protected":false},"excerpt":{"rendered":"[show_any_info_btn hatordomen=\"https:\/\/hator.gg\" link=\"\/mousepads\/tonn-evo-pro\" descua=\"Tonn EVO Pro \u2013 \u0432\u0438\u0431\u0456\u0440 \u0434\u043b\u044f \u0442\u0438\u0445, \u0445\u0442\u043e \u043f\u0440\u0430\u0433\u043d\u0435 \u043f\u0440\u043e\u0444\u0435\u0441\u0456\u0439\u043d\u043e\u0433\u043e \u0440\u0456\u0432\u043d\u044f \u0433\u0440\u0438 \u0442\u0430 \u043d\u0430\u0439\u0432\u0438\u0449\u0438\u0445 \u0440\u0435\u0437\u0443\u043b\u044c\u0442\u0430\u0442\u0456\u0432.\" descru=\"Tonn EVO Pro \u2013 \u0432\u044b\u0431\u043e\u0440 \u0434\u043b\u044f \u0442\u0435\u0445, \u043a\u0442\u043e \u0441\u0442\u0440\u0435\u043c\u0438\u0442\u0441\u044f \u043a \u043f\u0440\u043e\u0444\u0435\u0441\u0441\u0438\u043e\u043d\u0430\u043b\u044c\u043d\u043e\u043c\u0443 \u0443\u0440\u043e\u0432\u043d\u044e \u0438\u0433\u0440\u044b \u0438 \u043d\u0430\u0438\u0432\u044b\u0441\u0448\u0438\u043c \u0440\u0435\u0437\u0443\u043b\u044c\u0442\u0430\u0442\u0430\u043c.\" descde=\"Tonn EVO Pro ist die beste Wahl f\u00fcr alle, die ein professionelles Spielniveau und die h\u00f6chsten Ergebnisse anstreben.\" descen=\"Tonn EVO Pro is a choice for gamers who is aiming for a PRO level is and highest results in his game.\" descde=\"Tonn EVO Pro ist die beste Wahl f\u00fcr alle, die ein professionelles Spielniveau und die h\u00f6chsten Ergebnisse anstreben.\" descpl=\"Tonn EVO Pro \u2013 to wyb\u00f3r dla tych, kt\u00f3rzy d\u0105\u017c\u0105 do profesjonalnego poziomu gry i najwy\u017cszych wynik\u00f3w.\"]","protected":false},"featured_media":15719,"template":"","meta":[],"translation":{"provider":"WPGlobus","version":"2.5.11","language":"ua","enabled_languages":["en","ua","de","pl"],"languages":{"en":{"title":true,"content":false,"excerpt":true},"ua":{"title":false,"content":false,"excerpt":false},"de":{"title":false,"content":false,"excerpt":false},"pl":{"title":false,"content":false,"excerpt":false}}},"aioseo_notices":[],"_links":{"self":[{"href":"https:\/\/shop.hator.gg\/ua\/wp-json\/wp\/v2\/product\/15718"}],"collection":[{"href":"https:\/\/shop.hator.gg\/ua\/wp-json\/wp\/v2\/product"}],"about":[{"href":"https:\/\/shop.hator.gg\/ua\/wp-json\/wp\/v2\/types\/product"}],"wp:featuredmedia":[{"embeddable":true,"href":"https:\/\/shop.hator.gg\/ua\/wp-json\/wp\/v2\/media\/15719"}],"wp:attachment":[{"href":"https:\/\/shop.hator.gg\/ua\/wp-json\/wp\/v2\/media?parent=15718"}],"curies":[{"name":"wp","href":"https:\/\/api.w.org\/{rel}","templated":true}]}}