{"id":1186,"date":"2020-11-25T18:15:22","date_gmt":"2020-11-25T15:15:22","guid":{"rendered":"https:\/\/shop.hator.gg\/?post_type=product&#038;p=1186"},"modified":"2024-09-30T00:00:02","modified_gmt":"2024-09-29T21:00:02","slug":"hator-vortex-essential-htm-311","status":"publish","type":"product","link":"https:\/\/shop.hator.gg\/ua\/mice\/hator-vortex-essential-htm-311\/","title":{"rendered":"Hator Vortex Essential (HTM-311)"},"content":{"rendered":"","protected":false},"excerpt":{"rendered":"[show_any_info_btn hatordomen=\"https:\/\/hator.gg\" link=\"\/mice\/vortex-essential\" descua=\"\u0414\u043e\u0441\u0442\u0443\u043f\u043d\u043e \u2013 \u043d\u0435 \u043e\u0437\u043d\u0430\u0447\u0430\u0454 \u043c\u0430\u043b\u043e. \u0406\u0433\u0440\u043e\u0432\u0430 \u043c\u0438\u0448\u0430 Vortex Essential \u0432\u0456\u0434\u043f\u043e\u0432\u0456\u0434\u0430\u0454 \u0432\u0441\u0456\u043c \u0432\u0438\u043c\u043e\u0433\u0430\u043c, \u044f\u043a\u0456 \u0432\u0438\u0441\u0443\u0432\u0430\u044e\u0442\u044c \u0430\u043a\u0442\u0443\u0430\u043b\u044c\u043d\u0456 \u0437\u043c\u0430\u0433\u0430\u043b\u044c\u043d\u0456 \u0456\u0433\u0440\u0438. \u0411\u0443\u0434\u044c\u0442\u0435 \u043a\u043e\u043d\u043a\u0443\u0440\u0435\u043d\u0442\u043d\u0438\u043c\u0438 \u0431\u0435\u0437 \u0432\u0435\u043b\u0438\u043a\u0438\u0445 \u0432\u0438\u0442\u0440\u0430\u0442.\" descru=\"\u0414\u043e\u0441\u0442\u0443\u043f\u043d\u043e \u2014 \u043d\u0435 \u0437\u043d\u0430\u0447\u0438\u0442 \u043c\u0430\u043b\u043e. \u0418\u0433\u0440\u043e\u0432\u0430\u044f \u043c\u044b\u0448\u044c Vortex Essential \u043e\u0442\u0432\u0435\u0447\u0430\u0435\u0442 \u0432\u0441\u0435\u043c \u0442\u0440\u0435\u0431\u043e\u0432\u0430\u043d\u0438\u044f\u043c, \u043a\u043e\u0442\u043e\u0440\u044b\u0435 \u043f\u0440\u0435\u0434\u044a\u044f\u0432\u043b\u044f\u044e\u0442 \u0430\u043a\u0442\u0443\u0430\u043b\u044c\u043d\u044b\u0435 \u0441\u043e\u0440\u0435\u0432\u043d\u043e\u0432\u0430\u0442\u0435\u043b\u044c\u043d\u044b\u0435 \u0438\u0433\u0440\u044b. \u0411\u0443\u0434\u044c\u0442\u0435 \u043a\u043e\u043d\u043a\u0443\u0440\u0435\u0442\u043d\u044b \u0431\u0435\u0437 \u0431\u043e\u043b\u044c\u0448\u0438\u0445 \u0437\u0430\u0442\u0440\u0430\u0442.\" descen=\"Affordable \u2013 doesn\u2019t mean less. Vortex Essential gaming mouse meets all popular modern games demands. Stay competitive and pay less.\" descde=\"Erschwinglich bedeutet nicht elementar. Die Gaming-Maus Vortex Essential erf\u00fcllt alle Anforderungen heutiger Spiel-Tourniere. Seien Sie wettbewerbsf\u00e4hig, ohne zu viel auszugeben.\" descpl=\"Dost\u0119pne \u2013 nie znaczy ma\u0142o. Mysz gamingowa Vortex Essential spe\u0142nia wszystkie wymagania, kt\u00f3re stawiaj\u0105 rzeczywiste konkurencyjne gry. B\u0105d\u017a konkurencyjny bez du\u017cych koszt\u00f3w.\"]","protected":false},"featured_media":1192,"template":"","meta":[],"translation":{"provider":"WPGlobus","version":"2.5.11","language":"ua","enabled_languages":["en","ua","de","pl"],"languages":{"en":{"title":true,"content":false,"excerpt":true},"ua":{"title":false,"content":false,"excerpt":false},"de":{"title":false,"content":false,"excerpt":false},"pl":{"title":false,"content":false,"excerpt":false}}},"aioseo_notices":[],"_links":{"self":[{"href":"https:\/\/shop.hator.gg\/ua\/wp-json\/wp\/v2\/product\/1186"}],"collection":[{"href":"https:\/\/shop.hator.gg\/ua\/wp-json\/wp\/v2\/product"}],"about":[{"href":"https:\/\/shop.hator.gg\/ua\/wp-json\/wp\/v2\/types\/product"}],"wp:featuredmedia":[{"embeddable":true,"href":"https:\/\/shop.hator.gg\/ua\/wp-json\/wp\/v2\/media\/1192"}],"wp:attachment":[{"href":"https:\/\/shop.hator.gg\/ua\/wp-json\/wp\/v2\/media?parent=1186"}],"curies":[{"name":"wp","href":"https:\/\/api.w.org\/{rel}","templated":true}]}}