{"id":116,"date":"2020-07-01T12:38:11","date_gmt":"2020-07-01T09:38:11","guid":{"rendered":"https:\/\/shop.hator.gg\/?post_type=product&#038;p=116"},"modified":"2025-03-01T01:12:53","modified_gmt":"2025-02-28T22:12:53","slug":"hator-rockfall-evo-htk-630","status":"publish","type":"product","link":"https:\/\/shop.hator.gg\/ua\/keyboards\/hator-rockfall-evo-htk-630\/","title":{"rendered":"Hator Rockfall EVO TKL (HTK-630)"},"content":{"rendered":"","protected":false},"excerpt":{"rendered":"[show_any_info_btn hatordomen=\"https:\/\/hator.gg\" link=\"\/keyboards\/rockfall-evo-tkl\" descua=\"HATOR Rockfall EVO TKL \u2013 \u043d\u0430\u0434\u0448\u0432\u0438\u0434\u043a\u0430 \u043e\u043f\u0442\u0438\u0447\u043d\u0430 \u0456\u0433\u0440\u043e\u0432\u0430 \u043a\u043b\u0430\u0432\u0456\u0430\u0442\u0443\u0440\u0430. \u041c\u0430\u043a\u0441\u0438\u043c\u0443\u043c \u043b\u0430\u043a\u043e\u043d\u0456\u0447\u043d\u043e\u0441\u0442\u0456 \u0442\u0430 \u0435\u0444\u0435\u043a\u0442\u0438\u0432\u043d\u043e\u0441\u0442\u0456: \u0446\u044f \u043a\u043b\u0430\u0432\u0456\u0430\u0442\u0443\u0440\u0430 \u0437\u0430\u043b\u0438\u0448\u0438\u0442\u044c \u0432\u0430\u043c \u0431\u0456\u043b\u044c\u0448\u0435 \u0432\u0456\u043b\u044c\u043d\u043e\u0433\u043e \u043c\u0456\u0441\u0446\u044f \u043d\u0430 \u0440\u043e\u0431\u043e\u0447\u043e\u043c\u0443 \u0441\u0442\u043e\u043b\u0456 \u0431\u0435\u0437 \u0432\u0442\u0440\u0430\u0442\u0438 \u043f\u0440\u043e\u0434\u0443\u043a\u0442\u0438\u0432\u043d\u043e\u0441\u0442\u0456.\" descru=\"HATOR Rockfall EVO TKL \u2014 \u0441\u0432\u0435\u0440\u0445\u0431\u044b\u0441\u0442\u0440\u0430\u044f \u043e\u043f\u0442\u0438\u0447\u0435\u0441\u043a\u0430\u044f \u0438\u0433\u0440\u043e\u0432\u0430\u044f \u043a\u043b\u0430\u0432\u0438\u0430\u0442\u0443\u0440\u0430. \u041c\u0430\u043a\u0441\u0438\u043c\u0443\u043c \u043b\u0430\u043a\u043e\u043d\u0438\u0447\u043d\u043e\u0441\u0442\u0438 \u0438 \u044d\u0444\u0444\u0435\u043a\u0442\u0438\u0432\u043d\u043e\u0441\u0442\u0438: \u044d\u0442\u0430 \u043a\u043b\u0430\u0432\u0438\u0430\u0442\u0443\u0440\u0430 \u043e\u0441\u0442\u0430\u0432\u0438\u0442 \u0432\u0430\u043c \u0431\u043e\u043b\u044c\u0448\u0435 \u0441\u0432\u043e\u0431\u043e\u0434\u043d\u043e\u0433\u043e \u043c\u0435\u0441\u0442\u0430 \u043d\u0430 \u0440\u0430\u0431\u043e\u0447\u0435\u043c \u0441\u0442\u043e\u043b\u0435 \u0431\u0435\u0437 \u043f\u043e\u0442\u0435\u0440\u0438 \u043f\u0440\u043e\u0438\u0437\u0432\u043e\u0434\u0438\u0442\u0435\u043b\u044c\u043d\u043e\u0441\u0442\u0438.\" descen=\"HATOR Rockfall EVO TKL is an ultrafast optical gaming keyboard. Maximum conciseness and efficiency: this keyboard will bring you more free space without loss of performance.\" descde=\"HATOR Rockfall EVO TKL ist eine ultraschnelle optische Gaming-Tastatur. Maximale Pr\u00e4gnanz und Effizienz: Mit dieser Tastatur erhalten Sie mehr freien Platz auf Ihrem Arbeitstisch, ohne die Produktivit\u00e4t zu beeintr\u00e4chtigen.\" descpl=\"HATOR Rockfall EVO TKL to ultraszybka optyczna klawiatura gamingowa. Maksymalna zwi\u0119z\u0142o\u015b\u0107 i produktywno\u015b\u0107: ta klawiatura pozostawi ci wi\u0119cej wolnego miejsca na biurku bez utraty efektywno\u015bci.\"]","protected":false},"featured_media":117,"template":"","meta":[],"translation":{"provider":"WPGlobus","version":"2.5.11","language":"ua","enabled_languages":["en","ua","de","pl"],"languages":{"en":{"title":true,"content":false,"excerpt":true},"ua":{"title":true,"content":false,"excerpt":false},"de":{"title":false,"content":false,"excerpt":false},"pl":{"title":false,"content":false,"excerpt":false}}},"aioseo_notices":[],"_links":{"self":[{"href":"https:\/\/shop.hator.gg\/ua\/wp-json\/wp\/v2\/product\/116"}],"collection":[{"href":"https:\/\/shop.hator.gg\/ua\/wp-json\/wp\/v2\/product"}],"about":[{"href":"https:\/\/shop.hator.gg\/ua\/wp-json\/wp\/v2\/types\/product"}],"wp:featuredmedia":[{"embeddable":true,"href":"https:\/\/shop.hator.gg\/ua\/wp-json\/wp\/v2\/media\/117"}],"wp:attachment":[{"href":"https:\/\/shop.hator.gg\/ua\/wp-json\/wp\/v2\/media?parent=116"}],"curies":[{"name":"wp","href":"https:\/\/api.w.org\/{rel}","templated":true}]}}