{"id":99223,"date":"2025-07-01T09:15:17","date_gmt":"2025-07-01T06:15:17","guid":{"rendered":"https:\/\/shop.hator.gg\/?post_type=product&#038;p=99223"},"modified":"2026-04-01T18:12:45","modified_gmt":"2026-04-01T15:12:45","slug":"hator-hyperpunk-3-wireless-white-esh16","status":"publish","type":"product","link":"https:\/\/shop.hator.gg\/pl\/headsets\/hator-hyperpunk-3-wireless-white-esh16\/","title":{"rendered":"HATOR Hyperpunk 3 Wireless (ESH16) White"},"content":{"rendered":"","protected":false},"excerpt":{"rendered":"HATOR Hyperpunk 3 Wireless to idealny zestaw s\u0142uchawkowy dla graczy, kt\u00f3ry \u0142\u0105czy bezprzewodow\u0105 swobod\u0119 z d\u017awi\u0119kiem Hi-Res. Dzi\u0119ki technologii redukcji szum\u00f3w, d\u0142ugiemu czasowi pracy na baterii i wszechstronnym opcjom \u0142\u0105czno\u015bci, ten zestaw s\u0142uchawkowy zapewnia pe\u0142ne zanurzenie w grze na wielu r\u00f3\u017cnych urz\u0105dzeniach. Poczuj ka\u017cdy detal d\u017awi\u0119ku i pozosta\u0144 w kontakcie bez \u017cadnych ogranicze\u0144.","protected":false},"featured_media":139825,"template":"","meta":[],"translation":{"provider":"WPGlobus","version":"2.5.11","language":"pl","enabled_languages":["en","ua","de","pl"],"languages":{"en":{"title":true,"content":false,"excerpt":true},"ua":{"title":false,"content":false,"excerpt":true},"de":{"title":false,"content":false,"excerpt":true},"pl":{"title":false,"content":false,"excerpt":true}}},"aioseo_notices":[],"_links":{"self":[{"href":"https:\/\/shop.hator.gg\/pl\/wp-json\/wp\/v2\/product\/99223"}],"collection":[{"href":"https:\/\/shop.hator.gg\/pl\/wp-json\/wp\/v2\/product"}],"about":[{"href":"https:\/\/shop.hator.gg\/pl\/wp-json\/wp\/v2\/types\/product"}],"wp:featuredmedia":[{"embeddable":true,"href":"https:\/\/shop.hator.gg\/pl\/wp-json\/wp\/v2\/media\/139825"}],"wp:attachment":[{"href":"https:\/\/shop.hator.gg\/pl\/wp-json\/wp\/v2\/media?parent=99223"}],"curies":[{"name":"wp","href":"https:\/\/api.w.org\/{rel}","templated":true}]}}