{"id":94138,"date":"2025-04-17T21:25:10","date_gmt":"2025-04-17T18:25:10","guid":{"rendered":"https:\/\/shop.hator.gg\/?post_type=product&#038;p=94138"},"modified":"2025-08-04T17:27:59","modified_gmt":"2025-08-04T14:27:59","slug":"hator-rockfall-3-mecha-tkl-wireless-black-htk850us","status":"publish","type":"product","link":"https:\/\/shop.hator.gg\/pl\/keyboards\/hator-rockfall-3-mecha-tkl-wireless-black-htk850us\/","title":{"rendered":"HATOR Rockfall 3 Mecha TKL Wireless Black (HTK850US)"},"content":{"rendered":"","protected":false},"excerpt":{"rendered":"HATOR Rockfall 3 TKL Wireless to idealny wyb\u00f3r dla tych, kt\u00f3rzy szukaj\u0105 wysokiej wydajno\u015bci i wygody w kompaktowej obudowie. Dzi\u0119ki trzem opcjom po\u0142\u0105czenia, d\u0142ugiemu czasowi pracy na baterii oraz przemy\u015blanej architekturze wewn\u0119trznej, ta klawiatura b\u0119dzie niezawodnym towarzyszem w ka\u017cdej sytuacji.","protected":false},"featured_media":94142,"template":"","meta":[],"translation":{"provider":"WPGlobus","version":"2.5.11","language":"pl","enabled_languages":["en","ua","de","pl"],"languages":{"en":{"title":true,"content":false,"excerpt":true},"ua":{"title":false,"content":false,"excerpt":true},"de":{"title":false,"content":false,"excerpt":true},"pl":{"title":false,"content":false,"excerpt":true}}},"aioseo_notices":[],"_links":{"self":[{"href":"https:\/\/shop.hator.gg\/pl\/wp-json\/wp\/v2\/product\/94138"}],"collection":[{"href":"https:\/\/shop.hator.gg\/pl\/wp-json\/wp\/v2\/product"}],"about":[{"href":"https:\/\/shop.hator.gg\/pl\/wp-json\/wp\/v2\/types\/product"}],"wp:featuredmedia":[{"embeddable":true,"href":"https:\/\/shop.hator.gg\/pl\/wp-json\/wp\/v2\/media\/94142"}],"wp:attachment":[{"href":"https:\/\/shop.hator.gg\/pl\/wp-json\/wp\/v2\/media?parent=94138"}],"curies":[{"name":"wp","href":"https:\/\/api.w.org\/{rel}","templated":true}]}}