{"id":94097,"date":"2025-04-17T19:23:14","date_gmt":"2025-04-17T16:23:14","guid":{"rendered":"https:\/\/shop.hator.gg\/?post_type=product&#038;p=94097"},"modified":"2026-03-03T20:12:43","modified_gmt":"2026-03-03T17:12:43","slug":"hator-hypergang-3-hi-res-usb-esh50-black","status":"publish","type":"product","link":"https:\/\/shop.hator.gg\/pl\/headsets\/hator-hypergang-3-hi-res-usb-esh50-black\/","title":{"rendered":"HATOR Hypergang 3 Hi-Res USB (ESH50) Black"},"content":{"rendered":"","protected":false},"excerpt":{"rendered":"Dzi\u0119ki 53-milimetrowym przetwornikom z obs\u0142ug\u0105 Hi-Res i technologii wirtualnego d\u017awi\u0119ku przestrzennego 7.1, HATOR Hypergang 3 USB zapewnia precyzyjny i realistyczny d\u017awi\u0119k. Wygodne nauszniki z pianki z pami\u0119ci\u0105 kszta\u0142tu pozwalaj\u0105 na wielogodzinne granie bez dyskomfortu, a bardzo czu\u0142y, jednokierunkowy, odpinany mikrofon gwarantuje wyra\u017an\u0105 komunikacj\u0119 w ka\u017cdych warunkach.","protected":false},"featured_media":94101,"template":"","meta":[],"translation":{"provider":"WPGlobus","version":"2.5.11","language":"pl","enabled_languages":["en","ua","de","pl"],"languages":{"en":{"title":true,"content":false,"excerpt":true},"ua":{"title":false,"content":false,"excerpt":true},"de":{"title":false,"content":false,"excerpt":true},"pl":{"title":false,"content":false,"excerpt":true}}},"aioseo_notices":[],"_links":{"self":[{"href":"https:\/\/shop.hator.gg\/pl\/wp-json\/wp\/v2\/product\/94097"}],"collection":[{"href":"https:\/\/shop.hator.gg\/pl\/wp-json\/wp\/v2\/product"}],"about":[{"href":"https:\/\/shop.hator.gg\/pl\/wp-json\/wp\/v2\/types\/product"}],"wp:featuredmedia":[{"embeddable":true,"href":"https:\/\/shop.hator.gg\/pl\/wp-json\/wp\/v2\/media\/94101"}],"wp:attachment":[{"href":"https:\/\/shop.hator.gg\/pl\/wp-json\/wp\/v2\/media?parent=94097"}],"curies":[{"name":"wp","href":"https:\/\/api.w.org\/{rel}","templated":true}]}}