{"id":93318,"date":"2025-04-09T21:17:40","date_gmt":"2025-04-09T18:17:40","guid":{"rendered":"https:\/\/shop.hator.gg\/?post_type=product&#038;p=93318"},"modified":"2025-12-15T14:12:48","modified_gmt":"2025-12-15T11:12:48","slug":"hator-icefall-mecha-rainbow-wireless-black-htk204ua","status":"publish","type":"product","link":"https:\/\/shop.hator.gg\/pl\/keyboards\/hator-icefall-mecha-rainbow-wireless-black-htk204ua\/","title":{"rendered":"HATOR Icefall Mecha Rainbow Wireless Black (HTK204UA)"},"content":{"rendered":"","protected":false},"excerpt":{"rendered":"HATOR Icefall Mecha to bezprzewodowa mechaniczna klawiatura gamingowa klasy podstawowej, stworzona, aby sprosta\u0107 potrzebom wi\u0119kszo\u015bci zwyk\u0142ych graczy. Oferuje p\u0142ynne liniowe prze\u0142\u0105czniki, jasne pod\u015bwietlenie oraz mo\u017cliwo\u015b\u0107 personalizacji w oprogramowaniu.","protected":false},"featured_media":93319,"template":"","meta":[],"translation":{"provider":"WPGlobus","version":"2.5.11","language":"pl","enabled_languages":["en","ua","de","pl"],"languages":{"en":{"title":true,"content":false,"excerpt":true},"ua":{"title":false,"content":false,"excerpt":true},"de":{"title":false,"content":false,"excerpt":true},"pl":{"title":false,"content":false,"excerpt":true}}},"aioseo_notices":[],"_links":{"self":[{"href":"https:\/\/shop.hator.gg\/pl\/wp-json\/wp\/v2\/product\/93318"}],"collection":[{"href":"https:\/\/shop.hator.gg\/pl\/wp-json\/wp\/v2\/product"}],"about":[{"href":"https:\/\/shop.hator.gg\/pl\/wp-json\/wp\/v2\/types\/product"}],"wp:featuredmedia":[{"embeddable":true,"href":"https:\/\/shop.hator.gg\/pl\/wp-json\/wp\/v2\/media\/93319"}],"wp:attachment":[{"href":"https:\/\/shop.hator.gg\/pl\/wp-json\/wp\/v2\/media?parent=93318"}],"curies":[{"name":"wp","href":"https:\/\/api.w.org\/{rel}","templated":true}]}}