{"id":93305,"date":"2025-04-09T21:06:11","date_gmt":"2025-04-09T18:06:11","guid":{"rendered":"https:\/\/shop.hator.gg\/?post_type=product&#038;p=93305"},"modified":"2026-02-04T14:12:44","modified_gmt":"2026-02-04T11:12:44","slug":"hator-icefall-mecha-tkl-rainbow-wireless-black-htk287ua","status":"publish","type":"product","link":"https:\/\/shop.hator.gg\/pl\/keyboards\/hator-icefall-mecha-tkl-rainbow-wireless-black-htk287ua\/","title":{"rendered":"HATOR Icefall Mecha TKL Rainbow Wireless Black (HTK287UA)"},"content":{"rendered":"","protected":false},"excerpt":{"rendered":"Icefall Mecha TKL Wireless to rozs\u0105dny wyb\u00f3r dla pocz\u0105tkuj\u0105cych graczy. Klawiatura \u0142\u0105czy wygodny format, mo\u017cliwo\u015b\u0107 po\u0142\u0105czenia bezprzewodowego oraz liniowe prze\u0142\u0105czniki mechaniczne, kt\u00f3re s\u0105 przyjemne w pisaniu i skuteczne podczas gry.","protected":false},"featured_media":93306,"template":"","meta":[],"translation":{"provider":"WPGlobus","version":"2.5.11","language":"pl","enabled_languages":["en","ua","de","pl"],"languages":{"en":{"title":true,"content":false,"excerpt":true},"ua":{"title":false,"content":false,"excerpt":true},"de":{"title":false,"content":false,"excerpt":true},"pl":{"title":false,"content":false,"excerpt":true}}},"aioseo_notices":[],"_links":{"self":[{"href":"https:\/\/shop.hator.gg\/pl\/wp-json\/wp\/v2\/product\/93305"}],"collection":[{"href":"https:\/\/shop.hator.gg\/pl\/wp-json\/wp\/v2\/product"}],"about":[{"href":"https:\/\/shop.hator.gg\/pl\/wp-json\/wp\/v2\/types\/product"}],"wp:featuredmedia":[{"embeddable":true,"href":"https:\/\/shop.hator.gg\/pl\/wp-json\/wp\/v2\/media\/93306"}],"wp:attachment":[{"href":"https:\/\/shop.hator.gg\/pl\/wp-json\/wp\/v2\/media?parent=93305"}],"curies":[{"name":"wp","href":"https:\/\/api.w.org\/{rel}","templated":true}]}}