{"id":93297,"date":"2025-04-09T20:36:52","date_gmt":"2025-04-09T17:36:52","guid":{"rendered":"https:\/\/shop.hator.gg\/?post_type=product&#038;p=93297"},"modified":"2025-09-16T00:00:01","modified_gmt":"2025-09-15T21:00:01","slug":"hator-icefall-mecha-75-rainbow-wireless-black-htk275ua","status":"publish","type":"product","link":"https:\/\/shop.hator.gg\/pl\/keyboards\/hator-icefall-mecha-75-rainbow-wireless-black-htk275ua\/","title":{"rendered":"HATOR Icefall Mecha 75 Rainbow Wireless Black (HTK275UA)"},"content":{"rendered":"","protected":false},"excerpt":{"rendered":"Icefall Mecha 75 Wireless to wygodna, kompaktowa klawiatura z trzema typami po\u0142\u0105cze\u0144, wygodnymi prze\u0142\u0105cznikami liniowymi i obs\u0142ug\u0105 funkcji hot-swap.","protected":false},"featured_media":93298,"template":"","meta":[],"translation":{"provider":"WPGlobus","version":"2.5.11","language":"pl","enabled_languages":["en","ua","de","pl"],"languages":{"en":{"title":true,"content":false,"excerpt":true},"ua":{"title":false,"content":false,"excerpt":true},"de":{"title":false,"content":false,"excerpt":true},"pl":{"title":false,"content":false,"excerpt":true}}},"aioseo_notices":[],"_links":{"self":[{"href":"https:\/\/shop.hator.gg\/pl\/wp-json\/wp\/v2\/product\/93297"}],"collection":[{"href":"https:\/\/shop.hator.gg\/pl\/wp-json\/wp\/v2\/product"}],"about":[{"href":"https:\/\/shop.hator.gg\/pl\/wp-json\/wp\/v2\/types\/product"}],"wp:featuredmedia":[{"embeddable":true,"href":"https:\/\/shop.hator.gg\/pl\/wp-json\/wp\/v2\/media\/93298"}],"wp:attachment":[{"href":"https:\/\/shop.hator.gg\/pl\/wp-json\/wp\/v2\/media?parent=93297"}],"curies":[{"name":"wp","href":"https:\/\/api.w.org\/{rel}","templated":true}]}}