{"id":92631,"date":"2025-04-02T19:55:08","date_gmt":"2025-04-02T16:55:08","guid":{"rendered":"https:\/\/shop.hator.gg\/?post_type=product&#038;p=92631"},"modified":"2026-03-17T13:12:44","modified_gmt":"2026-03-17T10:12:44","slug":"hator-icefall-pro-wireless-black-htk450ua","status":"publish","type":"product","link":"https:\/\/shop.hator.gg\/pl\/keyboards\/hator-icefall-pro-wireless-black-htk450ua\/","title":{"rendered":"Hator Icefall Pro Wireless Black (HTK450UA)"},"content":{"rendered":"","protected":false},"excerpt":{"rendered":"HATOR Icefall Pro Wireless to kompaktowa i wygodna klawiatura z trzema trybami po\u0142\u0105czenia, \u015bwietnym komfortem pisania, obs\u0142ug\u0105 wymiany prze\u0142\u0105cznik\u00f3w na gor\u0105co oraz interesuj\u0105cymi opcjami.","protected":false},"featured_media":92634,"template":"","meta":[],"translation":{"provider":"WPGlobus","version":"2.5.11","language":"pl","enabled_languages":["en","ua","de","pl"],"languages":{"en":{"title":true,"content":false,"excerpt":true},"ua":{"title":false,"content":false,"excerpt":true},"de":{"title":false,"content":false,"excerpt":true},"pl":{"title":false,"content":false,"excerpt":true}}},"aioseo_notices":[],"_links":{"self":[{"href":"https:\/\/shop.hator.gg\/pl\/wp-json\/wp\/v2\/product\/92631"}],"collection":[{"href":"https:\/\/shop.hator.gg\/pl\/wp-json\/wp\/v2\/product"}],"about":[{"href":"https:\/\/shop.hator.gg\/pl\/wp-json\/wp\/v2\/types\/product"}],"wp:featuredmedia":[{"embeddable":true,"href":"https:\/\/shop.hator.gg\/pl\/wp-json\/wp\/v2\/media\/92634"}],"wp:attachment":[{"href":"https:\/\/shop.hator.gg\/pl\/wp-json\/wp\/v2\/media?parent=92631"}],"curies":[{"name":"wp","href":"https:\/\/api.w.org\/{rel}","templated":true}]}}