{"id":91313,"date":"2025-03-17T18:42:32","date_gmt":"2025-03-17T15:42:32","guid":{"rendered":"https:\/\/shop.hator.gg\/?post_type=product&#038;p=91313"},"modified":"2026-05-04T01:12:44","modified_gmt":"2026-05-03T22:12:44","slug":"hator-icefall-mecha-rainbow-black-htk104ua","status":"publish","type":"product","link":"https:\/\/shop.hator.gg\/pl\/keyboards\/hator-icefall-mecha-rainbow-black-htk104ua\/","title":{"rendered":"Hator Icefall Mecha Rainbow Black (HTK104UA)"},"content":{"rendered":"","protected":false},"excerpt":{"rendered":"HATOR Icefall Mecha to mechaniczna klawiatura gamingowa, kt\u00f3ra spe\u0142ni potrzeby wi\u0119kszo\u015bci casualowych graczy. Oferuje liniowe prze\u0142\u0105czniki o p\u0142ynnym skoku, intensywne pod\u015bwietlenie oraz mo\u017cliwo\u015b\u0107 personalizacji ustawie\u0144 w oprogramowaniu.","protected":false},"featured_media":91316,"template":"","meta":[],"translation":{"provider":"WPGlobus","version":"2.5.11","language":"pl","enabled_languages":["en","ua","de","pl"],"languages":{"en":{"title":true,"content":false,"excerpt":true},"ua":{"title":false,"content":false,"excerpt":true},"de":{"title":false,"content":false,"excerpt":true},"pl":{"title":false,"content":false,"excerpt":true}}},"aioseo_notices":[],"_links":{"self":[{"href":"https:\/\/shop.hator.gg\/pl\/wp-json\/wp\/v2\/product\/91313"}],"collection":[{"href":"https:\/\/shop.hator.gg\/pl\/wp-json\/wp\/v2\/product"}],"about":[{"href":"https:\/\/shop.hator.gg\/pl\/wp-json\/wp\/v2\/types\/product"}],"wp:featuredmedia":[{"embeddable":true,"href":"https:\/\/shop.hator.gg\/pl\/wp-json\/wp\/v2\/media\/91316"}],"wp:attachment":[{"href":"https:\/\/shop.hator.gg\/pl\/wp-json\/wp\/v2\/media?parent=91313"}],"curies":[{"name":"wp","href":"https:\/\/api.w.org\/{rel}","templated":true}]}}