{"id":91085,"date":"2025-03-14T00:26:18","date_gmt":"2025-03-13T21:26:18","guid":{"rendered":"https:\/\/shop.hator.gg\/?post_type=product&#038;p=91085"},"modified":"2026-03-03T20:12:42","modified_gmt":"2026-03-03T17:12:42","slug":"hator-vast-junior-htd-008-white","status":"publish","type":"product","link":"https:\/\/shop.hator.gg\/pl\/gaming-desks\/hator-vast-junior-htd-008-white\/","title":{"rendered":"HATOR Vast Junior (HTD-008) White"},"content":{"rendered":"","protected":false},"excerpt":{"rendered":"[show_any_info_btn hatordomen=\"https:\/\/hator.gg\" link=\"\/gaming-desks\/vast-junior\" descua=\"\u041e\u043f\u0442\u0438\u043c\u0430\u043b\u044c\u043d\u0456 \u0433\u0430\u0431\u0430\u0440\u0438\u0442\u0438, \u043b\u0430\u043a\u043e\u043d\u0456\u0447\u043d\u0438\u0439 \u0434\u0438\u0437\u0430\u0439\u043d, \u0435\u0440\u0433\u043e\u043d\u043e\u043c\u0456\u0447\u043d\u0456 \u0430\u043a\u0441\u0435\u0441\u0443\u0430\u0440\u0438: \u0441\u0442\u0456\u043b Vast Junior \u0434\u043e\u0437\u0432\u043e\u043b\u0438\u0442\u044c \u043e\u0431\u043b\u0430\u0448\u0442\u0443\u0432\u0430\u0442\u0438 \u0437\u0440\u0443\u0447\u043d\u0435 \u0440\u043e\u0431\u043e\u0447\u0435 \u043c\u0456\u0441\u0446\u0435 \u043d\u0430\u0432\u0456\u0442\u044c \u0432 \u043e\u0431\u043c\u0435\u0436\u0435\u043d\u043e\u043c\u0443 \u043f\u0440\u043e\u0441\u0442\u043e\u0440\u0456.\" descru=\"\u041e\u043f\u0442\u0438\u043c\u0430\u043b\u044c\u043d\u0456 \u0433\u0430\u0431\u0430\u0440\u0438\u0442\u0438, \u043b\u0430\u043a\u043e\u043d\u0456\u0447\u043d\u0438\u0439 \u0434\u0438\u0437\u0430\u0439\u043d, \u0435\u0440\u0433\u043e\u043d\u043e\u043c\u0456\u0447\u043d\u0456 \u0430\u043a\u0441\u0435\u0441\u0443\u0430\u0440\u0438: \u0441\u0442\u0456\u043b Vast Junior \u0434\u043e\u0437\u0432\u043e\u043b\u0438\u0442\u044c \u043e\u0431\u043b\u0430\u0448\u0442\u0443\u0432\u0430\u0442\u0438 \u0437\u0440\u0443\u0447\u043d\u0435 \u0440\u043e\u0431\u043e\u0447\u0435 \u043c\u0456\u0441\u0446\u0435 \u043d\u0430\u0432\u0456\u0442\u044c \u0432 \u043e\u0431\u043c\u0435\u0436\u0435\u043d\u043e\u043c\u0443 \u043f\u0440\u043e\u0441\u0442\u043e\u0440\u0456.\" descen=\"Optimal dimensions, concise design, ergonomic accessories: the Vast Junior table will allow you to arrange a comfortable workplace even in a limited space.\" descde=\"Optimale Abmessungen, pr\u00e4gnantes Design, ergonomisches Zubeh\u00f6r: Mit dem Vast Junior-Tisch k\u00f6nnen Sie auch auf begrenztem Raum einen komfortablen Arbeitsplatz einrichten.\" descpl=\"Optymalne wymiary, zwi\u0119z\u0142y design, ergonomiczne akcesoria: st\u00f3\u0142 Vast Junior pozwoli Ci zaaran\u017cowa\u0107 wygodne miejsce pracy nawet na ograniczonej przestrzeni.\"]","protected":false},"featured_media":91087,"template":"","meta":[],"translation":{"provider":"WPGlobus","version":"2.5.11","language":"pl","enabled_languages":["en","ua","de","pl"],"languages":{"en":{"title":true,"content":false,"excerpt":true},"ua":{"title":false,"content":false,"excerpt":false},"de":{"title":false,"content":false,"excerpt":false},"pl":{"title":false,"content":false,"excerpt":false}}},"aioseo_notices":[],"_links":{"self":[{"href":"https:\/\/shop.hator.gg\/pl\/wp-json\/wp\/v2\/product\/91085"}],"collection":[{"href":"https:\/\/shop.hator.gg\/pl\/wp-json\/wp\/v2\/product"}],"about":[{"href":"https:\/\/shop.hator.gg\/pl\/wp-json\/wp\/v2\/types\/product"}],"wp:featuredmedia":[{"embeddable":true,"href":"https:\/\/shop.hator.gg\/pl\/wp-json\/wp\/v2\/media\/91087"}],"wp:attachment":[{"href":"https:\/\/shop.hator.gg\/pl\/wp-json\/wp\/v2\/media?parent=91085"}],"curies":[{"name":"wp","href":"https:\/\/api.w.org\/{rel}","templated":true}]}}