{"id":91069,"date":"2025-03-14T00:07:35","date_gmt":"2025-03-13T21:07:35","guid":{"rendered":"https:\/\/shop.hator.gg\/?post_type=product&#038;p=91069"},"modified":"2026-03-03T20:12:43","modified_gmt":"2026-03-03T17:12:43","slug":"hator-hypergang-3-hi-res-esh05-black","status":"publish","type":"product","link":"https:\/\/shop.hator.gg\/pl\/headsets\/hator-hypergang-3-hi-res-esh05-black\/","title":{"rendered":"HATOR Hypergang 3 Hi-Res (ESH05) Black"},"content":{"rendered":"","protected":false},"excerpt":{"rendered":"Hypergang 3 \u2013 trzecia generacja zestawu s\u0142uchawkowego stworzonego dla prawdziwej przyjemno\u015bci z gry! Ewolucyjny rozw\u00f3j designu, ergonomii i d\u017awi\u0119ku zapewnia doskona\u0142e wra\u017cenia i pe\u0142ne zanurzenie w grze.","protected":false},"featured_media":91074,"template":"","meta":[],"translation":{"provider":"WPGlobus","version":"2.5.11","language":"pl","enabled_languages":["en","ua","de","pl"],"languages":{"en":{"title":true,"content":false,"excerpt":true},"ua":{"title":false,"content":false,"excerpt":true},"de":{"title":false,"content":false,"excerpt":true},"pl":{"title":false,"content":false,"excerpt":true}}},"aioseo_notices":[],"_links":{"self":[{"href":"https:\/\/shop.hator.gg\/pl\/wp-json\/wp\/v2\/product\/91069"}],"collection":[{"href":"https:\/\/shop.hator.gg\/pl\/wp-json\/wp\/v2\/product"}],"about":[{"href":"https:\/\/shop.hator.gg\/pl\/wp-json\/wp\/v2\/types\/product"}],"wp:featuredmedia":[{"embeddable":true,"href":"https:\/\/shop.hator.gg\/pl\/wp-json\/wp\/v2\/media\/91074"}],"wp:attachment":[{"href":"https:\/\/shop.hator.gg\/pl\/wp-json\/wp\/v2\/media?parent=91069"}],"curies":[{"name":"wp","href":"https:\/\/api.w.org\/{rel}","templated":true}]}}