{"id":91062,"date":"2025-03-13T23:54:51","date_gmt":"2025-03-13T20:54:51","guid":{"rendered":"https:\/\/shop.hator.gg\/?post_type=product&#038;p=91062"},"modified":"2026-03-03T20:12:43","modified_gmt":"2026-03-03T17:12:43","slug":"hator-hyperpunk-truepods-hybrid-anc-hta432-white","status":"publish","type":"product","link":"https:\/\/shop.hator.gg\/pl\/tws\/hator-hyperpunk-truepods-hybrid-anc-hta432-white\/","title":{"rendered":"HATOR Hyperpunk Truepods Hybrid ANC (HTA432) White"},"content":{"rendered":"","protected":false},"excerpt":{"rendered":"HATOR Hyperpunk Truepods Hybrid ANC to idealny wyb\u00f3r dla os\u00f3b, kt\u00f3re ceni\u0105 sobie czysty d\u017awi\u0119k w ka\u017cdej sytuacji. Dzi\u0119ki hybrydowemu systemowi aktywnej redukcji szum\u00f3w s\u0142uchawki zapewniaj\u0105 wyj\u0105tkowe wra\u017cenia d\u017awi\u0119kowe nawet w ha\u0142a\u015bliwym otoczeniu. Doskona\u0142e do pracy, podr\u00f3\u017cy i mobilnego gamingu.","protected":false},"featured_media":91066,"template":"","meta":[],"translation":{"provider":"WPGlobus","version":"2.5.11","language":"pl","enabled_languages":["en","ua","de","pl"],"languages":{"en":{"title":true,"content":false,"excerpt":true},"ua":{"title":false,"content":false,"excerpt":true},"de":{"title":false,"content":false,"excerpt":true},"pl":{"title":false,"content":false,"excerpt":true}}},"aioseo_notices":[],"_links":{"self":[{"href":"https:\/\/shop.hator.gg\/pl\/wp-json\/wp\/v2\/product\/91062"}],"collection":[{"href":"https:\/\/shop.hator.gg\/pl\/wp-json\/wp\/v2\/product"}],"about":[{"href":"https:\/\/shop.hator.gg\/pl\/wp-json\/wp\/v2\/types\/product"}],"wp:featuredmedia":[{"embeddable":true,"href":"https:\/\/shop.hator.gg\/pl\/wp-json\/wp\/v2\/media\/91066"}],"wp:attachment":[{"href":"https:\/\/shop.hator.gg\/pl\/wp-json\/wp\/v2\/media?parent=91062"}],"curies":[{"name":"wp","href":"https:\/\/api.w.org\/{rel}","templated":true}]}}