{"id":89444,"date":"2025-02-25T14:22:39","date_gmt":"2025-02-25T11:22:39","guid":{"rendered":"https:\/\/shop.hator.gg\/?post_type=product&#038;p=89444"},"modified":"2026-04-22T16:34:46","modified_gmt":"2026-04-22T13:34:46","slug":"hator-signify-rgb-pro-plus-hta-516","status":"publish","type":"product","link":"https:\/\/shop.hator.gg\/pl\/microphones\/hator-signify-rgb-pro-plus-hta-516\/","title":{"rendered":"HATOR Signify RGB PRO+ (HTA-516)"},"content":{"rendered":"","protected":false},"excerpt":{"rendered":"Signify RGB Pro+ \u2013 Tw\u00f3j klucz do \u015bwiata tworzenia tre\u015bci online. Przytulne streamy czy emocjonuj\u0105ce bitwy gamingowe \u2013 ten mikrofon poradzi sobie z ka\u017cdym zadaniem.","protected":false},"featured_media":89445,"template":"","meta":[],"translation":{"provider":"WPGlobus","version":"2.5.11","language":"pl","enabled_languages":["en","ua","de","pl"],"languages":{"en":{"title":true,"content":false,"excerpt":true},"ua":{"title":false,"content":false,"excerpt":true},"de":{"title":false,"content":false,"excerpt":true},"pl":{"title":false,"content":false,"excerpt":true}}},"aioseo_notices":[],"_links":{"self":[{"href":"https:\/\/shop.hator.gg\/pl\/wp-json\/wp\/v2\/product\/89444"}],"collection":[{"href":"https:\/\/shop.hator.gg\/pl\/wp-json\/wp\/v2\/product"}],"about":[{"href":"https:\/\/shop.hator.gg\/pl\/wp-json\/wp\/v2\/types\/product"}],"wp:featuredmedia":[{"embeddable":true,"href":"https:\/\/shop.hator.gg\/pl\/wp-json\/wp\/v2\/media\/89445"}],"wp:attachment":[{"href":"https:\/\/shop.hator.gg\/pl\/wp-json\/wp\/v2\/media?parent=89444"}],"curies":[{"name":"wp","href":"https:\/\/api.w.org\/{rel}","templated":true}]}}