{"id":89427,"date":"2025-02-25T14:08:08","date_gmt":"2025-02-25T11:08:08","guid":{"rendered":"https:\/\/shop.hator.gg\/?post_type=product&#038;p=89427"},"modified":"2026-03-03T20:12:43","modified_gmt":"2026-03-03T17:12:43","slug":"hator-hyperpunk-3-usb-black-esh10","status":"publish","type":"product","link":"https:\/\/shop.hator.gg\/pl\/headsets\/hator-hyperpunk-3-usb-black-esh10\/","title":{"rendered":"HATOR Hyperpunk 3 USB Black (ESH10)"},"content":{"rendered":"","protected":false},"excerpt":{"rendered":"Lekka konstrukcja s\u0142uchawek zapewnia wygod\u0119 nawet podczas d\u0142ugich sesji, a obs\u0142uga d\u017awi\u0119ku Hi-Res i wirtualnego d\u017awi\u0119ku przestrzennego 7.1 gwarantuje czysty i immersyjny d\u017awi\u0119k. To idealny wyb\u00f3r dla graczy, kt\u00f3rzy ceni\u0105 sobie jako\u015b\u0107 d\u017awi\u0119ku i komfort podczas gry.","protected":false},"featured_media":89431,"template":"","meta":[],"translation":{"provider":"WPGlobus","version":"2.5.11","language":"pl","enabled_languages":["en","ua","de","pl"],"languages":{"en":{"title":true,"content":false,"excerpt":true},"ua":{"title":false,"content":false,"excerpt":true},"de":{"title":false,"content":false,"excerpt":true},"pl":{"title":false,"content":false,"excerpt":true}}},"aioseo_notices":[],"_links":{"self":[{"href":"https:\/\/shop.hator.gg\/pl\/wp-json\/wp\/v2\/product\/89427"}],"collection":[{"href":"https:\/\/shop.hator.gg\/pl\/wp-json\/wp\/v2\/product"}],"about":[{"href":"https:\/\/shop.hator.gg\/pl\/wp-json\/wp\/v2\/types\/product"}],"wp:featuredmedia":[{"embeddable":true,"href":"https:\/\/shop.hator.gg\/pl\/wp-json\/wp\/v2\/media\/89431"}],"wp:attachment":[{"href":"https:\/\/shop.hator.gg\/pl\/wp-json\/wp\/v2\/media?parent=89427"}],"curies":[{"name":"wp","href":"https:\/\/api.w.org\/{rel}","templated":true}]}}