{"id":89419,"date":"2025-02-25T13:48:15","date_gmt":"2025-02-25T10:48:15","guid":{"rendered":"https:\/\/shop.hator.gg\/?post_type=product&#038;p=89419"},"modified":"2026-04-01T00:12:50","modified_gmt":"2026-03-31T21:12:50","slug":"hator-hyperpunk-3-black-esh01","status":"publish","type":"product","link":"https:\/\/shop.hator.gg\/pl\/headsets\/hator-hyperpunk-3-black-esh01\/","title":{"rendered":"HATOR Hyperpunk 3 Black (ESH01)"},"content":{"rendered":"","protected":false},"excerpt":{"rendered":"S\u0142uchawki gamingowe z 40-mm przetwornikami Hi-Res zapewniaj\u0105 czysty i mocny d\u017awi\u0119k o szerokim zakresie cz\u0119stotliwo\u015bci. Lekkie nauszniki z tkaniny i pianki z pami\u0119ci\u0105 kszta\u0142tu zapewniaj\u0105 komfort podczas d\u0142ugich sesji, nawet przy noszeniu okular\u00f3w. Odczepiany jednokierunkowy mikrofon gwarantuje wyra\u017an\u0105 komunikacj\u0119 podczas gry.","protected":false},"featured_media":89420,"template":"","meta":[],"translation":{"provider":"WPGlobus","version":"2.5.11","language":"pl","enabled_languages":["en","ua","de","pl"],"languages":{"en":{"title":true,"content":false,"excerpt":true},"ua":{"title":false,"content":false,"excerpt":true},"de":{"title":false,"content":false,"excerpt":true},"pl":{"title":false,"content":false,"excerpt":true}}},"aioseo_notices":[],"_links":{"self":[{"href":"https:\/\/shop.hator.gg\/pl\/wp-json\/wp\/v2\/product\/89419"}],"collection":[{"href":"https:\/\/shop.hator.gg\/pl\/wp-json\/wp\/v2\/product"}],"about":[{"href":"https:\/\/shop.hator.gg\/pl\/wp-json\/wp\/v2\/types\/product"}],"wp:featuredmedia":[{"embeddable":true,"href":"https:\/\/shop.hator.gg\/pl\/wp-json\/wp\/v2\/media\/89420"}],"wp:attachment":[{"href":"https:\/\/shop.hator.gg\/pl\/wp-json\/wp\/v2\/media?parent=89419"}],"curies":[{"name":"wp","href":"https:\/\/api.w.org\/{rel}","templated":true}]}}