{"id":88282,"date":"2025-02-11T15:42:49","date_gmt":"2025-02-11T12:42:49","guid":{"rendered":"https:\/\/shop.hator.gg\/?post_type=product&#038;p=88282"},"modified":"2026-04-01T00:12:50","modified_gmt":"2026-03-31T21:12:50","slug":"hator-phoenix-2-wireless-black-esh40","status":"publish","type":"product","link":"https:\/\/shop.hator.gg\/pl\/headsets\/hator-phoenix-2-wireless-black-esh40\/","title":{"rendered":"HATOR Phoenix 2 Wireless Black (ESH40)"},"content":{"rendered":"","protected":false},"excerpt":{"rendered":"HATOR Phoenix 2 Wireless to innowacyjne rozwi\u0105zanie, kt\u00f3re \u0142\u0105czy funkcjonalno\u015b\u0107 topowego zestawu gamingowego ze stylem i doskona\u0142ym brzmieniem wysokiej klasy s\u0142uchawek lifestyle\u2019owych. Przetworniki z certyfikatem Hi-Res, hybrydowa redukcja ha\u0142asu w trybach bezprzewodowych, minimalne op\u00f3\u017anienie po\u0142\u0105czenia bezprzewodowego, Spatial Audio i Head Tracking \u2013 te oraz wiele innych cech sprawiaj\u0105, \u017ce Phoenix 2 Wireless to jeden z najbardziej zaawansowanych zestaw\u00f3w s\u0142uchawkowych na rynku.","protected":false},"featured_media":139803,"template":"","meta":[],"translation":{"provider":"WPGlobus","version":"2.5.11","language":"pl","enabled_languages":["en","ua","de","pl"],"languages":{"en":{"title":true,"content":false,"excerpt":true},"ua":{"title":false,"content":false,"excerpt":true},"de":{"title":false,"content":false,"excerpt":true},"pl":{"title":false,"content":false,"excerpt":true}}},"aioseo_notices":[],"_links":{"self":[{"href":"https:\/\/shop.hator.gg\/pl\/wp-json\/wp\/v2\/product\/88282"}],"collection":[{"href":"https:\/\/shop.hator.gg\/pl\/wp-json\/wp\/v2\/product"}],"about":[{"href":"https:\/\/shop.hator.gg\/pl\/wp-json\/wp\/v2\/types\/product"}],"wp:featuredmedia":[{"embeddable":true,"href":"https:\/\/shop.hator.gg\/pl\/wp-json\/wp\/v2\/media\/139803"}],"wp:attachment":[{"href":"https:\/\/shop.hator.gg\/pl\/wp-json\/wp\/v2\/media?parent=88282"}],"curies":[{"name":"wp","href":"https:\/\/api.w.org\/{rel}","templated":true}]}}