{"id":86714,"date":"2025-01-26T13:54:09","date_gmt":"2025-01-26T10:54:09","guid":{"rendered":"https:\/\/shop.hator.gg\/?post_type=product&#038;p=86714"},"modified":"2026-03-03T20:12:43","modified_gmt":"2026-03-03T17:12:43","slug":"hator-hyperpunk-truepods-hta430-black","status":"publish","type":"product","link":"https:\/\/shop.hator.gg\/pl\/tws\/hator-hyperpunk-truepods-hta430-black\/","title":{"rendered":"HATOR Hyperpunk Truepods (HTA430) Black"},"content":{"rendered":"","protected":false},"excerpt":{"rendered":"Technologiczne i kompaktowe s\u0142uchawki TWS Hyperpunk Truepods zapewni\u0105 wysokiej jako\u015bci d\u017awi\u0119k do wygodnej komunikacji, odtwarzania tre\u015bci audio i wideo, a tak\u017ce do gier mobilnych bez op\u00f3\u017anie\u0144 \u2013 dzi\u0119ki technologii Low Latency i najnowocze\u015bniejszemu protoko\u0142owi Bluetooth 5.3. A za wysok\u0105 jako\u015b\u0107 d\u017awi\u0119ku odpowiada 32-bitowy procesor DSP, kt\u00f3ry zosta\u0142 dostosowany w warunkach laboratorium akustycznego.","protected":false},"featured_media":31597,"template":"","meta":[],"translation":{"provider":"WPGlobus","version":"2.5.11","language":"pl","enabled_languages":["en","ua","de","pl"],"languages":{"en":{"title":true,"content":false,"excerpt":true},"ua":{"title":false,"content":false,"excerpt":true},"de":{"title":false,"content":false,"excerpt":true},"pl":{"title":false,"content":false,"excerpt":true}}},"aioseo_notices":[],"_links":{"self":[{"href":"https:\/\/shop.hator.gg\/pl\/wp-json\/wp\/v2\/product\/86714"}],"collection":[{"href":"https:\/\/shop.hator.gg\/pl\/wp-json\/wp\/v2\/product"}],"about":[{"href":"https:\/\/shop.hator.gg\/pl\/wp-json\/wp\/v2\/types\/product"}],"wp:featuredmedia":[{"embeddable":true,"href":"https:\/\/shop.hator.gg\/pl\/wp-json\/wp\/v2\/media\/31597"}],"wp:attachment":[{"href":"https:\/\/shop.hator.gg\/pl\/wp-json\/wp\/v2\/media?parent=86714"}],"curies":[{"name":"wp","href":"https:\/\/api.w.org\/{rel}","templated":true}]}}