{"id":86711,"date":"2025-01-26T13:49:24","date_gmt":"2025-01-26T10:49:24","guid":{"rendered":"https:\/\/shop.hator.gg\/?post_type=product&#038;p=86711"},"modified":"2026-03-03T20:12:43","modified_gmt":"2026-03-03T17:12:43","slug":"hator-hyperpunk-truedots-hd-hta411-black","status":"publish","type":"product","link":"https:\/\/shop.hator.gg\/pl\/tws\/hator-hyperpunk-truedots-hd-hta411-black\/","title":{"rendered":"HATOR Hyperpunk Truedots HD (HTA411) Black"},"content":{"rendered":"","protected":false},"excerpt":{"rendered":"HATOR Hyperpunk Truedots HD \u2013 unowocze\u015bniona wersja naszego podstawowego zestawu s\u0142uchawkowego TWS. Vikonana, z nowymi materia\u0142ami dostosowanymi do DOT, ma r\u0119czny wska\u017anik na\u0142adowania i jest wyposa\u017cona w wydajniejsze g\u0142o\u015bniki.","protected":false},"featured_media":40823,"template":"","meta":[],"translation":{"provider":"WPGlobus","version":"2.5.11","language":"pl","enabled_languages":["en","ua","de","pl"],"languages":{"en":{"title":true,"content":false,"excerpt":true},"ua":{"title":false,"content":false,"excerpt":true},"de":{"title":false,"content":false,"excerpt":true},"pl":{"title":false,"content":false,"excerpt":true}}},"aioseo_notices":[],"_links":{"self":[{"href":"https:\/\/shop.hator.gg\/pl\/wp-json\/wp\/v2\/product\/86711"}],"collection":[{"href":"https:\/\/shop.hator.gg\/pl\/wp-json\/wp\/v2\/product"}],"about":[{"href":"https:\/\/shop.hator.gg\/pl\/wp-json\/wp\/v2\/types\/product"}],"wp:featuredmedia":[{"embeddable":true,"href":"https:\/\/shop.hator.gg\/pl\/wp-json\/wp\/v2\/media\/40823"}],"wp:attachment":[{"href":"https:\/\/shop.hator.gg\/pl\/wp-json\/wp\/v2\/media?parent=86711"}],"curies":[{"name":"wp","href":"https:\/\/api.w.org\/{rel}","templated":true}]}}