{"id":83699,"date":"2024-12-26T15:35:36","date_gmt":"2024-12-26T12:35:36","guid":{"rendered":"https:\/\/shop.hator.gg\/?post_type=product&#038;p=83699"},"modified":"2026-03-03T20:12:43","modified_gmt":"2026-03-03T17:12:43","slug":"hator-rockfall-3-mecha-tkl-wireless-orange-black-htk850ua","status":"publish","type":"product","link":"https:\/\/shop.hator.gg\/pl\/keyboards\/hator-rockfall-3-mecha-tkl-wireless-orange-black-htk850ua\/","title":{"rendered":"HATOR Rockfall 3 Mecha TKL wireless orange Black (HTK850UA)"},"content":{"rendered":"","protected":false},"excerpt":{"rendered":"HATOR Rockfall 3 TKL Wireless to idealny wyb\u00f3r dla tych, kt\u00f3rzy szukaj\u0105 wysokiej wydajno\u015bci i wygody w kompaktowej obudowie. Dzi\u0119ki trzem opcjom po\u0142\u0105czenia, d\u0142ugiemu czasowi pracy na baterii oraz przemy\u015blanej architekturze wewn\u0119trznej, ta klawiatura b\u0119dzie niezawodnym towarzyszem w ka\u017cdej sytuacji.","protected":false},"featured_media":83700,"template":"","meta":[],"translation":{"provider":"WPGlobus","version":"2.5.11","language":"pl","enabled_languages":["en","ua","de","pl"],"languages":{"en":{"title":true,"content":false,"excerpt":true},"ua":{"title":false,"content":false,"excerpt":true},"de":{"title":false,"content":false,"excerpt":true},"pl":{"title":false,"content":false,"excerpt":true}}},"aioseo_notices":[],"_links":{"self":[{"href":"https:\/\/shop.hator.gg\/pl\/wp-json\/wp\/v2\/product\/83699"}],"collection":[{"href":"https:\/\/shop.hator.gg\/pl\/wp-json\/wp\/v2\/product"}],"about":[{"href":"https:\/\/shop.hator.gg\/pl\/wp-json\/wp\/v2\/types\/product"}],"wp:featuredmedia":[{"embeddable":true,"href":"https:\/\/shop.hator.gg\/pl\/wp-json\/wp\/v2\/media\/83700"}],"wp:attachment":[{"href":"https:\/\/shop.hator.gg\/pl\/wp-json\/wp\/v2\/media?parent=83699"}],"curies":[{"name":"wp","href":"https:\/\/api.w.org\/{rel}","templated":true}]}}