{"id":79845,"date":"2024-11-28T19:24:17","date_gmt":"2024-11-28T16:24:17","guid":{"rendered":"https:\/\/shop.hator.gg\/?post_type=product&#038;p=79845"},"modified":"2026-03-25T17:05:50","modified_gmt":"2026-03-25T14:05:50","slug":"hator-darkside-2-htc1200-black","status":"publish","type":"product","link":"https:\/\/shop.hator.gg\/pl\/chairs\/hator-darkside-2-htc1200-black\/","title":{"rendered":"HATOR Darkside 2 (HTC1200) Black"},"content":{"rendered":"","protected":false},"excerpt":{"rendered":"[show_any_info_btn hatordomen=\"https:\/\/hator.gg\" link=\"\/gaming-chairs\/darkside-2\/\" descua=\"Darkside 2 \u2013 \u0447\u0443\u0434\u043e\u0432\u0438\u0439 \u0432\u0438\u0431\u0456\u0440 \u0434\u043b\u044f \u0432\u0441\u0456\u0445, \u0445\u0442\u043e \u0446\u0456\u043d\u0443\u0454 \u043a\u043e\u043c\u0444\u043e\u0440\u0442, \u0441\u0442\u0438\u043b\u044c \u0456 \u0434\u043e\u0432\u0433\u043e\u0432\u0456\u0447\u043d\u0456\u0441\u0442\u044c. \u041b\u0430\u043a\u043e\u043d\u0456\u0447\u043d\u0438\u0439 \u0434\u0438\u0437\u0430\u0439\u043d \u0433\u0430\u0440\u043c\u043e\u043d\u0456\u0439\u043d\u043e \u0434\u043e\u043f\u043e\u0432\u043d\u0438\u0442\u044c \u0431\u0443\u0434\u044c-\u044f\u043a\u0438\u0439 \u0456\u043d\u0442\u0435\u0440\u2019\u0454\u0440, \u0430 \u043f\u0440\u043e\u0434\u0443\u043c\u0430\u043d\u0456 \u0435\u043b\u0435\u043c\u0435\u043d\u0442\u0438 \u043a\u043e\u043d\u0441\u0442\u0440\u0443\u043a\u0446\u0456\u0457 \u0437\u0430\u0431\u0435\u0437\u043f\u0435\u0447\u0443\u044e\u0442\u044c \u043c\u0430\u043a\u0441\u0438\u043c\u0430\u043b\u044c\u043d\u0443 \u0437\u0440\u0443\u0447\u043d\u0456\u0441\u0442\u044c \u0456 \u043d\u0430\u0434\u0456\u0439\u043d\u0456\u0441\u0442\u044c \u0435\u043a\u0441\u043f\u043b\u0443\u0430\u0442\u0430\u0446\u0456\u0457.\" descru=\"Darkside 2 \u2013 \u0447\u0443\u0434\u043e\u0432\u0438\u0439 \u0432\u0438\u0431\u0456\u0440 \u0434\u043b\u044f \u0432\u0441\u0456\u0445, \u0445\u0442\u043e \u0446\u0456\u043d\u0443\u0454 \u043a\u043e\u043c\u0444\u043e\u0440\u0442, \u0441\u0442\u0438\u043b\u044c \u0456 \u0434\u043e\u0432\u0433\u043e\u0432\u0456\u0447\u043d\u0456\u0441\u0442\u044c. \u041b\u0430\u043a\u043e\u043d\u0456\u0447\u043d\u0438\u0439 \u0434\u0438\u0437\u0430\u0439\u043d \u0433\u0430\u0440\u043c\u043e\u043d\u0456\u0439\u043d\u043e \u0434\u043e\u043f\u043e\u0432\u043d\u0438\u0442\u044c \u0431\u0443\u0434\u044c-\u044f\u043a\u0438\u0439 \u0456\u043d\u0442\u0435\u0440\u2019\u0454\u0440, \u0430 \u043f\u0440\u043e\u0434\u0443\u043c\u0430\u043d\u0456 \u0435\u043b\u0435\u043c\u0435\u043d\u0442\u0438 \u043a\u043e\u043d\u0441\u0442\u0440\u0443\u043a\u0446\u0456\u0457 \u0437\u0430\u0431\u0435\u0437\u043f\u0435\u0447\u0443\u044e\u0442\u044c \u043c\u0430\u043a\u0441\u0438\u043c\u0430\u043b\u044c\u043d\u0443 \u0437\u0440\u0443\u0447\u043d\u0456\u0441\u0442\u044c \u0456 \u043d\u0430\u0434\u0456\u0439\u043d\u0456\u0441\u0442\u044c \u0435\u043a\u0441\u043f\u043b\u0443\u0430\u0442\u0430\u0446\u0456\u0457.\" descen=\"Darkside 2 \u2013 an excellent choice for those who value comfort, style, and durability. Its minimalist design complements any interior, while the well-thought-out construction elements ensure maximum convenience and reliability.\" descde=\"Darkside 2 \u2013 eine ausgezeichnete Wahl f\u00fcr alle, die Komfort, Stil und Langlebigkeit sch\u00e4tzen. Das minimalistische Design f\u00fcgt sich harmonisch in jedes Interieur ein, w\u00e4hrend die durchdachten Konstruktionselemente maximale Bequemlichkeit und Zuverl\u00e4ssigkeit gew\u00e4hrleisten.\" descpl=\"Darkside 2 \u2013 doskona\u0142y wyb\u00f3r dla os\u00f3b, kt\u00f3re ceni\u0105 wygod\u0119, styl i trwa\u0142o\u015b\u0107. Minimalistyczny design idealnie uzupe\u0142nia ka\u017cde wn\u0119trze, a przemy\u015blane elementy konstrukcji zapewniaj\u0105 maksymalny komfort i niezawodno\u015b\u0107 u\u017cytkowania.\"]","protected":false},"featured_media":79848,"template":"","meta":[],"translation":{"provider":"WPGlobus","version":"2.5.11","language":"pl","enabled_languages":["en","ua","de","pl"],"languages":{"en":{"title":true,"content":false,"excerpt":true},"ua":{"title":false,"content":false,"excerpt":false},"de":{"title":false,"content":false,"excerpt":false},"pl":{"title":false,"content":false,"excerpt":false}}},"aioseo_notices":[],"_links":{"self":[{"href":"https:\/\/shop.hator.gg\/pl\/wp-json\/wp\/v2\/product\/79845"}],"collection":[{"href":"https:\/\/shop.hator.gg\/pl\/wp-json\/wp\/v2\/product"}],"about":[{"href":"https:\/\/shop.hator.gg\/pl\/wp-json\/wp\/v2\/types\/product"}],"wp:featuredmedia":[{"embeddable":true,"href":"https:\/\/shop.hator.gg\/pl\/wp-json\/wp\/v2\/media\/79848"}],"wp:attachment":[{"href":"https:\/\/shop.hator.gg\/pl\/wp-json\/wp\/v2\/media?parent=79845"}],"curies":[{"name":"wp","href":"https:\/\/api.w.org\/{rel}","templated":true}]}}