{"id":78357,"date":"2024-11-13T20:01:00","date_gmt":"2024-11-13T17:01:00","guid":{"rendered":"https:\/\/shop.hator.gg\/?post_type=product&#038;p=78357"},"modified":"2024-11-13T20:07:16","modified_gmt":"2024-11-13T17:07:16","slug":"glass-skates-for-hator-quasar-2-mice-acc-098-black-white","status":"publish","type":"product","link":"https:\/\/shop.hator.gg\/pl\/accessories\/glass-skates-for-hator-quasar-2-mice-acc-098-black-white\/","title":{"rendered":"Szklane podk\u0142adki do myszy HATOR Quasar 2 (ACC-098) Black\/White"},"content":{"rendered":"","protected":false},"excerpt":{"rendered":"[show_any_info_btn hatordomen=\"https:\/\/hator.gg\" link=\"\/accessories\/mice-accessories\/quasar-series-skates\/\" descua=\"\u041d\u0430\u0434\u0448\u0432\u0438\u0434\u043a\u0456 \u0433\u043b\u0430\u0439\u0434\u0438, \u0432\u0438\u0433\u043e\u0442\u043e\u0432\u043b\u0435\u043d\u0456 \u0437 \u043c\u0456\u0446\u043d\u043e\u0433\u043e \u0430\u043b\u044e\u043c\u043e\u0441\u0438\u043b\u0456\u043a\u0430\u0442\u043d\u043e\u0433\u043e \u0441\u043a\u043b\u0430, \u043d\u0430\u0434\u0430\u0434\u0443\u0442\u044c \u0432\u0430\u043c \u043f\u0435\u0440\u0435\u0432\u0430\u0433\u0443 \u043f\u0440\u0438 \u043f\u0440\u0438\u0446\u0456\u043b\u044e\u0432\u0430\u043d\u043d\u0456 \u0442\u0430 \u0432\u0456\u0434\u0441\u0442\u0435\u0436\u0443\u0432\u0430\u043d\u043d\u0456...\" descru=\"\u041d\u0430\u0434\u0448\u0432\u0438\u0434\u043a\u0456 \u0433\u043b\u0430\u0439\u0434\u0438, \u0432\u0438\u0433\u043e\u0442\u043e\u0432\u043b\u0435\u043d\u0456 \u0437 \u043c\u0456\u0446\u043d\u043e\u0433\u043e \u0430\u043b\u044e\u043c\u043e\u0441\u0438\u043b\u0456\u043a\u0430\u0442\u043d\u043e\u0433\u043e \u0441\u043a\u043b\u0430, \u043d\u0430\u0434\u0430\u0434\u0443\u0442\u044c \u0432\u0430\u043c \u043f\u0435\u0440\u0435\u0432\u0430\u0433\u0443 \u043f\u0440\u0438 \u043f\u0440\u0438\u0446\u0456\u043b\u044e\u0432\u0430\u043d\u043d\u0456 \u0442\u0430 \u0432\u0456\u0434\u0441\u0442\u0435\u0436\u0443\u0432\u0430\u043d\u043d\u0456...\" descen=\"Ultra-fast skates made of durable aluminosilicate glass will give you an advantage in aiming and tracking...\" descde=\"Ultraschnelle Schlittschuhe aus langlebigem Aluminosilikatglas verschaffen Ihnen einen Vorteil beim Zielen und Verfolgen...\" descpl=\"Ultraszybkie \u015blizgacze wykonane z wytrzyma\u0142ego szk\u0142a glinokrzemianowego dadz\u0105 Ci przewag\u0119 w celowaniu i \u015bledzeniu...\"]","protected":false},"featured_media":78359,"template":"","meta":[],"translation":{"provider":"WPGlobus","version":"2.5.11","language":"pl","enabled_languages":["en","ua","de","pl"],"languages":{"en":{"title":true,"content":false,"excerpt":true},"ua":{"title":true,"content":false,"excerpt":false},"de":{"title":true,"content":false,"excerpt":false},"pl":{"title":true,"content":false,"excerpt":false}}},"aioseo_notices":[],"_links":{"self":[{"href":"https:\/\/shop.hator.gg\/pl\/wp-json\/wp\/v2\/product\/78357"}],"collection":[{"href":"https:\/\/shop.hator.gg\/pl\/wp-json\/wp\/v2\/product"}],"about":[{"href":"https:\/\/shop.hator.gg\/pl\/wp-json\/wp\/v2\/types\/product"}],"wp:featuredmedia":[{"embeddable":true,"href":"https:\/\/shop.hator.gg\/pl\/wp-json\/wp\/v2\/media\/78359"}],"wp:attachment":[{"href":"https:\/\/shop.hator.gg\/pl\/wp-json\/wp\/v2\/media?parent=78357"}],"curies":[{"name":"wp","href":"https:\/\/api.w.org\/{rel}","templated":true}]}}