{"id":77164,"date":"2024-11-01T19:44:03","date_gmt":"2024-11-01T16:44:03","guid":{"rendered":"https:\/\/shop.hator.gg\/?post_type=product&#038;p=77164"},"modified":"2026-03-25T17:00:56","modified_gmt":"2026-03-25T14:00:56","slug":"hator-hypergang-2-hta-916-gold-edition","status":"publish","type":"product","link":"https:\/\/shop.hator.gg\/pl\/headsets\/hator-hypergang-2-hta-916-gold-edition\/","title":{"rendered":"HATOR Hypergang 2 (HTA-916) Gold Edition"},"content":{"rendered":"","protected":false},"excerpt":{"rendered":"Aktualizacja legendy! Zestaw s\u0142uchawkowy HATOR Hypergang 2 otrzyma\u0142 unowocze\u015bniony design, ulepszenia konstrukcyjne i d\u017awi\u0119kowe. Nowy wygl\u0105d Twojego ulubionego d\u017awi\u0119ku.","protected":false},"featured_media":77168,"template":"","meta":[],"translation":{"provider":"WPGlobus","version":"2.5.11","language":"pl","enabled_languages":["en","ua","de","pl"],"languages":{"en":{"title":true,"content":false,"excerpt":true},"ua":{"title":false,"content":false,"excerpt":true},"de":{"title":false,"content":false,"excerpt":true},"pl":{"title":false,"content":false,"excerpt":true}}},"aioseo_notices":[],"_links":{"self":[{"href":"https:\/\/shop.hator.gg\/pl\/wp-json\/wp\/v2\/product\/77164"}],"collection":[{"href":"https:\/\/shop.hator.gg\/pl\/wp-json\/wp\/v2\/product"}],"about":[{"href":"https:\/\/shop.hator.gg\/pl\/wp-json\/wp\/v2\/types\/product"}],"wp:featuredmedia":[{"embeddable":true,"href":"https:\/\/shop.hator.gg\/pl\/wp-json\/wp\/v2\/media\/77168"}],"wp:attachment":[{"href":"https:\/\/shop.hator.gg\/pl\/wp-json\/wp\/v2\/media?parent=77164"}],"curies":[{"name":"wp","href":"https:\/\/api.w.org\/{rel}","templated":true}]}}